{"id":27774,"date":"2022-11-29T17:47:58","date_gmt":"2022-11-29T17:47:58","guid":{"rendered":"http:\/\/www.sakababeauty.com\/?post_type=product&#038;p=27774"},"modified":"2022-11-29T17:47:59","modified_gmt":"2022-11-29T17:47:59","slug":"serum-discovery-set","status":"publish","type":"product","link":"https:\/\/sakaba.mghosteur.com\/en\/product\/serum-discovery-set\/","title":{"rendered":"SERUM DISCOVERY SET"},"content":{"rendered":"","protected":false},"excerpt":{"rendered":"","protected":false},"featured_media":0,"comment_status":"closed","ping_status":"closed","template":"","meta":[],"product_brand":[],"product_cat":[377],"product_tag":[],"class_list":{"0":"post-27774","1":"product","2":"type-product","3":"status-publish","5":"product_cat-bath-body-works","7":"first","8":"instock","9":"shipping-taxable","10":"product-type-simple"},"jetpack-related-posts":[{"id":28243,"url":"https:\/\/sakaba.mghosteur.com\/en\/product\/bath-discovery-baby-gift-set\/","url_meta":{"origin":27774,"position":0},"title":"BATH DISCOVERY BABY GIFT SET","author":"admin","date":"November 30, 2022","format":false,"excerpt":"","rel":"","context":"Similar post","block_context":{"text":"Similar post","link":""},"img":{"alt_text":"","src":"","width":0,"height":0},"classes":[]},{"id":27226,"url":"https:\/\/sakaba.mghosteur.com\/en\/product\/the-ordinary-coffret-the-balance-set\/","url_meta":{"origin":27774,"position":1},"title":"THE ORDINARY COFFRET THE BALANCE SET","author":"admin","date":"November 29, 2022","format":false,"excerpt":"L'ensemble d'\u00e9quilibre de The Ordinary est un coffret de produits de soin de la peau con\u00e7u pour clarifier et \u00e9quilibrer votre peau. Il comprend quatre produits cl\u00e9s qui travaillent en tandem pour am\u00e9liorer l'apparence et la texture de votre peau. Le nettoyant d\u00e9maquillant hydratant au squalane est un nettoyant doux\u2026","rel":"","context":"Similar post","block_context":{"text":"Similar post","link":""},"img":{"alt_text":"","src":"","width":0,"height":0},"classes":[]},{"id":26607,"url":"https:\/\/sakaba.mghosteur.com\/en\/product\/fenty-skin-start-r-set\/","url_meta":{"origin":27774,"position":2},"title":"FENTY SKIN START&#8217;R SET","author":"admin","date":"November 28, 2022","format":false,"excerpt":"D\u00e9couvrez le coffret voyage FENTY SKIN START'R de FENTY, con\u00e7u pour une routine quotidienne de soins pour vos pores. Le coffret contient trois mini produits pour prendre soin de votre peau en voyage. Ce syst\u00e8me cliniquement prouv\u00e9 resserre les pores, illumine, hydrate, adoucit et am\u00e9liore votre peau \u00e0 chaque utilisation.\u2026","rel":"","context":"Similar post","block_context":{"text":"Similar post","link":""},"img":{"alt_text":"","src":"","width":0,"height":0},"classes":[]},{"id":31566,"url":"https:\/\/sakaba.mghosteur.com\/en\/product\/cosrx-master-pacth-set-90-patches-4\/","url_meta":{"origin":27774,"position":3},"title":"COSRX MASTER PATCH SET 90 PATCHES","author":"admin","date":"May 10, 2024","format":false,"excerpt":"D\u00e9couvrez ce produit r\u00e9volutionnaire pour une peau impeccable et \u00e9clatante. Con\u00e7u pour prot\u00e9ger votre peau des irritations ext\u00e9rieures et des contaminants, ce produit est votre alli\u00e9 ultime contre les imperfections. Gr\u00e2ce \u00e0 sa formule innovante, il aide \u00e0 r\u00e9duire visiblement les rougeurs tout en absorbant l'exc\u00e8s de s\u00e9bum et les\u2026","rel":"","context":"Similar post","block_context":{"text":"Similar post","link":""},"img":{"alt_text":"","src":"","width":0,"height":0},"classes":[]},{"id":26855,"url":"https:\/\/sakaba.mghosteur.com\/en\/product\/discoloration-repair-serum-with-tranexamic-acidba\/","url_meta":{"origin":27774,"position":4},"title":"DISCOLORATION REPAIR SERUM WITH TRANEXAMIC ACID+BA","author":"admin","date":"November 28, 2022","format":false,"excerpt":"Le S\u00e9rum R\u00e9parateur de D\u00e9coloration de la marque Paula's Choice est un produit de qualit\u00e9 pour votre routine de soin du visage. Avec son complexe tranexamique, bakuchiol et niacinamide, ce s\u00e9rum cible efficacement les taches brunes et grises tout en pr\u00e9venant la formation de nouvelles d\u00e9colorations. Il r\u00e9duit visiblement les\u2026","rel":"","context":"Similar post","block_context":{"text":"Similar post","link":""},"img":{"alt_text":"","src":"","width":0,"height":0},"classes":[]},{"id":23957,"url":"https:\/\/sakaba.mghosteur.com\/en\/product\/cerave-skin-renewing-retinol-serum\/","url_meta":{"origin":27774,"position":5},"title":"CERAVE SKIN RENEWING RETINOL SERUM","author":"admin","date":"November 9, 2022","format":false,"excerpt":"Le s\u00e9rum r\u00e9g\u00e9n\u00e9rant au r\u00e9tinol pour la peau douce de CeraVe est un excellent choix pour votre routine de soins anti-\u00e2ge. Ce s\u00e9rum est sp\u00e9cialement formul\u00e9 pour am\u00e9liorer l'apparence des ridules et des rides, de la texture et de l'\u00e9clat de votre peau. En utilisant ce s\u00e9rum, vous pourrez b\u00e9n\u00e9ficier\u2026","rel":"","context":"Similar post","block_context":{"text":"Similar post","link":""},"img":{"alt_text":"","src":"","width":0,"height":0},"classes":[]}],"_links":{"self":[{"href":"https:\/\/sakaba.mghosteur.com\/en\/wp-json\/wp\/v2\/product\/27774","targetHints":{"allow":["GET"]}}],"collection":[{"href":"https:\/\/sakaba.mghosteur.com\/en\/wp-json\/wp\/v2\/product"}],"about":[{"href":"https:\/\/sakaba.mghosteur.com\/en\/wp-json\/wp\/v2\/types\/product"}],"replies":[{"embeddable":true,"href":"https:\/\/sakaba.mghosteur.com\/en\/wp-json\/wp\/v2\/comments?post=27774"}],"version-history":[{"count":0,"href":"https:\/\/sakaba.mghosteur.com\/en\/wp-json\/wp\/v2\/product\/27774\/revisions"}],"wp:attachment":[{"href":"https:\/\/sakaba.mghosteur.com\/en\/wp-json\/wp\/v2\/media?parent=27774"}],"wp:term":[{"taxonomy":"product_brand","embeddable":true,"href":"https:\/\/sakaba.mghosteur.com\/en\/wp-json\/wp\/v2\/product_brand?post=27774"},{"taxonomy":"product_cat","embeddable":true,"href":"https:\/\/sakaba.mghosteur.com\/en\/wp-json\/wp\/v2\/product_cat?post=27774"},{"taxonomy":"product_tag","embeddable":true,"href":"https:\/\/sakaba.mghosteur.com\/en\/wp-json\/wp\/v2\/product_tag?post=27774"}],"curies":[{"name":"wp","href":"https:\/\/api.w.org\/{rel}","templated":true}]}}