{"id":27777,"date":"2022-11-29T17:49:04","date_gmt":"2022-11-29T17:49:04","guid":{"rendered":"http:\/\/www.sakababeauty.com\/?post_type=product&#038;p=27777"},"modified":"2024-08-07T00:41:08","modified_gmt":"2024-08-07T00:41:08","slug":"bha-pha-6-serum-pores","status":"publish","type":"product","link":"https:\/\/sakaba.mghosteur.com\/en\/product\/bha-pha-6-serum-pores\/","title":{"rendered":"BHA PHA 6% SERUM PORES"},"content":{"rendered":"<p>Un s\u00e9rum visage con\u00e7u pour les personnes ayant des probl\u00e8mes de pores dilat\u00e9s, visibles et obstru\u00e9s. Compos\u00e9 \u00e0 96 % d&#8217;ingr\u00e9dients naturels, dont 6 % d&#8217;acide salicylique naturel (BHA) et d&#8217;acide polyhydroxy (PHA), ce s\u00e9rum commence \u00e0 matifier et \u00e0 lisser votre peau d\u00e8s la premi\u00e8re utilisation et continue de l&#8217;am\u00e9liorer avec une utilisation r\u00e9guli\u00e8re.<\/p>","protected":false},"excerpt":{"rendered":"<p>Un s\u00e9rum visage con\u00e7u pour les personnes ayant des probl\u00e8mes de pores dilat\u00e9s, visibles et obstru\u00e9s. Compos\u00e9 \u00e0 96 % d&#8217;ingr\u00e9dients naturels, dont 6 % d&#8217;acide salicylique naturel (BHA) et d&#8217;acide polyhydroxy (PHA), ce s\u00e9rum commence \u00e0 matifier et \u00e0 lisser votre peau d\u00e8s la premi\u00e8re utilisation et continue de l&#8217;am\u00e9liorer avec une utilisation r\u00e9guli\u00e8re.<\/p>","protected":false},"featured_media":0,"comment_status":"closed","ping_status":"closed","template":"","meta":[],"product_brand":[],"product_cat":[293,451,334],"product_tag":[],"class_list":{"0":"post-27777","1":"product","2":"type-product","3":"status-publish","5":"product_cat-anti-taches","6":"product_cat-aab-soin-du-visage","7":"product_cat-traitement-serum","9":"first","10":"instock","11":"shipping-taxable","12":"product-type-simple"},"jetpack-related-posts":[{"id":26382,"url":"https:\/\/sakaba.mghosteur.com\/en\/product\/miracle-serum-30-days-aha-bha-pha\/","url_meta":{"origin":27777,"position":0},"title":"MIRACLE SERUM 30 DAYS AHA BHA PHA","author":"admin","date":"November 25, 2022","format":false,"excerpt":"","rel":"","context":"Similar post","block_context":{"text":"Similar post","link":""},"img":{"alt_text":"","src":"","width":0,"height":0},"classes":[]},{"id":26419,"url":"https:\/\/sakaba.mghosteur.com\/en\/product\/miracle-serum-30-days-aha-bha-pha-2\/","url_meta":{"origin":27777,"position":1},"title":"MIRACLE SERUM 30 DAYS AHA BHA PHA","author":"admin","date":"November 25, 2022","format":false,"excerpt":"","rel":"","context":"Similar post","block_context":{"text":"Similar post","link":""},"img":{"alt_text":"","src":"","width":0,"height":0},"classes":[]},{"id":31639,"url":"https:\/\/sakaba.mghosteur.com\/en\/product\/the-inkey-list-vitamin-c-face-serum\/","url_meta":{"origin":27777,"position":2},"title":"THE INKEY LIST VITAMIN C FACE SERUM","author":"admin","date":"May 10, 2024","format":false,"excerpt":"S\u00e9rum \u00e0 la vitamine C La vitamine C, puissant antioxydant multifonctionnel et ingr\u00e9dient \u00e9claircissant pour la peau, est \u00e0 l'honneur dans ce s\u00e9rum. Aidant \u00e0 combattre l\u2019apparence de l\u2019hyperpigmentation, du teint terne et des ridules, ce s\u00e9rum est un alli\u00e9 pr\u00e9cieux dans votre routine de soins. Formul\u00e9 avec 30 %\u2026","rel":"","context":"Similar post","block_context":{"text":"Similar post","link":""},"img":{"alt_text":"","src":"","width":0,"height":0},"classes":[]},{"id":27417,"url":"https:\/\/sakaba.mghosteur.com\/en\/product\/the-inkey-list-beta-hydroxy-acid\/","url_meta":{"origin":27777,"position":3},"title":"THE INKEY LIST BETA HYDROXY ACID","author":"admin","date":"November 29, 2022","format":false,"excerpt":"Ce s\u00e9rum d'acide b\u00eata-hydroxyl\u00e9 (BHA) de la marque The Inkey List est un must-have pour tous ceux qui cherchent \u00e0 am\u00e9liorer leur routine de soin de la peau. Avec une concentration de 2 % d'acide salicylique, il est capable de p\u00e9n\u00e9trer profond\u00e9ment dans les pores de votre peau, aidant \u00e0\u2026","rel":"","context":"Similar post","block_context":{"text":"Similar post","link":""},"img":{"alt_text":"","src":"","width":0,"height":0},"classes":[]},{"id":34860,"url":"https:\/\/sakaba.mghosteur.com\/en\/product\/glow-recipe-hey-you-youre-glowing-coffret\/","url_meta":{"origin":27777,"position":4},"title":"GLOW RECIPE HEY YOU, YOU\u2019RE GLOWING COFFRET","author":"admin","date":"June 3, 2024","format":false,"excerpt":"Un duo best-seller en format standard contenant de la niacinamide et de l'acide hyaluronique pour resserrer visiblement les pores et \u00e9claircir la peau pour un aspect hydrat\u00e9 et \u00e9clatant. Ce duo devenu viral comprend le tonique Watermelon Glow PHA + BHA Pore-Tight, qui lisse et hydrate pour une peau visiblement\u2026","rel":"","context":"Similar post","block_context":{"text":"Similar post","link":""},"img":{"alt_text":"","src":"","width":0,"height":0},"classes":[]},{"id":26871,"url":"https:\/\/sakaba.mghosteur.com\/en\/product\/skin-perfecting-bha-9-salicylic-acid\/","url_meta":{"origin":27777,"position":5},"title":"BHA 9 Treatment","author":"admin","date":"November 28, 2022","format":false,"excerpt":"Cet exfoliant BHA concentr\u00e9 et unique sans rin\u00e7age \u00e0 l'acide salicylique fait des merveilles pour am\u00e9liorer l'apparence des probl\u00e8mes de peau tenaces tels que les pores dilat\u00e9s ou obstru\u00e9s, les bosses et les plaques de peau rugueuse et s\u00e8che. Il convient m\u00eame aux peaux sujettes aux miliums. Offre une lib\u00e9ration\u2026","rel":"","context":"Similar post","block_context":{"text":"Similar post","link":""},"img":{"alt_text":"","src":"","width":0,"height":0},"classes":[]}],"_links":{"self":[{"href":"https:\/\/sakaba.mghosteur.com\/en\/wp-json\/wp\/v2\/product\/27777","targetHints":{"allow":["GET"]}}],"collection":[{"href":"https:\/\/sakaba.mghosteur.com\/en\/wp-json\/wp\/v2\/product"}],"about":[{"href":"https:\/\/sakaba.mghosteur.com\/en\/wp-json\/wp\/v2\/types\/product"}],"replies":[{"embeddable":true,"href":"https:\/\/sakaba.mghosteur.com\/en\/wp-json\/wp\/v2\/comments?post=27777"}],"version-history":[{"count":0,"href":"https:\/\/sakaba.mghosteur.com\/en\/wp-json\/wp\/v2\/product\/27777\/revisions"}],"wp:attachment":[{"href":"https:\/\/sakaba.mghosteur.com\/en\/wp-json\/wp\/v2\/media?parent=27777"}],"wp:term":[{"taxonomy":"product_brand","embeddable":true,"href":"https:\/\/sakaba.mghosteur.com\/en\/wp-json\/wp\/v2\/product_brand?post=27777"},{"taxonomy":"product_cat","embeddable":true,"href":"https:\/\/sakaba.mghosteur.com\/en\/wp-json\/wp\/v2\/product_cat?post=27777"},{"taxonomy":"product_tag","embeddable":true,"href":"https:\/\/sakaba.mghosteur.com\/en\/wp-json\/wp\/v2\/product_tag?post=27777"}],"curies":[{"name":"wp","href":"https:\/\/api.w.org\/{rel}","templated":true}]}}