{"id":27781,"date":"2022-11-29T17:49:54","date_gmt":"2022-11-29T17:49:54","guid":{"rendered":"http:\/\/www.sakababeauty.com\/?post_type=product&#038;p=27781"},"modified":"2024-08-07T03:02:06","modified_gmt":"2024-08-07T03:02:06","slug":"ce-vitamines-cesuper-serum-eclat","status":"publish","type":"product","link":"https:\/\/sakaba.mghosteur.com\/en\/product\/ce-vitamines-cesuper-serum-eclat\/","title":{"rendered":"C+E VITAMINES C+ESUPER SERUM ECLAT"},"content":{"rendered":"<p>Un s\u00e9rum combinant des formes naturelles de vitamines C et E et des peptides d\u00e9riv\u00e9s d&#8217;algues marines pour augmenter visiblement l&#8217;\u00e9clat tout en am\u00e9liorant et en unifiant l&#8217;apparence du teint.<\/p>","protected":false},"excerpt":{"rendered":"<p>Un s\u00e9rum combinant des formes naturelles de vitamines C et E et des peptides d\u00e9riv\u00e9s d&#8217;algues marines pour augmenter visiblement l&#8217;\u00e9clat tout en am\u00e9liorant et en unifiant l&#8217;apparence du teint.<\/p>","protected":false},"featured_media":0,"comment_status":"closed","ping_status":"closed","template":"","meta":[],"product_brand":[],"product_cat":[293,291,451,334],"product_tag":[],"class_list":{"0":"post-27781","1":"product","2":"type-product","3":"status-publish","5":"product_cat-anti-taches","6":"product_cat-eclaircissant","7":"product_cat-aab-soin-du-visage","8":"product_cat-traitement-serum","10":"first","11":"instock","12":"shipping-taxable","13":"product-type-simple"},"jetpack-related-posts":[{"id":56192,"url":"https:\/\/sakaba.mghosteur.com\/en\/product\/glow-filter-vitamin-illuminating-serum\/","url_meta":{"origin":27781,"position":0},"title":"Glow Filter Vitamin Illuminating Serum","author":"Sope DIA","date":"January 2, 2026","format":false,"excerpt":"\u00c9CLAT NATUREL \u00c0 LA VITAMINE C : VITAQUEEN Acerola 40 % procure une infusion rafra\u00eechissante, tonifie la peau, lui redonne de l'\u00e9clat et la rend plus saine pour une peau radieuse et \u00e9clatante \u2013 bonjour l'\u00e9clat ! TRIPLE SOIN BEAUT\u00c9 : La niacinamide 4 % + l'arbutine 2 % agissent\u2026","rel":"","context":"Similar post","block_context":{"text":"Similar post","link":""},"img":{"alt_text":"","src":"","width":0,"height":0},"classes":[]},{"id":56129,"url":"https:\/\/sakaba.mghosteur.com\/en\/product\/advanced-clinicals-vitamin-c-brightening-serum\/","url_meta":{"origin":27781,"position":1},"title":"Advanced Clinicals Vitamin C Brightening Serum","author":"Sope DIA","date":"January 2, 2026","format":false,"excerpt":"S\u00c9RUM VISAGE \u00c0 LA VITAMINE C POUR UN TEINT \u00c9CLATANT \u2013 Ce s\u00e9rum \u00e0 la vitamine C contribue \u00e0 raviver l'\u00e9clat des peaux ternes et fatigu\u00e9es, pour un teint visiblement plus lumineux et \u00e9clatant. Formul\u00e9 par des chimistes cosm\u00e9tiques, il convient aux femmes et aux hommes souhaitant unifier leur teint\u2026","rel":"","context":"Similar post","block_context":{"text":"Similar post","link":""},"img":{"alt_text":"","src":"","width":0,"height":0},"classes":[]},{"id":31357,"url":"https:\/\/sakaba.mghosteur.com\/en\/product\/25-vitamine-c-glutathione-clinical-serum\/","url_meta":{"origin":27781,"position":2},"title":"25% VITAMINE C + GLUTATHIONE CLINICAL SERUM","author":"admin","date":"May 10, 2024","format":false,"excerpt":"D\u00e9couvrez le S\u00e9rum Expert 25 % Vitamine C + Glutathion, un alli\u00e9 pr\u00e9cieux pour votre routine de soin de la peau. Ciblant les dommages caus\u00e9s par le soleil et favorisant l'unification du teint, ce s\u00e9rum r\u00e9v\u00e8le l'\u00e9clat naturel de votre peau, lui donnant une apparence radieuse et lumineuse. Sa formule\u2026","rel":"","context":"Similar post","block_context":{"text":"Similar post","link":""},"img":{"alt_text":"","src":"","width":0,"height":0},"classes":[]},{"id":30367,"url":"https:\/\/sakaba.mghosteur.com\/en\/product\/neutrogena-rapid-tone-repair-200-vitamin-c-serum\/","url_meta":{"origin":27781,"position":3},"title":"Neutrogena Rapid Tone Repair Brightening 20% Vitamin C Serum Capsules","author":"admin","date":"May 9, 2023","format":false,"excerpt":"Obtenez une peau plus jeune et plus \u00e9clatante en une semaine avec les capsules de s\u00e9rum \u00e0 la vitamine C Rapid Tone Repair de Neutrogena. Chaque capsule biod\u00e9gradable contient 20 % de vitamine C pure pour r\u00e9duire visiblement les taches brunes et les signes du vieillissement cutan\u00e9. Ce s\u00e9rum lissant\u2026","rel":"","context":"Similar post","block_context":{"text":"Similar post","link":""},"img":{"alt_text":"","src":"","width":0,"height":0},"classes":[]},{"id":29210,"url":"https:\/\/sakaba.mghosteur.com\/en\/product\/the-inkey-15-vitamine-c-serum-egf\/","url_meta":{"origin":27781,"position":4},"title":"THE INKEY 15% VITAMINE C + S\u00c9RUM EGF","author":"admin","date":"March 21, 2023","format":false,"excerpt":"Le s\u00e9rum 15% vitamine C + EGF est id\u00e9al pour tous ceux qui souhaitent une peau \u00e9clatante et jeune. La formule l\u00e9g\u00e8re de ce s\u00e9rum contient des ingr\u00e9dients puissants tels que la vitamine C et l'EGF, qui aident \u00e0 prot\u00e9ger votre peau contre les radicaux libres et \u00e0 stimuler la\u2026","rel":"","context":"Similar post","block_context":{"text":"Similar post","link":""},"img":{"alt_text":"","src":"","width":0,"height":0},"classes":[]},{"id":26418,"url":"https:\/\/sakaba.mghosteur.com\/en\/product\/cosrx-the-vitamin-c-23-serum\/","url_meta":{"origin":27781,"position":5},"title":"COSRX THE VITAMIN C 23 SERUM","author":"admin","date":"November 25, 2022","format":false,"excerpt":"Le S\u00e9rum Niacinamide 15 est un soin puissant contre l'acn\u00e9, avec une concentration \u00e9lev\u00e9e de 15% de niacinamide. Ce s\u00e9rum est con\u00e7u pour fournir un contr\u00f4le total de l'acn\u00e9 en utilisant des ingr\u00e9dients synergiques. Il est \u00e9galement test\u00e9 non com\u00e9dog\u00e8ne, ce qui signifie qu'il n'obstrue pas les pores. Utilisez ce\u2026","rel":"","context":"Similar post","block_context":{"text":"Similar post","link":""},"img":{"alt_text":"","src":"","width":0,"height":0},"classes":[]}],"_links":{"self":[{"href":"https:\/\/sakaba.mghosteur.com\/en\/wp-json\/wp\/v2\/product\/27781","targetHints":{"allow":["GET"]}}],"collection":[{"href":"https:\/\/sakaba.mghosteur.com\/en\/wp-json\/wp\/v2\/product"}],"about":[{"href":"https:\/\/sakaba.mghosteur.com\/en\/wp-json\/wp\/v2\/types\/product"}],"replies":[{"embeddable":true,"href":"https:\/\/sakaba.mghosteur.com\/en\/wp-json\/wp\/v2\/comments?post=27781"}],"version-history":[{"count":0,"href":"https:\/\/sakaba.mghosteur.com\/en\/wp-json\/wp\/v2\/product\/27781\/revisions"}],"wp:attachment":[{"href":"https:\/\/sakaba.mghosteur.com\/en\/wp-json\/wp\/v2\/media?parent=27781"}],"wp:term":[{"taxonomy":"product_brand","embeddable":true,"href":"https:\/\/sakaba.mghosteur.com\/en\/wp-json\/wp\/v2\/product_brand?post=27781"},{"taxonomy":"product_cat","embeddable":true,"href":"https:\/\/sakaba.mghosteur.com\/en\/wp-json\/wp\/v2\/product_cat?post=27781"},{"taxonomy":"product_tag","embeddable":true,"href":"https:\/\/sakaba.mghosteur.com\/en\/wp-json\/wp\/v2\/product_tag?post=27781"}],"curies":[{"name":"wp","href":"https:\/\/api.w.org\/{rel}","templated":true}]}}