{"id":27793,"date":"2022-11-29T18:33:46","date_gmt":"2022-11-29T18:33:46","guid":{"rendered":"http:\/\/www.sakababeauty.com\/?post_type=product&#038;p=27793"},"modified":"2022-11-29T18:33:46","modified_gmt":"2022-11-29T18:33:46","slug":"rondelles-pour-le-controle-des-boutons","status":"publish","type":"product","link":"https:\/\/sakaba.mghosteur.com\/en\/product\/rondelles-pour-le-controle-des-boutons\/","title":{"rendered":"RONDELLES POUR LE CONTROLE DES BOUTONS"},"content":{"rendered":"","protected":false},"excerpt":{"rendered":"","protected":false},"featured_media":0,"comment_status":"closed","ping_status":"closed","template":"","meta":[],"product_brand":[],"product_cat":[377],"product_tag":[],"class_list":{"0":"post-27793","1":"product","2":"type-product","3":"status-publish","5":"product_cat-bath-body-works","7":"first","8":"instock","9":"shipping-taxable","10":"product-type-simple"},"jetpack-related-posts":[{"id":26904,"url":"https:\/\/sakaba.mghosteur.com\/en\/product\/cosrx-acne-pimple-master-patch\/","url_meta":{"origin":27793,"position":0},"title":"COSRX ACNE PIMPLE MASTER PATCH","author":"admin","date":"November 28, 2022","format":false,"excerpt":"Le Patch Ma\u00eetre des Boutons d'Acn\u00e9 de la marque COSRX est un produit efficace pour traiter les boutons d'acn\u00e9. Chaque pack contient 24 patchs de diff\u00e9rentes tailles, avec 9 gros points, 5 points moyens et 10 petits points. Ces patchs sont con\u00e7us pour gu\u00e9rir rapidement l'acn\u00e9 du jour au lendemain.\u2026","rel":"","context":"Similar post","block_context":{"text":"Similar post","link":""},"img":{"alt_text":"","src":"","width":0,"height":0},"classes":[]},{"id":24566,"url":"https:\/\/sakaba.mghosteur.com\/en\/product\/clean-clear-advantage-acne-spot-treatment\/","url_meta":{"origin":27793,"position":1},"title":"CLEAN &amp; CLEAR ADVANTAGE ACNE SPOT TREATMENT","author":"admin","date":"November 10, 2022","format":false,"excerpt":"Le traitement localis\u00e9 contre l'acn\u00e9 CLEAN and CLEAR ADVANTAGE agit rapidement pour r\u00e9duire les signes visibles de l'acn\u00e9. La taille des boutons, leur gonflement et leurs rougeurs sont r\u00e9duits. Ce traitement cutan\u00e9 est id\u00e9al pour les peaux normales, grasses et mixtes. Il a \u00e9t\u00e9 cliniquement prouv\u00e9 qu'il permet d'obtenir une\u2026","rel":"","context":"Similar post","block_context":{"text":"Similar post","link":""},"img":{"alt_text":"","src":"","width":0,"height":0},"classes":[]},{"id":27867,"url":"https:\/\/sakaba.mghosteur.com\/en\/product\/clarins-double-serum-complete-age-control-control-concentrate-1-oz\/","url_meta":{"origin":27793,"position":2},"title":"Clarins Double Serum Complete Age Control Control Concentrate 1 OZ","author":"admin","date":"November 29, 2022","format":false,"excerpt":"","rel":"","context":"Similar post","block_context":{"text":"Similar post","link":""},"img":{"alt_text":"","src":"","width":0,"height":0},"classes":[]},{"id":27757,"url":"https:\/\/sakaba.mghosteur.com\/en\/product\/acne-control-oil-pore-control-mattifier-broad-spf-45\/","url_meta":{"origin":27793,"position":3},"title":"ACNE CONTROL OIL &amp; PORE CONTROL MATTIFIER BROAD SPF 45","author":"admin","date":"November 29, 2022","format":false,"excerpt":"","rel":"","context":"Similar post","block_context":{"text":"Similar post","link":""},"img":{"alt_text":"","src":"","width":0,"height":0},"classes":[]},{"id":24023,"url":"https:\/\/sakaba.mghosteur.com\/en\/product\/neutrogena-stubborn-acne-am\/","url_meta":{"origin":27793,"position":4},"title":"NEUTROGENA STUBBORN ACNE AM","author":"admin","date":"November 9, 2022","format":false,"excerpt":"Produit : Traitement de l'acn\u00e9 tenace le matin de la marque NEUTROGENA Description : Ce traitement anti-acn\u00e9 est con\u00e7u pour r\u00e9duire les boutons et les rougeurs en quelques heures seulement. Il est aliment\u00e9 par du peroxyde de benzoyle micronis\u00e9 \u00e0 2,5 %, recommand\u00e9 par les dermatologues pour p\u00e9n\u00e9trer efficacement dans\u2026","rel":"","context":"Similar post","block_context":{"text":"Similar post","link":""},"img":{"alt_text":"","src":"","width":0,"height":0},"classes":[]},{"id":27725,"url":"https:\/\/sakaba.mghosteur.com\/en\/product\/murad-acne-control-clarifying-cleanser\/","url_meta":{"origin":27793,"position":5},"title":"MURAD ACNE CONTROL CLARIFYING CLEANSER","author":"admin","date":"November 29, 2022","format":false,"excerpt":"","rel":"","context":"Similar post","block_context":{"text":"Similar post","link":""},"img":{"alt_text":"","src":"","width":0,"height":0},"classes":[]}],"_links":{"self":[{"href":"https:\/\/sakaba.mghosteur.com\/en\/wp-json\/wp\/v2\/product\/27793","targetHints":{"allow":["GET"]}}],"collection":[{"href":"https:\/\/sakaba.mghosteur.com\/en\/wp-json\/wp\/v2\/product"}],"about":[{"href":"https:\/\/sakaba.mghosteur.com\/en\/wp-json\/wp\/v2\/types\/product"}],"replies":[{"embeddable":true,"href":"https:\/\/sakaba.mghosteur.com\/en\/wp-json\/wp\/v2\/comments?post=27793"}],"version-history":[{"count":0,"href":"https:\/\/sakaba.mghosteur.com\/en\/wp-json\/wp\/v2\/product\/27793\/revisions"}],"wp:attachment":[{"href":"https:\/\/sakaba.mghosteur.com\/en\/wp-json\/wp\/v2\/media?parent=27793"}],"wp:term":[{"taxonomy":"product_brand","embeddable":true,"href":"https:\/\/sakaba.mghosteur.com\/en\/wp-json\/wp\/v2\/product_brand?post=27793"},{"taxonomy":"product_cat","embeddable":true,"href":"https:\/\/sakaba.mghosteur.com\/en\/wp-json\/wp\/v2\/product_cat?post=27793"},{"taxonomy":"product_tag","embeddable":true,"href":"https:\/\/sakaba.mghosteur.com\/en\/wp-json\/wp\/v2\/product_tag?post=27793"}],"curies":[{"name":"wp","href":"https:\/\/api.w.org\/{rel}","templated":true}]}}