{"id":27796,"date":"2022-11-29T18:35:00","date_gmt":"2022-11-29T18:35:00","guid":{"rendered":"http:\/\/www.sakababeauty.com\/?post_type=product&#038;p=27796"},"modified":"2024-06-06T23:13:50","modified_gmt":"2024-06-06T23:13:50","slug":"anti-redness-serum-antioxidant-booster","status":"publish","type":"product","link":"https:\/\/sakaba.mghosteur.com\/en\/product\/anti-redness-serum-antioxidant-booster\/","title":{"rendered":"ANTI REDNESS SERUM ANTIOXIDANT BOOSTER"},"content":{"rendered":"","protected":false},"excerpt":{"rendered":"","protected":false},"featured_media":0,"comment_status":"closed","ping_status":"closed","template":"","meta":[],"product_brand":[],"product_cat":[451,334],"product_tag":[],"class_list":{"0":"post-27796","1":"product","2":"type-product","3":"status-publish","5":"product_cat-aab-soin-du-visage","6":"product_cat-traitement-serum","8":"first","9":"instock","10":"shipping-taxable","11":"product-type-simple"},"jetpack-related-posts":[{"id":26372,"url":"https:\/\/sakaba.mghosteur.com\/en\/product\/paula-choice-super-antioxidant-concentrate-serum\/","url_meta":{"origin":27796,"position":0},"title":"PAULA CHOICE SUPER ANTIOXIDANT CONCENTRATE SERUM","author":"admin","date":"November 25, 2022","format":false,"excerpt":"Le Skin Balancing Super Antioxidant Concentrate Serum de PAULA'S CHOICE est un s\u00e9rum protecteur et anti-inflammatoire qui convient particuli\u00e8rement aux peaux grasses. Il contient du r\u00e9tinol dos\u00e9 tr\u00e8s faiblement \u00e0 0,03%, ce qui le rend adapt\u00e9 aux d\u00e9butants. Avec sa texture fluide et silicon\u00e9e, il assure un teint d'apparence fine,\u2026","rel":"","context":"Similar post","block_context":{"text":"Similar post","link":""},"img":{"alt_text":"","src":"","width":0,"height":0},"classes":[]},{"id":34423,"url":"https:\/\/sakaba.mghosteur.com\/en\/product\/peach-slices-redness-relief-azelaic-acid-serum\/","url_meta":{"origin":27796,"position":1},"title":"PEACH SLICES REDNESS RELIEF AZELAIC ACID SERUM","author":"admin","date":"May 28, 2024","format":false,"excerpt":"","rel":"","context":"Similar post","block_context":{"text":"Similar post","link":""},"img":{"alt_text":"","src":"","width":0,"height":0},"classes":[]},{"id":27647,"url":"https:\/\/sakaba.mghosteur.com\/en\/product\/refresh-skin-therapy-vitamine-c-serum-antioxidant\/","url_meta":{"origin":27796,"position":2},"title":"Refresh Skin Therapy Vitamine C Serum Antioxidant","author":"admin","date":"November 29, 2022","format":false,"excerpt":"","rel":"","context":"Similar post","block_context":{"text":"Similar post","link":""},"img":{"alt_text":"","src":"","width":0,"height":0},"classes":[]},{"id":31584,"url":"https:\/\/sakaba.mghosteur.com\/en\/product\/cosrx-the-6-peptide-skin-booster\/","url_meta":{"origin":27796,"position":3},"title":"COSRX THE 6 PEPTIDE SKIN BOOSTER","author":"admin","date":"May 10, 2024","format":false,"excerpt":"Le S\u00e9rum Booster Cutan\u00e9 aux 6 Peptides Formul\u00e9 avec 6 peptides puissants, ce s\u00e9rum am\u00e9liore l'\u00e9tat global de la peau d\u00e8s la premi\u00e8re \u00e9tape de votre routine de soins. Format : 150 ml (5,07 fl.oz) AVANTAGES \u2022 Am\u00e9liore l'aspect g\u00e9n\u00e9ral de la peau, y compris les pores, le s\u00e9bum, la\u2026","rel":"","context":"Similar post","block_context":{"text":"Similar post","link":""},"img":{"alt_text":"","src":"","width":0,"height":0},"classes":[]},{"id":27607,"url":"https:\/\/sakaba.mghosteur.com\/en\/product\/isdin-flavo-c-ultraglican-serum-antioxidant-10-amp\/","url_meta":{"origin":27796,"position":4},"title":"ISDIN FLAVO C ULTRAGLICAN SERUM ANTIOXIDANT 10 AMP","author":"admin","date":"November 29, 2022","format":false,"excerpt":"","rel":"","context":"Similar post","block_context":{"text":"Similar post","link":""},"img":{"alt_text":"","src":"","width":0,"height":0},"classes":[]},{"id":33116,"url":"https:\/\/sakaba.mghosteur.com\/en\/product\/medix-5-5-20-aha-pha-renew-booster-serum-50ml\/","url_meta":{"origin":27796,"position":5},"title":"MEDIX 5.5 20% AHA PHA RENEW BOOSTER SERUM 50ML","author":"admin","date":"May 20, 2024","format":false,"excerpt":"Avec un PH de 5,5, le niveau de PH optimal pour une barri\u00e8re cutan\u00e9e saine, ce S\u00c9RUM booster est un m\u00e9lange resurfa\u00e7ant d'ALPHA HYDROXY ACIDES et de POLY HYDROXY ACIDES qui favorise l'\u00e9claircissement et le renouvellement des cellules de la peau.","rel":"","context":"Similar post","block_context":{"text":"Similar post","link":""},"img":{"alt_text":"","src":"","width":0,"height":0},"classes":[]}],"_links":{"self":[{"href":"https:\/\/sakaba.mghosteur.com\/en\/wp-json\/wp\/v2\/product\/27796","targetHints":{"allow":["GET"]}}],"collection":[{"href":"https:\/\/sakaba.mghosteur.com\/en\/wp-json\/wp\/v2\/product"}],"about":[{"href":"https:\/\/sakaba.mghosteur.com\/en\/wp-json\/wp\/v2\/types\/product"}],"replies":[{"embeddable":true,"href":"https:\/\/sakaba.mghosteur.com\/en\/wp-json\/wp\/v2\/comments?post=27796"}],"version-history":[{"count":0,"href":"https:\/\/sakaba.mghosteur.com\/en\/wp-json\/wp\/v2\/product\/27796\/revisions"}],"wp:attachment":[{"href":"https:\/\/sakaba.mghosteur.com\/en\/wp-json\/wp\/v2\/media?parent=27796"}],"wp:term":[{"taxonomy":"product_brand","embeddable":true,"href":"https:\/\/sakaba.mghosteur.com\/en\/wp-json\/wp\/v2\/product_brand?post=27796"},{"taxonomy":"product_cat","embeddable":true,"href":"https:\/\/sakaba.mghosteur.com\/en\/wp-json\/wp\/v2\/product_cat?post=27796"},{"taxonomy":"product_tag","embeddable":true,"href":"https:\/\/sakaba.mghosteur.com\/en\/wp-json\/wp\/v2\/product_tag?post=27796"}],"curies":[{"name":"wp","href":"https:\/\/api.w.org\/{rel}","templated":true}]}}