{"id":27814,"date":"2022-11-29T18:44:33","date_gmt":"2022-11-29T18:44:33","guid":{"rendered":"http:\/\/www.sakababeauty.com\/?post_type=product&#038;p=27814"},"modified":"2022-11-29T18:44:33","modified_gmt":"2022-11-29T18:44:33","slug":"oat-and-hemp-multi-fix-salve","status":"publish","type":"product","link":"https:\/\/sakaba.mghosteur.com\/en\/product\/oat-and-hemp-multi-fix-salve\/","title":{"rendered":"OAT AND HEMP MULTI FIX SALVE"},"content":{"rendered":"","protected":false},"excerpt":{"rendered":"","protected":false},"featured_media":0,"comment_status":"closed","ping_status":"closed","template":"","meta":[],"product_brand":[],"product_cat":[355],"product_tag":[],"class_list":{"0":"post-27814","1":"product","2":"type-product","3":"status-publish","5":"product_cat-hydratant-corps","7":"first","8":"instock","9":"shipping-taxable","10":"product-type-simple"},"jetpack-related-posts":[{"id":27571,"url":"https:\/\/sakaba.mghosteur.com\/en\/product\/slick-salve\/","url_meta":{"origin":27814,"position":0},"title":"SLICK SALVE","author":"admin","date":"November 29, 2022","format":false,"excerpt":"D\u00e9couvrez Slick Salve de la marque TOPICALS - une pommade baume \u00e0 huile tout usage qui hydrate votre peau et maintient la s\u00e9cheresse \u00e0 l'\u00e9cart. Utilisez-la sur vos l\u00e8vres, vos cuticules ou toute zone dess\u00e9ch\u00e9e pour un soulagement instantan\u00e9. Appliquez une fine couche uniforme et r\u00e9appliquez au besoin pour une\u2026","rel":"","context":"Similar post","block_context":{"text":"Similar post","link":""},"img":{"alt_text":"","src":"","width":0,"height":0},"classes":[]},{"id":27414,"url":"https:\/\/sakaba.mghosteur.com\/en\/product\/the-inkey-list-oat-cleansing-balm-50ml\/","url_meta":{"origin":27814,"position":1},"title":"THE INKEY LIST OAT CLEANSING BALM 50ML","author":"admin","date":"November 29, 2022","format":false,"excerpt":"","rel":"","context":"Similar post","block_context":{"text":"Similar post","link":""},"img":{"alt_text":"","src":"","width":0,"height":0},"classes":[]},{"id":32055,"url":"https:\/\/sakaba.mghosteur.com\/en\/product\/victoria-secret-almond-blossom-oat-milk\/","url_meta":{"origin":27814,"position":2},"title":"VICTORIA SECRET ALMOND BLOSSOM OAT MILK","author":"admin","date":"May 13, 2024","format":false,"excerpt":"La Brume parfum\u00e9e corps Natural Beauty Almond Blossom & Oat Milk est le nouveau rituel beaut\u00e9 pour votre corps. R\u00e9veillez vos sens avec notre brume parfum\u00e9e rafra\u00eechissante. Vaporisez-en une touche pour vous mettre de bonne humeur et sentir bon de la t\u00eate aux pieds. Laissez-vous envo\u00fbter par l'odeur du lait\u2026","rel":"","context":"Similar post","block_context":{"text":"Similar post","link":""},"img":{"alt_text":"","src":"","width":0,"height":0},"classes":[]},{"id":27823,"url":"https:\/\/sakaba.mghosteur.com\/en\/product\/estee-lauder-resilence-multi-effect-nignt-tri-peptide-face-and-neck-cream\/","url_meta":{"origin":27814,"position":3},"title":"Estee Lauder Resilence Multi-Effect Nignt tri-peptide face and Neck Cream","author":"admin","date":"November 29, 2022","format":false,"excerpt":"","rel":"","context":"Similar post","block_context":{"text":"Similar post","link":""},"img":{"alt_text":"","src":"","width":0,"height":0},"classes":[]},{"id":29187,"url":"https:\/\/sakaba.mghosteur.com\/en\/product\/the-inkey-list-oat-cleansing-balm-150-ml\/","url_meta":{"origin":27814,"position":4},"title":"THE INKEY LIST OAT CLEANSING BALM 150 ML","author":"admin","date":"March 20, 2023","format":false,"excerpt":"Le baume d\u00e9maquillant \u00e0 l'avoine de la marque The Inkey List est un produit de nettoyage essentiel pour votre routine de soins de la peau. Ce baume nettoyant riche est con\u00e7u pour \u00e9liminer en douceur le maquillage et les impuret\u00e9s sans dess\u00e9cher la peau, la laissant hydrat\u00e9e et nourrie. Le\u2026","rel":"","context":"Similar post","block_context":{"text":"Similar post","link":""},"img":{"alt_text":"","src":"","width":0,"height":0},"classes":[]},{"id":27673,"url":"https:\/\/sakaba.mghosteur.com\/en\/product\/krave-matcha-hemp-hydrating-cleanser\/","url_meta":{"origin":27814,"position":5},"title":"KRAVE MATCHA HEMP HYDRATING CLEANSER","author":"admin","date":"November 29, 2022","format":false,"excerpt":"","rel":"","context":"Similar post","block_context":{"text":"Similar post","link":""},"img":{"alt_text":"","src":"","width":0,"height":0},"classes":[]}],"_links":{"self":[{"href":"https:\/\/sakaba.mghosteur.com\/en\/wp-json\/wp\/v2\/product\/27814","targetHints":{"allow":["GET"]}}],"collection":[{"href":"https:\/\/sakaba.mghosteur.com\/en\/wp-json\/wp\/v2\/product"}],"about":[{"href":"https:\/\/sakaba.mghosteur.com\/en\/wp-json\/wp\/v2\/types\/product"}],"replies":[{"embeddable":true,"href":"https:\/\/sakaba.mghosteur.com\/en\/wp-json\/wp\/v2\/comments?post=27814"}],"version-history":[{"count":0,"href":"https:\/\/sakaba.mghosteur.com\/en\/wp-json\/wp\/v2\/product\/27814\/revisions"}],"wp:attachment":[{"href":"https:\/\/sakaba.mghosteur.com\/en\/wp-json\/wp\/v2\/media?parent=27814"}],"wp:term":[{"taxonomy":"product_brand","embeddable":true,"href":"https:\/\/sakaba.mghosteur.com\/en\/wp-json\/wp\/v2\/product_brand?post=27814"},{"taxonomy":"product_cat","embeddable":true,"href":"https:\/\/sakaba.mghosteur.com\/en\/wp-json\/wp\/v2\/product_cat?post=27814"},{"taxonomy":"product_tag","embeddable":true,"href":"https:\/\/sakaba.mghosteur.com\/en\/wp-json\/wp\/v2\/product_tag?post=27814"}],"curies":[{"name":"wp","href":"https:\/\/api.w.org\/{rel}","templated":true}]}}