{"id":27817,"date":"2022-11-29T18:45:33","date_gmt":"2022-11-29T18:45:33","guid":{"rendered":"http:\/\/www.sakababeauty.com\/?post_type=product&#038;p=27817"},"modified":"2024-08-08T15:24:14","modified_gmt":"2024-08-08T15:24:14","slug":"facial-radiance-niacinamide-dark-spot-serum","status":"publish","type":"product","link":"https:\/\/sakaba.mghosteur.com\/en\/product\/facial-radiance-niacinamide-dark-spot-serum\/","title":{"rendered":"FACIAL RADIANCE NIACINAMIDE DARK SPOT SERUM"},"content":{"rendered":"<p>Ce s\u00e9rum non irritant \u00e0 base de niacinamide aide \u00e0 r\u00e9duire l&#8217;apparence des taches brunes, des taches solaires, de l&#8217;hyperpigmentation, de la d\u00e9coloration et des marques post-acn\u00e9. Cette formule efficace aide \u00e0 uniformiser le teint gr\u00e2ce \u00e0 la niacinamide puissante, renforc\u00e9e par la racine de r\u00e9glisse et le kiwi dor\u00e9, pour r\u00e9v\u00e9ler un teint plus uniforme et d&#8217;apparence plus saine.<\/p>","protected":false},"excerpt":{"rendered":"<p>Ce s\u00e9rum non irritant \u00e0 base de niacinamide aide \u00e0 r\u00e9duire l&#8217;apparence des taches brunes, des taches solaires, de l&#8217;hyperpigmentation, de la d\u00e9coloration et des marques post-acn\u00e9. Cette formule efficace aide \u00e0 uniformiser le teint gr\u00e2ce \u00e0 la niacinamide puissante, renforc\u00e9e par la racine de r\u00e9glisse et le kiwi dor\u00e9, pour r\u00e9v\u00e9ler un teint plus<span class=\"read-more-faq\"><a href=\"https:\/\/sakaba.mghosteur.com\/en\/product\/facial-radiance-niacinamide-dark-spot-serum\/\">Read More<\/a><\/span><\/p>","protected":false},"featured_media":0,"comment_status":"closed","ping_status":"closed","template":"","meta":[],"product_brand":[],"product_cat":[293,451,334],"product_tag":[],"class_list":{"0":"post-27817","1":"product","2":"type-product","3":"status-publish","5":"product_cat-anti-taches","6":"product_cat-aab-soin-du-visage","7":"product_cat-traitement-serum","9":"first","10":"instock","11":"shipping-taxable","12":"product-type-simple"},"jetpack-related-posts":[{"id":29327,"url":"https:\/\/sakaba.mghosteur.com\/en\/product\/paula-choice-5-niacinamide-body-serum\/","url_meta":{"origin":27817,"position":0},"title":"PAULA CHOICE 5% NIACINAMIDE BODY SERUM","author":"admin","date":"April 3, 2023","format":false,"excerpt":"Ce S\u00e9rum Corps 5% Niacinamide de la marque Paula's Choice est une solution l\u00e9g\u00e8re et efficace pour cibler les probl\u00e8mes de teint in\u00e9gal, de texture rugueuse et de d\u00e9coloration de la peau. Gr\u00e2ce \u00e0 sa composition contenant 5% de niacinamide et 5% de d-panth\u00e9nol, il peut \u00e9galement aider \u00e0 restaurer\u2026","rel":"","context":"Similar post","block_context":{"text":"Similar post","link":""},"img":{"alt_text":"","src":"","width":0,"height":0},"classes":[]},{"id":27248,"url":"https:\/\/sakaba.mghosteur.com\/en\/product\/good-molecules-niacinamide-serum\/","url_meta":{"origin":27817,"position":1},"title":"GOOD MOLECULES NIACINAMIDE SERUM 30ML","author":"admin","date":"November 29, 2022","format":false,"excerpt":"Le s\u00e9rum Niacinamide de la marque Good Molecules est un produit de soin pour la peau qui aide \u00e0 obtenir une peau lisse et uniforme tout en minimisant l'apparence des pores. Ce s\u00e9rum l\u00e9ger contient 10 % de niacinamide, une vitamine B3, qui aide \u00e0 affiner le teint et la\u2026","rel":"","context":"Similar post","block_context":{"text":"Similar post","link":""},"img":{"alt_text":"","src":"","width":0,"height":0},"classes":[]},{"id":26855,"url":"https:\/\/sakaba.mghosteur.com\/en\/product\/discoloration-repair-serum-with-tranexamic-acidba\/","url_meta":{"origin":27817,"position":2},"title":"DISCOLORATION REPAIR SERUM WITH TRANEXAMIC ACID+BA","author":"admin","date":"November 28, 2022","format":false,"excerpt":"Le S\u00e9rum R\u00e9parateur de D\u00e9coloration de la marque Paula's Choice est un produit de qualit\u00e9 pour votre routine de soin du visage. Avec son complexe tranexamique, bakuchiol et niacinamide, ce s\u00e9rum cible efficacement les taches brunes et grises tout en pr\u00e9venant la formation de nouvelles d\u00e9colorations. Il r\u00e9duit visiblement les\u2026","rel":"","context":"Similar post","block_context":{"text":"Similar post","link":""},"img":{"alt_text":"","src":"","width":0,"height":0},"classes":[]},{"id":23903,"url":"https:\/\/sakaba.mghosteur.com\/en\/product\/cerave-resurfacing-retinol-serum\/","url_meta":{"origin":27817,"position":3},"title":"CERAVE RESURFACING RETINOL SERUM","author":"admin","date":"November 9, 2022","format":false,"excerpt":"Le s\u00e9rum resurfa\u00e7ant au r\u00e9tinol de la marque CeraVe est le choix id\u00e9al pour une peau douce et uniforme. Les marques d'acn\u00e9 et le teint irr\u00e9gulier peuvent \u00eatre g\u00eanants, m\u00eame apr\u00e8s que votre acn\u00e9 est sous contr\u00f4le. C'est l\u00e0 que notre s\u00e9rum resurfa\u00e7ant entre en jeu. Formul\u00e9 avec du r\u00e9tinol\u2026","rel":"","context":"Similar post","block_context":{"text":"Similar post","link":""},"img":{"alt_text":"","src":"","width":0,"height":0},"classes":[]},{"id":27441,"url":"https:\/\/sakaba.mghosteur.com\/en\/product\/the-inkey-niacinamide\/","url_meta":{"origin":27817,"position":4},"title":"THE INKEY NIACINAMIDE","author":"admin","date":"November 29, 2022","format":false,"excerpt":"Compos\u00e9 de 10 % de niacinamide et de 1 % d'acide hyaluronique, le s\u00e9rum \u00e0 la niacinamide de The INKEY List minimise l'apparence des pores et des imperfections. La vitamine B3 naturelle, la niacinamide, est connue pour sa capacit\u00e9 \u00e0 contr\u00f4ler l'apparence du s\u00e9bum et de la pigmentation, id\u00e9ale pour\u2026","rel":"","context":"Similar post","block_context":{"text":"Similar post","link":""},"img":{"alt_text":"","src":"","width":0,"height":0},"classes":[]},{"id":31816,"url":"https:\/\/sakaba.mghosteur.com\/en\/product\/anua-niacinamide-10-txa-4-dark-spot-30ml\/","url_meta":{"origin":27817,"position":5},"title":"ANUA NIACINAMIDE 10% +TXA 4% DARK SPOT 30ML","author":"admin","date":"May 10, 2024","format":false,"excerpt":"Anua Niacinamide 10% + TXA 4% Dark Spot 30ML est un s\u00e9rum qui contient 10% de niacinamide et 4% d'acide tranexamique pour aider \u00e0 r\u00e9duire la d\u00e9coloration et cibler les taches brunes tenaces et l'hyperpigmentation. Il contient \u00e9galement 2% d'arbutine pour aider \u00e0 corriger le teint irr\u00e9gulier en limitant la\u2026","rel":"","context":"Similar post","block_context":{"text":"Similar post","link":""},"img":{"alt_text":"","src":"","width":0,"height":0},"classes":[]}],"_links":{"self":[{"href":"https:\/\/sakaba.mghosteur.com\/en\/wp-json\/wp\/v2\/product\/27817","targetHints":{"allow":["GET"]}}],"collection":[{"href":"https:\/\/sakaba.mghosteur.com\/en\/wp-json\/wp\/v2\/product"}],"about":[{"href":"https:\/\/sakaba.mghosteur.com\/en\/wp-json\/wp\/v2\/types\/product"}],"replies":[{"embeddable":true,"href":"https:\/\/sakaba.mghosteur.com\/en\/wp-json\/wp\/v2\/comments?post=27817"}],"version-history":[{"count":0,"href":"https:\/\/sakaba.mghosteur.com\/en\/wp-json\/wp\/v2\/product\/27817\/revisions"}],"wp:attachment":[{"href":"https:\/\/sakaba.mghosteur.com\/en\/wp-json\/wp\/v2\/media?parent=27817"}],"wp:term":[{"taxonomy":"product_brand","embeddable":true,"href":"https:\/\/sakaba.mghosteur.com\/en\/wp-json\/wp\/v2\/product_brand?post=27817"},{"taxonomy":"product_cat","embeddable":true,"href":"https:\/\/sakaba.mghosteur.com\/en\/wp-json\/wp\/v2\/product_cat?post=27817"},{"taxonomy":"product_tag","embeddable":true,"href":"https:\/\/sakaba.mghosteur.com\/en\/wp-json\/wp\/v2\/product_tag?post=27817"}],"curies":[{"name":"wp","href":"https:\/\/api.w.org\/{rel}","templated":true}]}}