{"id":27834,"date":"2022-11-29T18:54:41","date_gmt":"2022-11-29T18:54:41","guid":{"rendered":"http:\/\/www.sakababeauty.com\/?post_type=product&#038;p=27834"},"modified":"2022-11-29T18:54:41","modified_gmt":"2022-11-29T18:54:41","slug":"kp-bump-eraser-body-scrub-whit-10-aha","status":"publish","type":"product","link":"https:\/\/sakaba.mghosteur.com\/en\/product\/kp-bump-eraser-body-scrub-whit-10-aha\/","title":{"rendered":"KP BUMP ERASER BODY SCRUB WHIT 10% AHA"},"content":{"rendered":"","protected":false},"excerpt":{"rendered":"","protected":false},"featured_media":0,"comment_status":"closed","ping_status":"closed","template":"","meta":[],"product_brand":[],"product_cat":[377],"product_tag":[],"class_list":{"0":"post-27834","1":"product","2":"type-product","3":"status-publish","5":"product_cat-bath-body-works","7":"first","8":"instock","9":"shipping-taxable","10":"product-type-simple"},"jetpack-related-posts":[{"id":34183,"url":"https:\/\/sakaba.mghosteur.com\/en\/product\/first-aid-beauty-bump-eraser-body-scrub-with-10-a\/","url_meta":{"origin":27834,"position":0},"title":"FIRST AID BEAUTY KP BUMP ERASER BODY SCRUB WITH 10% AHA &#8211; 226g","author":"admin","date":"May 27, 2024","format":false,"excerpt":"D\u00e9couvrez une peau lisse sans effort avec le gommage corporel Beauty KP Bump Eraser de First Aid Beauty. Le gommage corporel contient 10 % d'acide alpha-hydroxy, un exfoliant chimique qui \u00e9limine les cellules mortes de la peau et les bosses visibles. Adapt\u00e9 \u00e0 tous les types de peau, m\u00eame sensibles,\u2026","rel":"","context":"Similar post","block_context":{"text":"Similar post","link":""},"img":{"alt_text":"","src":"","width":0,"height":0},"classes":[]},{"id":27811,"url":"https:\/\/sakaba.mghosteur.com\/en\/product\/first-aid-beauty-smoothing-body-lotion-with-10-aha\/","url_meta":{"origin":27834,"position":1},"title":"FIRST AID BEAUTY SMOOTHING BODY LOTION WITH 10% AHA","author":"admin","date":"November 29, 2022","format":false,"excerpt":"Une lotion corporelle multit\u00e2che avec 10 % d'AHA qui combine les bienfaits d'un exfoliant chimique et d'un hydratant pour \u00e9liminer les bosses et hydrater la peau. Contient 10 % d'acide lactique (AHA) pour resurfacer la couche sup\u00e9rieure de la peau, aidant \u00e0 r\u00e9duire l'apparence des bosses dures et rugueuses souvent\u2026","rel":"","context":"Similar post","block_context":{"text":"Similar post","link":""},"img":{"alt_text":"","src":"","width":0,"height":0},"classes":[]},{"id":27831,"url":"https:\/\/sakaba.mghosteur.com\/en\/product\/first-aid-beauty-smoothing-body-lotion-mini\/","url_meta":{"origin":27834,"position":2},"title":"FIRST AID BEAUTY SMOOTHING BODY LOTION MINI","author":"admin","date":"November 29, 2022","format":false,"excerpt":"Une lotion corporelle multit\u00e2che avec 10 % d'AHA qui combine les bienfaits d'un exfoliant chimique et d'un hydratant pour \u00e9liminer les bosses et hydrater la peau. Contient 10 % d'acide lactique (AHA) pour resurfacer la couche sup\u00e9rieure de la peau, aidant \u00e0 r\u00e9duire l'apparence des bosses dures et rugueuses souvent\u2026","rel":"","context":"Similar post","block_context":{"text":"Similar post","link":""},"img":{"alt_text":"","src":"","width":0,"height":0},"classes":[]},{"id":24559,"url":"https:\/\/sakaba.mghosteur.com\/en\/product\/clean-clear-blackhead-eraser-facial-scrub-with-2-salicylic-acid-acne-medication\/","url_meta":{"origin":27834,"position":3},"title":"Clean &#038; Clear Blackhead Eraser Facial Scrub with 2% Salicylic Acid Acne Medication","author":"admin","date":"November 10, 2022","format":false,"excerpt":"","rel":"","context":"Similar post","block_context":{"text":"Similar post","link":""},"img":{"alt_text":"","src":"","width":0,"height":0},"classes":[]},{"id":30191,"url":"https:\/\/sakaba.mghosteur.com\/en\/product\/necessaire-the-body-exfoliator-fragrance-free\/","url_meta":{"origin":27834,"position":4},"title":"NECESSAIRE THE BODY EXFOLIATOR FRAGRANCE FREE","author":"admin","date":"May 4, 2023","format":false,"excerpt":"D\u00e9couvrez le Body Exfoliator de N\u00e9cessaire\u2122, un traitement hebdomadaire d'exfoliation physique et chimique pour votre corps. Infus\u00e9 avec 6,5% d'exfoliation physique, incluant de la pierre ponce volcanique et du charbon de bambou, ainsi que 1,25% d'exfoliation chimique incluant des acides AHA, BHA et PHA, cet exfoliant efficace est con\u00e7u pour\u2026","rel":"","context":"Similar post","block_context":{"text":"Similar post","link":""},"img":{"alt_text":"","src":"","width":0,"height":0},"classes":[]},{"id":26848,"url":"https:\/\/sakaba.mghosteur.com\/en\/product\/skin-revealing-body-lotion-10-aha\/","url_meta":{"origin":27834,"position":5},"title":"SKIN REVEALING BODY LOTION 10% AHA","author":"admin","date":"November 28, 2022","format":false,"excerpt":"D\u00e9couvrez la Lotion Corporelle R\u00e9v\u00e9latrice de Peau 10% AHA de la marque Paula's Choice, un exfoliant doux pour votre corps qui \u00e9limine les peaux mortes et r\u00e9v\u00e8le une peau plus lisse et plus douce. Cette lotion am\u00e9liore l'apparence des bosses rouges et dures sur les bras et les jambes, tout\u2026","rel":"","context":"Similar post","block_context":{"text":"Similar post","link":""},"img":{"alt_text":"","src":"","width":0,"height":0},"classes":[]}],"_links":{"self":[{"href":"https:\/\/sakaba.mghosteur.com\/en\/wp-json\/wp\/v2\/product\/27834","targetHints":{"allow":["GET"]}}],"collection":[{"href":"https:\/\/sakaba.mghosteur.com\/en\/wp-json\/wp\/v2\/product"}],"about":[{"href":"https:\/\/sakaba.mghosteur.com\/en\/wp-json\/wp\/v2\/types\/product"}],"replies":[{"embeddable":true,"href":"https:\/\/sakaba.mghosteur.com\/en\/wp-json\/wp\/v2\/comments?post=27834"}],"version-history":[{"count":0,"href":"https:\/\/sakaba.mghosteur.com\/en\/wp-json\/wp\/v2\/product\/27834\/revisions"}],"wp:attachment":[{"href":"https:\/\/sakaba.mghosteur.com\/en\/wp-json\/wp\/v2\/media?parent=27834"}],"wp:term":[{"taxonomy":"product_brand","embeddable":true,"href":"https:\/\/sakaba.mghosteur.com\/en\/wp-json\/wp\/v2\/product_brand?post=27834"},{"taxonomy":"product_cat","embeddable":true,"href":"https:\/\/sakaba.mghosteur.com\/en\/wp-json\/wp\/v2\/product_cat?post=27834"},{"taxonomy":"product_tag","embeddable":true,"href":"https:\/\/sakaba.mghosteur.com\/en\/wp-json\/wp\/v2\/product_tag?post=27834"}],"curies":[{"name":"wp","href":"https:\/\/api.w.org\/{rel}","templated":true}]}}