{"id":27840,"date":"2022-11-29T18:56:48","date_gmt":"2022-11-29T18:56:48","guid":{"rendered":"http:\/\/www.sakababeauty.com\/?post_type=product&#038;p=27840"},"modified":"2022-11-29T18:56:49","modified_gmt":"2022-11-29T18:56:49","slug":"ultra-repair-cream-intense-hydration","status":"publish","type":"product","link":"https:\/\/sakaba.mghosteur.com\/en\/product\/ultra-repair-cream-intense-hydration\/","title":{"rendered":"ULTRA REPAIR CREAM  INTENSE  HYDRATION"},"content":{"rendered":"","protected":false},"excerpt":{"rendered":"","protected":false},"featured_media":0,"comment_status":"closed","ping_status":"closed","template":"","meta":[],"product_brand":[],"product_cat":[15],"product_tag":[],"class_list":{"0":"post-27840","1":"product","2":"type-product","3":"status-publish","5":"product_cat-uncategorized","7":"first","8":"instock","9":"shipping-taxable","10":"product-type-simple"},"jetpack-related-posts":[{"id":34195,"url":"https:\/\/sakaba.mghosteur.com\/en\/product\/first-aid-beauty-ultra-repair-cream-intense-6oz\/","url_meta":{"origin":27840,"position":0},"title":"FIRST AID BEAUTY ULTRA REPAIR CREAM INTENSE 6OZ","author":"admin","date":"May 27, 2024","format":false,"excerpt":"La cr\u00e8me Ultra Repair Intense Hydration est un hydratant prim\u00e9 qui soulage instantan\u00e9ment la peau s\u00e8che et en d\u00e9tresse et l'ecz\u00e9ma. Renforce la barri\u00e8re cutan\u00e9e en seulement 7 jours pour une peau calme et confortable. Formule de cr\u00e8me hydratante riche \u00e0 absorption rapide con\u00e7ue pour le visage et le corps\u2026","rel":"","context":"Similar post","block_context":{"text":"Similar post","link":""},"img":{"alt_text":"","src":"","width":0,"height":0},"classes":[]},{"id":34198,"url":"https:\/\/sakaba.mghosteur.com\/en\/product\/first-aid-beauty-ultra-repair-cream-intense-hydrat\/","url_meta":{"origin":27840,"position":1},"title":"FIRST AID BEAUTY ULTRA REPAIR CREAM INTENSE HYDRATION","author":"admin","date":"May 27, 2024","format":false,"excerpt":"Cette cr\u00e8me hydratante prim\u00e9e soulage instantan\u00e9ment la peau s\u00e8che et irrit\u00e9e ainsi que l'ecz\u00e9ma, et renforce la barri\u00e8re cutan\u00e9e en 7 jours pour une peau calme et confortable. La formule hydratante riche \u00e0 absorption rapide est compos\u00e9e d'avoine collo\u00efdale, un ingr\u00e9dient protecteur de la peau et barri\u00e8re qui traite l'ecz\u00e9ma\u2026","rel":"","context":"Similar post","block_context":{"text":"Similar post","link":""},"img":{"alt_text":"","src":"","width":0,"height":0},"classes":[]},{"id":28041,"url":"https:\/\/sakaba.mghosteur.com\/en\/product\/biossance-squalane-omega-repair-cream\/","url_meta":{"origin":27840,"position":2},"title":"BIOSSANCE SQUALANE + OMEGA REPAIR CREAM","author":"admin","date":"November 29, 2022","format":false,"excerpt":"Cr\u00e8me visage ultra-hydratante, num\u00e9ro 1 des ventes aux USA, avec des c\u00e9ramides et des lipides biomim\u00e9tiques pour hydrater instantan\u00e9ment et am\u00e9liorer la r\u00e9tention d'humidit\u00e9 de la barri\u00e8re cutan\u00e9e en 1 semaine. Sa texture fouett\u00e9e luxueuse s'absorbe instantan\u00e9ment pour une peau visiblement lisse, douce et \u00e9clatante avec une am\u00e9lioration visible des\u2026","rel":"","context":"Similar post","block_context":{"text":"Similar post","link":""},"img":{"alt_text":"","src":"","width":0,"height":0},"classes":[]},{"id":34265,"url":"https:\/\/sakaba.mghosteur.com\/en\/product\/ultra-repair-hydra-sleeping-cream\/","url_meta":{"origin":27840,"position":3},"title":"ULTRA REPAIR HYDRA SLEEPING CREAM","author":"admin","date":"May 27, 2024","format":false,"excerpt":"","rel":"","context":"Similar post","block_context":{"text":"Similar post","link":""},"img":{"alt_text":"","src":"","width":0,"height":0},"classes":[]},{"id":29893,"url":"https:\/\/sakaba.mghosteur.com\/en\/product\/vaseline-advanced-repair-unscented-600ml\/","url_meta":{"origin":27840,"position":4},"title":"VASELINE ADVANCED REPAIR UNSCENTED 600ML","author":"admin","date":"April 27, 2023","format":false,"excerpt":"La lotion inodore Vaseline Intensive Care Advanced Repair est sp\u00e9cialement con\u00e7ue pour hydrater les peaux s\u00e8ches et tenaces. Test\u00e9e par des dermatologues, elle procure une hydratation cicatrisante rapide pour une peau douce et d'apparence saine. Sa formule \u00e0 absorption rapide contient des microgouttelettes de gel\u00e9e Vaseline et des lipides ultra-hydratants\u2026","rel":"","context":"Similar post","block_context":{"text":"Similar post","link":""},"img":{"alt_text":"","src":"","width":0,"height":0},"classes":[]},{"id":29459,"url":"https:\/\/sakaba.mghosteur.com\/en\/product\/cosrx-hyaluronic-acid-intensive-cream\/","url_meta":{"origin":27840,"position":5},"title":"COSRX HYALURONIC ACID INTENSIVE CREAM","author":"admin","date":"April 4, 2023","format":false,"excerpt":"D\u00e9couvrez la Cr\u00e8me Intensive Acide Hyaluronique de la marque COSRX, le secret pour une peau souple et hydrat\u00e9e toute la journ\u00e9e ! Cette cr\u00e8me hydratante est con\u00e7ue pour augmenter la teneur en humidit\u00e9 de votre peau et la prot\u00e9ger contre la perte d'hydratation. Sa texture l\u00e9g\u00e8re et non grasse laisse\u2026","rel":"","context":"Similar post","block_context":{"text":"Similar post","link":""},"img":{"alt_text":"","src":"","width":0,"height":0},"classes":[]}],"_links":{"self":[{"href":"https:\/\/sakaba.mghosteur.com\/en\/wp-json\/wp\/v2\/product\/27840","targetHints":{"allow":["GET"]}}],"collection":[{"href":"https:\/\/sakaba.mghosteur.com\/en\/wp-json\/wp\/v2\/product"}],"about":[{"href":"https:\/\/sakaba.mghosteur.com\/en\/wp-json\/wp\/v2\/types\/product"}],"replies":[{"embeddable":true,"href":"https:\/\/sakaba.mghosteur.com\/en\/wp-json\/wp\/v2\/comments?post=27840"}],"version-history":[{"count":0,"href":"https:\/\/sakaba.mghosteur.com\/en\/wp-json\/wp\/v2\/product\/27840\/revisions"}],"wp:attachment":[{"href":"https:\/\/sakaba.mghosteur.com\/en\/wp-json\/wp\/v2\/media?parent=27840"}],"wp:term":[{"taxonomy":"product_brand","embeddable":true,"href":"https:\/\/sakaba.mghosteur.com\/en\/wp-json\/wp\/v2\/product_brand?post=27840"},{"taxonomy":"product_cat","embeddable":true,"href":"https:\/\/sakaba.mghosteur.com\/en\/wp-json\/wp\/v2\/product_cat?post=27840"},{"taxonomy":"product_tag","embeddable":true,"href":"https:\/\/sakaba.mghosteur.com\/en\/wp-json\/wp\/v2\/product_tag?post=27840"}],"curies":[{"name":"wp","href":"https:\/\/api.w.org\/{rel}","templated":true}]}}