{"id":27849,"date":"2022-11-29T18:59:51","date_gmt":"2022-11-29T18:59:51","guid":{"rendered":"http:\/\/www.sakababeauty.com\/?post_type=product&#038;p=27849"},"modified":"2022-11-29T18:59:52","modified_gmt":"2022-11-29T18:59:52","slug":"pores-be-gone-matte-primer-whit-fig-extract","status":"publish","type":"product","link":"https:\/\/sakaba.mghosteur.com\/en\/product\/pores-be-gone-matte-primer-whit-fig-extract\/","title":{"rendered":"PORES BE GONE MATTE PRIMER WHIT FIG EXTRACT"},"content":{"rendered":"","protected":false},"excerpt":{"rendered":"","protected":false},"featured_media":0,"comment_status":"closed","ping_status":"closed","template":"","meta":[],"product_brand":[],"product_cat":[377],"product_tag":[],"class_list":{"0":"post-27849","1":"product","2":"type-product","3":"status-publish","5":"product_cat-bath-body-works","7":"first","8":"instock","9":"shipping-taxable","10":"product-type-simple"},"jetpack-related-posts":[{"id":22992,"url":"https:\/\/sakaba.mghosteur.com\/en\/product\/fenty-beauty-pro-filtr-soft-matte-longwear-foundation\/","url_meta":{"origin":27849,"position":0},"title":"Fenty Beauty Pro Filt&#8217;r Soft Matte Longwear Foundation","author":"admin","date":"October 25, 2022","format":false,"excerpt":"Le fond de teint prim\u00e9 qui a chang\u00e9 la donne pour toujours, d\u00e9sormais disponible en poudre longue tenue, l\u00e9g\u00e8re comme l'air, pour une couvrance l\u00e9g\u00e8re \u00e0 totale dans un fini mat doux et non p\u00e2teux. C'est rapide, impeccable et facile. Description; Longue tenue, l\u00e9g\u00e8re comme l'air, sans effet flashback Complexe\u2026","rel":"","context":"Similar post","block_context":{"text":"Similar post","link":""},"img":{"alt_text":"","src":"","width":0,"height":0},"classes":[]},{"id":24700,"url":"https:\/\/sakaba.mghosteur.com\/en\/product\/milk-makeup-pore-eclipse-mattifying-primer\/","url_meta":{"origin":27849,"position":1},"title":"MILK MAKEUP PORE ECLIPSE MATTIFYING PRIMER","author":"admin","date":"November 10, 2022","format":false,"excerpt":"","rel":"","context":"Similar post","block_context":{"text":"Similar post","link":""},"img":{"alt_text":"","src":"","width":0,"height":0},"classes":[]},{"id":34958,"url":"https:\/\/sakaba.mghosteur.com\/en\/product\/innisfree-pore-clearing-matte-moisturizer\/","url_meta":{"origin":27849,"position":2},"title":"INNISFREE PORE CLEARING MATTE MOISTURIZER","author":"admin","date":"June 3, 2024","format":false,"excerpt":"","rel":"","context":"Similar post","block_context":{"text":"Similar post","link":""},"img":{"alt_text":"","src":"","width":0,"height":0},"classes":[]},{"id":32660,"url":"https:\/\/sakaba.mghosteur.com\/en\/product\/mac-retro-matte-liquid-lipcolour-107-lady-be-good\/","url_meta":{"origin":27849,"position":3},"title":"MAC RETRO MATTE LIQUID LIPCOLOUR 107 LADY BE GOOD","author":"admin","date":"May 15, 2024","format":false,"excerpt":"","rel":"","context":"Similar post","block_context":{"text":"Similar post","link":""},"img":{"alt_text":"","src":"","width":0,"height":0},"classes":[]},{"id":24591,"url":"https:\/\/sakaba.mghosteur.com\/en\/product\/aveeno-purely-matte-peel-off-mask\/","url_meta":{"origin":27849,"position":4},"title":"AVEENO PURELY MATTE PEEL OFF MASK","author":"admin","date":"November 10, 2022","format":false,"excerpt":"Tube de 2,0 onces de masque pour le visage Aveeno Clear Complexion Pure Matte Peel Off avec des acides alpha-hydroxy, du soja et de la grenade pour aider \u00e0 exfolier et matifier la peau Ce masque pour le visage au teint clair agit comme un exfoliant sans savon et sans\u2026","rel":"","context":"Similar post","block_context":{"text":"Similar post","link":""},"img":{"alt_text":"","src":"","width":0,"height":0},"classes":[]},{"id":23075,"url":"https:\/\/sakaba.mghosteur.com\/en\/product\/fenty-beauty-pro-filtr-soft-matte-longwear-foundation-2\/","url_meta":{"origin":27849,"position":5},"title":"Fenty Beauty Pro Filt&#8217;r Soft Matte Longwear Foundation","author":"admin","date":"October 25, 2022","format":false,"excerpt":"D\u00e9couvrez le fond de teint Pro Filt\u2019r Soft Matte Longwear de Fenty Beauty, le choix parfait pour un teint frais et mat tout au long de la journ\u00e9e et de la nuit. Avec sa technologie adaptative au climat, ce fond de teint r\u00e9siste \u00e0 la chaleur, la sueur et les\u2026","rel":"","context":"Similar post","block_context":{"text":"Similar post","link":""},"img":{"alt_text":"","src":"","width":0,"height":0},"classes":[]}],"_links":{"self":[{"href":"https:\/\/sakaba.mghosteur.com\/en\/wp-json\/wp\/v2\/product\/27849","targetHints":{"allow":["GET"]}}],"collection":[{"href":"https:\/\/sakaba.mghosteur.com\/en\/wp-json\/wp\/v2\/product"}],"about":[{"href":"https:\/\/sakaba.mghosteur.com\/en\/wp-json\/wp\/v2\/types\/product"}],"replies":[{"embeddable":true,"href":"https:\/\/sakaba.mghosteur.com\/en\/wp-json\/wp\/v2\/comments?post=27849"}],"version-history":[{"count":0,"href":"https:\/\/sakaba.mghosteur.com\/en\/wp-json\/wp\/v2\/product\/27849\/revisions"}],"wp:attachment":[{"href":"https:\/\/sakaba.mghosteur.com\/en\/wp-json\/wp\/v2\/media?parent=27849"}],"wp:term":[{"taxonomy":"product_brand","embeddable":true,"href":"https:\/\/sakaba.mghosteur.com\/en\/wp-json\/wp\/v2\/product_brand?post=27849"},{"taxonomy":"product_cat","embeddable":true,"href":"https:\/\/sakaba.mghosteur.com\/en\/wp-json\/wp\/v2\/product_cat?post=27849"},{"taxonomy":"product_tag","embeddable":true,"href":"https:\/\/sakaba.mghosteur.com\/en\/wp-json\/wp\/v2\/product_tag?post=27849"}],"curies":[{"name":"wp","href":"https:\/\/api.w.org\/{rel}","templated":true}]}}