{"id":27867,"date":"2022-11-29T19:11:01","date_gmt":"2022-11-29T19:11:01","guid":{"rendered":"http:\/\/www.sakababeauty.com\/?post_type=product&#038;p=27867"},"modified":"2022-11-29T19:11:01","modified_gmt":"2022-11-29T19:11:01","slug":"clarins-double-serum-complete-age-control-control-concentrate-1-oz","status":"publish","type":"product","link":"https:\/\/sakaba.mghosteur.com\/en\/product\/clarins-double-serum-complete-age-control-control-concentrate-1-oz\/","title":{"rendered":"Clarins Double Serum Complete Age Control Control Concentrate 1 OZ"},"content":{"rendered":"","protected":false},"excerpt":{"rendered":"","protected":false},"featured_media":0,"comment_status":"closed","ping_status":"closed","template":"","meta":[],"product_brand":[],"product_cat":[334],"product_tag":[],"class_list":{"0":"post-27867","1":"product","2":"type-product","3":"status-publish","5":"product_cat-traitement-serum","7":"first","8":"instock","9":"shipping-taxable","10":"product-type-simple"},"jetpack-related-posts":[{"id":27911,"url":"https:\/\/sakaba.mghosteur.com\/en\/product\/clarins-super-restorative-total-eye-concentrate\/","url_meta":{"origin":27867,"position":0},"title":"Clarins Super Restorative Total Eye Concentrate","author":"admin","date":"November 29, 2022","format":false,"excerpt":"","rel":"","context":"Similar post","block_context":{"text":"Similar post","link":""},"img":{"alt_text":"","src":"","width":0,"height":0},"classes":[]},{"id":32983,"url":"https:\/\/sakaba.mghosteur.com\/en\/product\/clarins-bright-plus-advanced-brightening-dark-spot-targeting-serum-1-0-oz\/","url_meta":{"origin":27867,"position":1},"title":"Clarins Bright Plus Advanced Brightening Dark Spot-Targeting Serum 1.0 OZ","author":"admin","date":"May 17, 2024","format":false,"excerpt":"S\u00e9rum illuminateur puissant qui aide \u00e0 raviver la peau terne et cible tous les types de taches brunes pour un teint visiblement plus lumineux et plus uniforme.","rel":"","context":"Similar post","block_context":{"text":"Similar post","link":""},"img":{"alt_text":"","src":"","width":0,"height":0},"classes":[]},{"id":32986,"url":"https:\/\/sakaba.mghosteur.com\/en\/product\/clarins-bright-plus-advanced-brightening-dark-spot-targeting-serum-1-7-oz\/","url_meta":{"origin":27867,"position":2},"title":"Clarins Bright Plus Advanced Brightening Dark Spot-Targeting Serum 1.7 OZ","author":"admin","date":"May 17, 2024","format":false,"excerpt":"S\u00e9rum illuminateur puissant qui aide \u00e0 raviver la peau terne et cible tous les types de taches brunes pour un teint visiblement plus lumineux et plus uniforme.","rel":"","context":"Similar post","block_context":{"text":"Similar post","link":""},"img":{"alt_text":"","src":"","width":0,"height":0},"classes":[]},{"id":27766,"url":"https:\/\/sakaba.mghosteur.com\/en\/product\/advanced-retinol-1-5-complex-night-concentrate\/","url_meta":{"origin":27867,"position":3},"title":"ADVANCED RETINOL 1.5% COMPLEX NIGHT CONCENTRATE","author":"admin","date":"November 29, 2022","format":false,"excerpt":"","rel":"","context":"Similar post","block_context":{"text":"Similar post","link":""},"img":{"alt_text":"","src":"","width":0,"height":0},"classes":[]},{"id":27142,"url":"https:\/\/sakaba.mghosteur.com\/en\/product\/mele-even-dark-spot-control-serum\/","url_meta":{"origin":27867,"position":4},"title":"MELE EVEN DARK SPOT CONTROL SERUM","author":"admin","date":"November 29, 2022","format":false,"excerpt":"Ce s\u00e9rum de soin sp\u00e9cialement formul\u00e9 r\u00e9duit l'apparence des taches brunes pour \u00e9liminer les impuret\u00e9s. Ce s\u00e9rum pour le visage cible et r\u00e9duit l'apparence des taches brunes pour r\u00e9v\u00e9ler une peau radieuse et plus uniforme. Mode d'emploi : Bien agiter avant chaque utilisation. Appliquer sur l'ensemble du visage le matin\u2026","rel":"","context":"Similar post","block_context":{"text":"Similar post","link":""},"img":{"alt_text":"","src":"","width":0,"height":0},"classes":[]},{"id":26372,"url":"https:\/\/sakaba.mghosteur.com\/en\/product\/paula-choice-super-antioxidant-concentrate-serum\/","url_meta":{"origin":27867,"position":5},"title":"PAULA CHOICE SUPER ANTIOXIDANT CONCENTRATE SERUM","author":"admin","date":"November 25, 2022","format":false,"excerpt":"Le Skin Balancing Super Antioxidant Concentrate Serum de PAULA'S CHOICE est un s\u00e9rum protecteur et anti-inflammatoire qui convient particuli\u00e8rement aux peaux grasses. Il contient du r\u00e9tinol dos\u00e9 tr\u00e8s faiblement \u00e0 0,03%, ce qui le rend adapt\u00e9 aux d\u00e9butants. Avec sa texture fluide et silicon\u00e9e, il assure un teint d'apparence fine,\u2026","rel":"","context":"Similar post","block_context":{"text":"Similar post","link":""},"img":{"alt_text":"","src":"","width":0,"height":0},"classes":[]}],"_links":{"self":[{"href":"https:\/\/sakaba.mghosteur.com\/en\/wp-json\/wp\/v2\/product\/27867","targetHints":{"allow":["GET"]}}],"collection":[{"href":"https:\/\/sakaba.mghosteur.com\/en\/wp-json\/wp\/v2\/product"}],"about":[{"href":"https:\/\/sakaba.mghosteur.com\/en\/wp-json\/wp\/v2\/types\/product"}],"replies":[{"embeddable":true,"href":"https:\/\/sakaba.mghosteur.com\/en\/wp-json\/wp\/v2\/comments?post=27867"}],"version-history":[{"count":0,"href":"https:\/\/sakaba.mghosteur.com\/en\/wp-json\/wp\/v2\/product\/27867\/revisions"}],"wp:attachment":[{"href":"https:\/\/sakaba.mghosteur.com\/en\/wp-json\/wp\/v2\/media?parent=27867"}],"wp:term":[{"taxonomy":"product_brand","embeddable":true,"href":"https:\/\/sakaba.mghosteur.com\/en\/wp-json\/wp\/v2\/product_brand?post=27867"},{"taxonomy":"product_cat","embeddable":true,"href":"https:\/\/sakaba.mghosteur.com\/en\/wp-json\/wp\/v2\/product_cat?post=27867"},{"taxonomy":"product_tag","embeddable":true,"href":"https:\/\/sakaba.mghosteur.com\/en\/wp-json\/wp\/v2\/product_tag?post=27867"}],"curies":[{"name":"wp","href":"https:\/\/api.w.org\/{rel}","templated":true}]}}