{"id":27870,"date":"2022-11-29T19:13:06","date_gmt":"2022-11-29T19:13:06","guid":{"rendered":"http:\/\/www.sakababeauty.com\/?post_type=product&#038;p=27870"},"modified":"2022-11-29T19:13:07","modified_gmt":"2022-11-29T19:13:07","slug":"truskin-vitamin-c-brightening-serum","status":"publish","type":"product","link":"https:\/\/sakaba.mghosteur.com\/en\/product\/truskin-vitamin-c-brightening-serum\/","title":{"rendered":"TRUSKIN VITAMIN C BRIGHTENING SERUM"},"content":{"rendered":"","protected":false},"excerpt":{"rendered":"","protected":false},"featured_media":0,"comment_status":"closed","ping_status":"closed","template":"","meta":[],"product_brand":[],"product_cat":[377],"product_tag":[],"class_list":{"0":"post-27870","1":"product","2":"type-product","3":"status-publish","5":"product_cat-bath-body-works","7":"first","8":"instock","9":"shipping-taxable","10":"product-type-simple"},"jetpack-related-posts":[{"id":27035,"url":"https:\/\/sakaba.mghosteur.com\/en\/product\/hyper-clear-brightening-clearing-vitamin-c-serum\/","url_meta":{"origin":27870,"position":0},"title":"HYPER CLEAR BRIGHTENING CLEARING VITAMIN C SERUM","author":"admin","date":"November 28, 2022","format":false,"excerpt":"","rel":"","context":"Similar post","block_context":{"text":"Similar post","link":""},"img":{"alt_text":"","src":"","width":0,"height":0},"classes":[]},{"id":24312,"url":"https:\/\/sakaba.mghosteur.com\/en\/product\/neutrogena-rapid-tone-repair-brightening-20-vitamin-c-serum-capsules\/","url_meta":{"origin":27870,"position":1},"title":"Neutrogena Rapid Tone Repair Brightening 20% Vitamin C Serum Capsules","author":"admin","date":"November 10, 2022","format":false,"excerpt":"","rel":"","context":"Similar post","block_context":{"text":"Similar post","link":""},"img":{"alt_text":"","src":"","width":0,"height":0},"classes":[]},{"id":28864,"url":"https:\/\/sakaba.mghosteur.com\/en\/product\/hyper-even-for-brightening-dark-spot-and-discolora\/","url_meta":{"origin":27870,"position":2},"title":"HYPER EVEN FOR BRIGHTENING DARK SPOT AND DISCOLORANTION","author":"admin","date":"March 6, 2023","format":false,"excerpt":"Dites adieu aux taches brunes tenaces et bonjour \u00e0 une peau uniforme et \u00e9clatante avec le s\u00e9rum Hyper Brightening \u00e0 la Vitamine C pour les Taches Sombres de HYPER EVEN. Cette formule intensive est con\u00e7ue pour combattre efficacement l'hyperpigmentation et les signes du vieillissement. Notre ingr\u00e9dient phare, la vitamine C\u2026","rel":"","context":"Similar post","block_context":{"text":"Similar post","link":""},"img":{"alt_text":"","src":"","width":0,"height":0},"classes":[]},{"id":56129,"url":"https:\/\/sakaba.mghosteur.com\/en\/product\/advanced-clinicals-vitamin-c-brightening-serum\/","url_meta":{"origin":27870,"position":3},"title":"Advanced Clinicals Vitamin C Brightening Serum","author":"Sope DIA","date":"January 2, 2026","format":false,"excerpt":"S\u00c9RUM VISAGE \u00c0 LA VITAMINE C POUR UN TEINT \u00c9CLATANT \u2013 Ce s\u00e9rum \u00e0 la vitamine C contribue \u00e0 raviver l'\u00e9clat des peaux ternes et fatigu\u00e9es, pour un teint visiblement plus lumineux et \u00e9clatant. Formul\u00e9 par des chimistes cosm\u00e9tiques, il convient aux femmes et aux hommes souhaitant unifier leur teint\u2026","rel":"","context":"Similar post","block_context":{"text":"Similar post","link":""},"img":{"alt_text":"","src":"","width":0,"height":0},"classes":[]},{"id":30367,"url":"https:\/\/sakaba.mghosteur.com\/en\/product\/neutrogena-rapid-tone-repair-200-vitamin-c-serum\/","url_meta":{"origin":27870,"position":4},"title":"Neutrogena Rapid Tone Repair Brightening 20% Vitamin C Serum Capsules","author":"admin","date":"May 9, 2023","format":false,"excerpt":"Obtenez une peau plus jeune et plus \u00e9clatante en une semaine avec les capsules de s\u00e9rum \u00e0 la vitamine C Rapid Tone Repair de Neutrogena. Chaque capsule biod\u00e9gradable contient 20 % de vitamine C pure pour r\u00e9duire visiblement les taches brunes et les signes du vieillissement cutan\u00e9. Ce s\u00e9rum lissant\u2026","rel":"","context":"Similar post","block_context":{"text":"Similar post","link":""},"img":{"alt_text":"","src":"","width":0,"height":0},"classes":[]},{"id":27769,"url":"https:\/\/sakaba.mghosteur.com\/en\/product\/brightening-solution-coffret\/","url_meta":{"origin":27870,"position":5},"title":"BRIGHTENING SOLUTION COFFRET","author":"admin","date":"November 29, 2022","format":false,"excerpt":"Le coffret solution \u00e9claircissante Vinoperfect de Caudalie est un coffret de trois produits qui associe des produits \u00e9claircissants pour apporter un \u00e9clat radieux \u00e0 votre peau. Le kit est \u00e0 base de vinif\u00e9rine, un ingr\u00e9dient exclusif \u00e0 Caudalie qui poss\u00e8de un pouvoir \u00e9claircissant 62 fois sup\u00e9rieur \u00e0 celui de la\u2026","rel":"","context":"Similar post","block_context":{"text":"Similar post","link":""},"img":{"alt_text":"","src":"","width":0,"height":0},"classes":[]}],"_links":{"self":[{"href":"https:\/\/sakaba.mghosteur.com\/en\/wp-json\/wp\/v2\/product\/27870","targetHints":{"allow":["GET"]}}],"collection":[{"href":"https:\/\/sakaba.mghosteur.com\/en\/wp-json\/wp\/v2\/product"}],"about":[{"href":"https:\/\/sakaba.mghosteur.com\/en\/wp-json\/wp\/v2\/types\/product"}],"replies":[{"embeddable":true,"href":"https:\/\/sakaba.mghosteur.com\/en\/wp-json\/wp\/v2\/comments?post=27870"}],"version-history":[{"count":0,"href":"https:\/\/sakaba.mghosteur.com\/en\/wp-json\/wp\/v2\/product\/27870\/revisions"}],"wp:attachment":[{"href":"https:\/\/sakaba.mghosteur.com\/en\/wp-json\/wp\/v2\/media?parent=27870"}],"wp:term":[{"taxonomy":"product_brand","embeddable":true,"href":"https:\/\/sakaba.mghosteur.com\/en\/wp-json\/wp\/v2\/product_brand?post=27870"},{"taxonomy":"product_cat","embeddable":true,"href":"https:\/\/sakaba.mghosteur.com\/en\/wp-json\/wp\/v2\/product_cat?post=27870"},{"taxonomy":"product_tag","embeddable":true,"href":"https:\/\/sakaba.mghosteur.com\/en\/wp-json\/wp\/v2\/product_tag?post=27870"}],"curies":[{"name":"wp","href":"https:\/\/api.w.org\/{rel}","templated":true}]}}