{"id":27888,"date":"2022-11-29T19:21:18","date_gmt":"2022-11-29T19:21:18","guid":{"rendered":"http:\/\/www.sakababeauty.com\/?post_type=product&#038;p=27888"},"modified":"2022-11-29T19:21:19","modified_gmt":"2022-11-29T19:21:19","slug":"farmacy-filling-good-hyaluronic-acid-plumping-serum","status":"publish","type":"product","link":"https:\/\/sakaba.mghosteur.com\/en\/product\/farmacy-filling-good-hyaluronic-acid-plumping-serum\/","title":{"rendered":"FARMACY FILLING GOOD HYALURONIC ACID PLUMPING SERUM"},"content":{"rendered":"","protected":false},"excerpt":{"rendered":"","protected":false},"featured_media":0,"comment_status":"closed","ping_status":"closed","template":"","meta":[],"product_brand":[],"product_cat":[377],"product_tag":[],"class_list":{"0":"post-27888","1":"product","2":"type-product","3":"status-publish","5":"product_cat-bath-body-works","7":"first","8":"instock","9":"shipping-taxable","10":"product-type-simple"},"jetpack-related-posts":[{"id":33697,"url":"https:\/\/sakaba.mghosteur.com\/en\/product\/farmacy-filling-good-hyaluronic-acid-plumping-serum-2\/","url_meta":{"origin":27888,"position":0},"title":"FARMACY FILLING GOOD HYALURONIC ACID PLUMPING SERUM","author":"admin","date":"May 22, 2024","format":false,"excerpt":"","rel":"","context":"Similar post","block_context":{"text":"Similar post","link":""},"img":{"alt_text":"","src":"","width":0,"height":0},"classes":[]},{"id":27591,"url":"https:\/\/sakaba.mghosteur.com\/en\/product\/tiam-hyaluronic-water-plumping-serum\/","url_meta":{"origin":27888,"position":1},"title":"TIAM HYALURONIC WATER PLUMPING SERUM","author":"admin","date":"November 29, 2022","format":false,"excerpt":"","rel":"","context":"Similar post","block_context":{"text":"Similar post","link":""},"img":{"alt_text":"","src":"","width":0,"height":0},"classes":[]},{"id":29966,"url":"https:\/\/sakaba.mghosteur.com\/en\/product\/hada-labo-tokyo-skin-plumping-gel-cream-with-super-hyaluronic-acid-collagen\/","url_meta":{"origin":27888,"position":2},"title":"Hada Labo Tokyo Skin Plumping Gel Cream with Super Hyaluronic Acid &#038; Collagen","author":"admin","date":"April 29, 2023","format":false,"excerpt":"D\u00e9couvrez le traitement de nuit anti-\u00e2ge Hada Labo Tokyo pour une peau hydrat\u00e9e, r\u00e9par\u00e9e et raffermie pendant votre sommeil. Ce gel-cr\u00e8me repulpant pour la peau est formul\u00e9 avec des ingr\u00e9dients cl\u00e9s tels que l'acide super hyaluronique (TM), le complexe de peptides de soja, le collag\u00e8ne et le ch\u00e8vrefeuille japonais. Cette\u2026","rel":"","context":"Similar post","block_context":{"text":"Similar post","link":""},"img":{"alt_text":"","src":"","width":0,"height":0},"classes":[]},{"id":29249,"url":"https:\/\/sakaba.mghosteur.com\/en\/product\/good-molecules-hyaluronic-acid-serum\/","url_meta":{"origin":27888,"position":3},"title":"GOOD MOLECULES HYALURONIC ACID SERUM","author":"admin","date":"March 21, 2023","format":false,"excerpt":"Le s\u00e9rum acide hyaluronique de Good Molecules est un produit incontournable pour une peau bien hydrat\u00e9e. Sa formule l\u00e9g\u00e8re attire l'humidit\u00e9 vers la peau pour une hydratation longue dur\u00e9e, offrant une apparence lisse et souple. Ce produit est disponible en format de 30 ml\/1 oz, est v\u00e9g\u00e9talien, sans gluten, sans\u2026","rel":"","context":"Similar post","block_context":{"text":"Similar post","link":""},"img":{"alt_text":"","src":"","width":0,"height":0},"classes":[]},{"id":27383,"url":"https:\/\/sakaba.mghosteur.com\/en\/product\/the-inkey-list-hyaluronic-acid-serum\/","url_meta":{"origin":27888,"position":4},"title":"THE INKEY LIST HYALURONIC ACID SERUM","author":"admin","date":"November 29, 2022","format":false,"excerpt":"","rel":"","context":"Similar post","block_context":{"text":"Similar post","link":""},"img":{"alt_text":"","src":"","width":0,"height":0},"classes":[]},{"id":26433,"url":"https:\/\/sakaba.mghosteur.com\/en\/product\/cosrx-the-hyaluronic-acid-3-serum\/","url_meta":{"origin":27888,"position":5},"title":"COSRX THE HYALURONIC ACID 3 SERUM","author":"admin","date":"November 25, 2022","format":false,"excerpt":"D\u00e9couvrez le S\u00e9rum Acide Hyaluronique 3, un soin pour la peau ultra-hydratant et apaisant. Gr\u00e2ce \u00e0 sa formule haute r\u00e9sistance infus\u00e9e avec 3% d'acide hyaluronique, ce s\u00e9rum aide \u00e0 repulper la peau et \u00e0 renforcer sa barri\u00e8re d'hydratation. Vous pourrez ressentir les bienfaits de l'acide hyaluronique sans vous soucier des\u2026","rel":"","context":"Similar post","block_context":{"text":"Similar post","link":""},"img":{"alt_text":"","src":"","width":0,"height":0},"classes":[]}],"_links":{"self":[{"href":"https:\/\/sakaba.mghosteur.com\/en\/wp-json\/wp\/v2\/product\/27888","targetHints":{"allow":["GET"]}}],"collection":[{"href":"https:\/\/sakaba.mghosteur.com\/en\/wp-json\/wp\/v2\/product"}],"about":[{"href":"https:\/\/sakaba.mghosteur.com\/en\/wp-json\/wp\/v2\/types\/product"}],"replies":[{"embeddable":true,"href":"https:\/\/sakaba.mghosteur.com\/en\/wp-json\/wp\/v2\/comments?post=27888"}],"version-history":[{"count":0,"href":"https:\/\/sakaba.mghosteur.com\/en\/wp-json\/wp\/v2\/product\/27888\/revisions"}],"wp:attachment":[{"href":"https:\/\/sakaba.mghosteur.com\/en\/wp-json\/wp\/v2\/media?parent=27888"}],"wp:term":[{"taxonomy":"product_brand","embeddable":true,"href":"https:\/\/sakaba.mghosteur.com\/en\/wp-json\/wp\/v2\/product_brand?post=27888"},{"taxonomy":"product_cat","embeddable":true,"href":"https:\/\/sakaba.mghosteur.com\/en\/wp-json\/wp\/v2\/product_cat?post=27888"},{"taxonomy":"product_tag","embeddable":true,"href":"https:\/\/sakaba.mghosteur.com\/en\/wp-json\/wp\/v2\/product_tag?post=27888"}],"curies":[{"name":"wp","href":"https:\/\/api.w.org\/{rel}","templated":true}]}}