{"id":27891,"date":"2022-11-29T19:23:06","date_gmt":"2022-11-29T19:23:06","guid":{"rendered":"http:\/\/www.sakababeauty.com\/?post_type=product&#038;p=27891"},"modified":"2022-11-29T19:23:06","modified_gmt":"2022-11-29T19:23:06","slug":"clarins-doux-nettoyant-moussant","status":"publish","type":"product","link":"https:\/\/sakaba.mghosteur.com\/en\/product\/clarins-doux-nettoyant-moussant\/","title":{"rendered":"Clarins DOUX NETTOYANT MOUSSANT"},"content":{"rendered":"","protected":false},"excerpt":{"rendered":"","protected":false},"featured_media":0,"comment_status":"closed","ping_status":"closed","template":"","meta":[],"product_brand":[],"product_cat":[446],"product_tag":[],"class_list":{"0":"post-27891","1":"product","2":"type-product","3":"status-publish","5":"product_cat-nettoyant","7":"first","8":"instock","9":"shipping-taxable","10":"product-type-simple"},"jetpack-related-posts":[{"id":27918,"url":"https:\/\/sakaba.mghosteur.com\/en\/product\/clarins-doux-nettoyant-moussant-2\/","url_meta":{"origin":27891,"position":0},"title":"Clarins DOUX NETTOYANT MOUSSANT","author":"admin","date":"November 29, 2022","format":false,"excerpt":"","rel":"","context":"Similar post","block_context":{"text":"Similar post","link":""},"img":{"alt_text":"","src":"","width":0,"height":0},"classes":[]},{"id":24171,"url":"https:\/\/sakaba.mghosteur.com\/en\/product\/cerave-hydrating-cream-to-foam-cleanser\/","url_meta":{"origin":27891,"position":1},"title":"CERAVE HYDRATING CREAM TO FOAM CLEANSER 355ML","author":"admin","date":"November 9, 2022","format":false,"excerpt":"Le nettoyant cr\u00e8me-mousse hydratant de CeraVe est sp\u00e9cialement con\u00e7u pour les peaux normales \u00e0 s\u00e8ches. Ce nettoyant pour le visage est formul\u00e9 pour \u00e9liminer en douceur la salet\u00e9, le s\u00e9bum, le maquillage et la pollution sans enlever l'hydratation naturelle de la peau. Cette formule innovante commence comme une cr\u00e8me, puis\u2026","rel":"","context":"Similar post","block_context":{"text":"Similar post","link":""},"img":{"alt_text":"","src":"","width":0,"height":0},"classes":[]},{"id":24299,"url":"https:\/\/sakaba.mghosteur.com\/en\/product\/neutrogena-soothing-clear-mousse-cleanser-turmeric\/","url_meta":{"origin":27891,"position":2},"title":"Neutrogena Soothing Clear Mousse Cleanser-Turmeric","author":"admin","date":"November 9, 2022","format":false,"excerpt":"D\u00e9couvrez la mousse nettoyante apaisante au curcuma Neutrogena, sp\u00e9cialement formul\u00e9e pour nettoyer en douceur et apaiser les peaux stress\u00e9es sujettes aux taches. Enrichi en curcuma doux pour la peau, ce nettoyant mousse riche et coussin\u00e9 \u00e9limine efficacement la salet\u00e9, le s\u00e9bum et le maquillage qui obstruent les pores sans d\u00e9caper\u2026","rel":"","context":"Similar post","block_context":{"text":"Similar post","link":""},"img":{"alt_text":"","src":"","width":0,"height":0},"classes":[]},{"id":24295,"url":"https:\/\/sakaba.mghosteur.com\/en\/product\/neutrogena-ultra-gentle-hydrating-daily-facial-cleanser-for-sensitive-skin\/","url_meta":{"origin":27891,"position":3},"title":"Neutrogena Ultra Gentle Hydrating Daily Facial Cleanser for Sensitive Skin 171ML","author":"admin","date":"November 9, 2022","format":false,"excerpt":"D\u00e9couvrez le Nettoyant quotidien ultra doux Neutrogena, con\u00e7u pour r\u00e9pondre aux besoins des peaux sensibles. Sa formule brevet\u00e9e efficace mais douce nettoie en profondeur sans perturber la barri\u00e8re d'hydratation naturelle de la peau, laisse votre peau fra\u00eeche et propre sans r\u00e9sidu. Ce nettoyant moussant est hypoallerg\u00e9nique, non com\u00e9dog\u00e8ne, sans huile\u2026","rel":"","context":"Similar post","block_context":{"text":"Similar post","link":""},"img":{"alt_text":"","src":"","width":0,"height":0},"classes":[]},{"id":30396,"url":"https:\/\/sakaba.mghosteur.com\/en\/product\/neutrogena-ultra-gentle-hydrating-daily-facial-cleanser-for-sensitive-skin-354-ml\/","url_meta":{"origin":27891,"position":4},"title":"Neutrogena Ultra Gentle Hydrating Daily Facial Cleanser for Sensitive Skin 354 ML","author":"admin","date":"May 10, 2023","format":false,"excerpt":"D\u00e9couvrez le Nettoyant quotidien ultra doux Neutrogena, con\u00e7u pour r\u00e9pondre aux besoins des peaux sensibles. Sa formule brevet\u00e9e efficace mais douce nettoie en profondeur sans perturber la barri\u00e8re d'hydratation naturelle de la peau, laissant votre peau fra\u00eeche et propre sans r\u00e9sidu. Ce nettoyant moussant est hypoallerg\u00e9nique, non com\u00e9dog\u00e8ne, sans huile\u2026","rel":"","context":"Similar post","block_context":{"text":"Similar post","link":""},"img":{"alt_text":"","src":"","width":0,"height":0},"classes":[]},{"id":31906,"url":"https:\/\/sakaba.mghosteur.com\/en\/product\/aveeno-baby-wash-shampoo-532-ml\/","url_meta":{"origin":27891,"position":5},"title":"AVEENO BABY WASH &amp; SHAMPOO 532 ML","author":"admin","date":"May 10, 2024","format":false,"excerpt":"Flacon de 18 onces liquides de nettoyant doux Aveeno Baby Daily Moisture 2-en-1 pour le bain et le shampooing capillaire avec extrait d'avoine naturel pour nettoyer les cheveux et la peau d\u00e9licats de b\u00e9b\u00e9 La formule riche et moussante du nettoyant pour le corps et du shampoing pour b\u00e9b\u00e9 contient\u2026","rel":"","context":"Similar post","block_context":{"text":"Similar post","link":""},"img":{"alt_text":"","src":"","width":0,"height":0},"classes":[]}],"_links":{"self":[{"href":"https:\/\/sakaba.mghosteur.com\/en\/wp-json\/wp\/v2\/product\/27891","targetHints":{"allow":["GET"]}}],"collection":[{"href":"https:\/\/sakaba.mghosteur.com\/en\/wp-json\/wp\/v2\/product"}],"about":[{"href":"https:\/\/sakaba.mghosteur.com\/en\/wp-json\/wp\/v2\/types\/product"}],"replies":[{"embeddable":true,"href":"https:\/\/sakaba.mghosteur.com\/en\/wp-json\/wp\/v2\/comments?post=27891"}],"version-history":[{"count":0,"href":"https:\/\/sakaba.mghosteur.com\/en\/wp-json\/wp\/v2\/product\/27891\/revisions"}],"wp:attachment":[{"href":"https:\/\/sakaba.mghosteur.com\/en\/wp-json\/wp\/v2\/media?parent=27891"}],"wp:term":[{"taxonomy":"product_brand","embeddable":true,"href":"https:\/\/sakaba.mghosteur.com\/en\/wp-json\/wp\/v2\/product_brand?post=27891"},{"taxonomy":"product_cat","embeddable":true,"href":"https:\/\/sakaba.mghosteur.com\/en\/wp-json\/wp\/v2\/product_cat?post=27891"},{"taxonomy":"product_tag","embeddable":true,"href":"https:\/\/sakaba.mghosteur.com\/en\/wp-json\/wp\/v2\/product_tag?post=27891"}],"curies":[{"name":"wp","href":"https:\/\/api.w.org\/{rel}","templated":true}]}}