{"id":27900,"date":"2022-11-29T19:30:08","date_gmt":"2022-11-29T19:30:08","guid":{"rendered":"http:\/\/www.sakababeauty.com\/?post_type=product&#038;p=27900"},"modified":"2022-11-29T19:30:09","modified_gmt":"2022-11-29T19:30:09","slug":"farmacy-green-clean-makeup-meltaway-50-ml","status":"publish","type":"product","link":"https:\/\/sakaba.mghosteur.com\/en\/product\/farmacy-green-clean-makeup-meltaway-50-ml\/","title":{"rendered":"FARMACY GREEN CLEAN MAKEUP MELTAWAY 50 ML"},"content":{"rendered":"","protected":false},"excerpt":{"rendered":"","protected":false},"featured_media":0,"comment_status":"closed","ping_status":"closed","template":"","meta":[],"product_brand":[],"product_cat":[377],"product_tag":[],"class_list":{"0":"post-27900","1":"product","2":"type-product","3":"status-publish","5":"product_cat-bath-body-works","7":"first","8":"instock","9":"shipping-taxable","10":"product-type-simple"},"jetpack-related-posts":[{"id":27903,"url":"https:\/\/sakaba.mghosteur.com\/en\/product\/farmacy-green-clean-makeup-meltaway-100-ml\/","url_meta":{"origin":27900,"position":0},"title":"FARMACY GREEN CLEAN MAKEUP MELTAWAY 100 ML","author":"admin","date":"November 29, 2022","format":false,"excerpt":"","rel":"","context":"Similar post","block_context":{"text":"Similar post","link":""},"img":{"alt_text":"","src":"","width":0,"height":0},"classes":[]},{"id":33700,"url":"https:\/\/sakaba.mghosteur.com\/en\/product\/farmacy-green-clean-makeup-meltaway-100ml\/","url_meta":{"origin":27900,"position":1},"title":"FARMACY GREEN CLEAN MAKEUP MELTAWAY 100ML","author":"admin","date":"May 22, 2024","format":false,"excerpt":"","rel":"","context":"Similar post","block_context":{"text":"Similar post","link":""},"img":{"alt_text":"","src":"","width":0,"height":0},"classes":[]},{"id":33679,"url":"https:\/\/sakaba.mghosteur.com\/en\/product\/farmacy-clearly-clean-makeup-meltaway\/","url_meta":{"origin":27900,"position":2},"title":"FARMACY CLEARLY CLEAN MAKEUP MELTAWAY","author":"admin","date":"May 22, 2024","format":false,"excerpt":"","rel":"","context":"Similar post","block_context":{"text":"Similar post","link":""},"img":{"alt_text":"","src":"","width":0,"height":0},"classes":[]},{"id":29589,"url":"https:\/\/sakaba.mghosteur.com\/en\/product\/fenty-skin-melt-awf-jelly-oil-makeup-melting-cleanser\/","url_meta":{"origin":27900,"position":3},"title":"FENTY SKIN MELT AWF JELLY OIL MAKEUP-MELTING CLEANSER","author":"admin","date":"April 10, 2023","format":false,"excerpt":"D\u00e9couvrez le MELT AWF JELLY OIL MAKEUP-MELTING CLEANSER de la marque FENTY, un nettoyant innovant qui enl\u00e8ve tous les types de maquillage, m\u00eame les formules longue tenue et waterproof, sans stress ni frottement. Gr\u00e2ce \u00e0 sa texture unique en gel\u00e9e qui se transforme en huile l\u00e9g\u00e8re, ce produit contient un\u2026","rel":"","context":"Similar post","block_context":{"text":"Similar post","link":""},"img":{"alt_text":"","src":"","width":0,"height":0},"classes":[]},{"id":34961,"url":"https:\/\/sakaba.mghosteur.com\/en\/product\/innisfreecoffret-hydration-heros-with-green-tea\/","url_meta":{"origin":27900,"position":4},"title":"INNISFREE COFFRET HYDRATION HEROS WITH GREEN TEA","author":"admin","date":"June 3, 2024","format":false,"excerpt":"L'ensemble comprend\u00a0: 1. S\u00e9rum hydratant intensif aux graines de th\u00e9 vert, 80\u00a0ml Hydratez-vous d\u00e8s la premi\u00e8re goutte gr\u00e2ce \u00e0 notre m\u00e9lange parfaitement \u00e9quilibr\u00e9 d'extrait de th\u00e9 vert et d'huile de graines de th\u00e9 vert. Riche en acides amin\u00e9s et en min\u00e9raux, ce s\u00e9rum l\u00e9ger mais nourrissant aide \u00e0 reconstituer le\u2026","rel":"","context":"Similar post","block_context":{"text":"Similar post","link":""},"img":{"alt_text":"","src":"","width":0,"height":0},"classes":[]},{"id":33448,"url":"https:\/\/sakaba.mghosteur.com\/en\/product\/farmacy-brighten-up-3-txa\/","url_meta":{"origin":27900,"position":5},"title":"FARMACY BRIGHTEN UP 3% TXA","author":"admin","date":"May 21, 2024","format":false,"excerpt":"","rel":"","context":"Similar post","block_context":{"text":"Similar post","link":""},"img":{"alt_text":"","src":"","width":0,"height":0},"classes":[]}],"_links":{"self":[{"href":"https:\/\/sakaba.mghosteur.com\/en\/wp-json\/wp\/v2\/product\/27900","targetHints":{"allow":["GET"]}}],"collection":[{"href":"https:\/\/sakaba.mghosteur.com\/en\/wp-json\/wp\/v2\/product"}],"about":[{"href":"https:\/\/sakaba.mghosteur.com\/en\/wp-json\/wp\/v2\/types\/product"}],"replies":[{"embeddable":true,"href":"https:\/\/sakaba.mghosteur.com\/en\/wp-json\/wp\/v2\/comments?post=27900"}],"version-history":[{"count":0,"href":"https:\/\/sakaba.mghosteur.com\/en\/wp-json\/wp\/v2\/product\/27900\/revisions"}],"wp:attachment":[{"href":"https:\/\/sakaba.mghosteur.com\/en\/wp-json\/wp\/v2\/media?parent=27900"}],"wp:term":[{"taxonomy":"product_brand","embeddable":true,"href":"https:\/\/sakaba.mghosteur.com\/en\/wp-json\/wp\/v2\/product_brand?post=27900"},{"taxonomy":"product_cat","embeddable":true,"href":"https:\/\/sakaba.mghosteur.com\/en\/wp-json\/wp\/v2\/product_cat?post=27900"},{"taxonomy":"product_tag","embeddable":true,"href":"https:\/\/sakaba.mghosteur.com\/en\/wp-json\/wp\/v2\/product_tag?post=27900"}],"curies":[{"name":"wp","href":"https:\/\/api.w.org\/{rel}","templated":true}]}}