{"id":27908,"date":"2022-11-29T19:34:46","date_gmt":"2022-11-29T19:34:46","guid":{"rendered":"http:\/\/www.sakababeauty.com\/?post_type=product&#038;p=27908"},"modified":"2024-08-08T14:47:07","modified_gmt":"2024-08-08T14:47:07","slug":"green-tangerine-vita-c-dark-spot-serum","status":"publish","type":"product","link":"https:\/\/sakaba.mghosteur.com\/en\/product\/green-tangerine-vita-c-dark-spot-serum\/","title":{"rendered":"GREEN TANGERINE VITA C DARK SPOT SERUM+"},"content":{"rendered":"<p>Le s\u00e9rum anti-taches brunes \u00e0 la vitamine C contient un puissant m\u00e9lange de 70 % d&#8217;extrait de mandarine verte fra\u00eeche, de 4 % de niacinamide et d&#8217;arbutine. Les mandarines vertes sont riches en antioxydants et contiennent 10 fois plus de vitamine C que les citrons. Gr\u00e2ce \u00e0 ce fruit, notre formule am\u00e9liore les taches brunes et l&#8217;hyperpigmentation post-acn\u00e9 tout en s&#8217;attaquant \u00e0 la formation de nouvelles taches qui n&#8217;ont pas encore fait surface<\/p>","protected":false},"excerpt":{"rendered":"<p>Le s\u00e9rum anti-taches brunes \u00e0 la vitamine C contient un puissant m\u00e9lange de 70 % d&#8217;extrait de mandarine verte fra\u00eeche, de 4 % de niacinamide et d&#8217;arbutine. Les mandarines vertes sont riches en antioxydants et contiennent 10 fois plus de vitamine C que les citrons. Gr\u00e2ce \u00e0 ce fruit, notre formule am\u00e9liore les taches brunes<span class=\"read-more-faq\"><a href=\"https:\/\/sakaba.mghosteur.com\/en\/product\/green-tangerine-vita-c-dark-spot-serum\/\">Read More<\/a><\/span><\/p>","protected":false},"featured_media":0,"comment_status":"closed","ping_status":"closed","template":"","meta":[],"product_brand":[],"product_cat":[293,291,451,334],"product_tag":[],"class_list":{"0":"post-27908","1":"product","2":"type-product","3":"status-publish","5":"product_cat-anti-taches","6":"product_cat-eclaircissant","7":"product_cat-aab-soin-du-visage","8":"product_cat-traitement-serum","10":"first","11":"instock","12":"shipping-taxable","13":"product-type-simple"},"jetpack-related-posts":[{"id":31578,"url":"https:\/\/sakaba.mghosteur.com\/en\/product\/cosrx-the-vitamin-c-13-20ml\/","url_meta":{"origin":27908,"position":0},"title":"COSRX THE VITAMIN C 13 20ML","author":"admin","date":"May 10, 2024","format":false,"excerpt":"D\u00e9couvrez le S\u00e9rum Vitamine C 13, un v\u00e9ritable \u00e9lixir de jeunesse pour votre peau ! Ce s\u00e9rum doux \u00e0 la vitamine C est sp\u00e9cialement con\u00e7u pour les peaux sensibles, id\u00e9al pour une utilisation quotidienne. Sa formule unique agit en profondeur pour att\u00e9nuer les imperfections, les taches brunes et les taches\u2026","rel":"","context":"Similar post","block_context":{"text":"Similar post","link":""},"img":{"alt_text":"","src":"","width":0,"height":0},"classes":[]},{"id":24733,"url":"https:\/\/sakaba.mghosteur.com\/en\/product\/differin-dark-spot-correcting-serum\/","url_meta":{"origin":27908,"position":1},"title":"DIFFERIN DARK SPOT CORRECTING SERUM","author":"admin","date":"November 10, 2022","format":false,"excerpt":"Le s\u00e9rum correcteur de taches brunes Differin est un s\u00e9rum pour le visage qui aide \u00e0 r\u00e9duire l'apparence des marques post-acn\u00e9, de l'hyperpigmentation, des taches, des taches de vieillesse et m\u00eame des taches de rousseur. Il contient 4 % de niacinamide, un ingr\u00e9dient \u00e9claircissant cliniquement prouv\u00e9. Il contient \u00e9galement de\u2026","rel":"","context":"Similar post","block_context":{"text":"Similar post","link":""},"img":{"alt_text":"","src":"","width":0,"height":0},"classes":[]},{"id":27997,"url":"https:\/\/sakaba.mghosteur.com\/en\/product\/biossance-squalane-vitamin-c-dark-spot-serum\/","url_meta":{"origin":27908,"position":2},"title":"BIOSSANCE SQUALANE +VITAMIN C DARK SPOT SERUM","author":"admin","date":"November 29, 2022","format":false,"excerpt":"Ce s\u00e9rum, un traitement cibl\u00e9 \u00e0 10 % de vitamine C, illumine visiblement instantan\u00e9ment tout en agissant au fil du temps pour dissoudre la pigmentation et pr\u00e9venir une nouvelle d\u00e9coloration. R\u00e9sultats rapides, puissants et durables. Ce s\u00e9rum unique en son genre offre des r\u00e9sultats plus rapides, plus puissants et plus\u2026","rel":"","context":"Similar post","block_context":{"text":"Similar post","link":""},"img":{"alt_text":"","src":"","width":0,"height":0},"classes":[]},{"id":32977,"url":"https:\/\/sakaba.mghosteur.com\/en\/product\/bright-plus-serum-intensif-eclaircissant-anti-tach\/","url_meta":{"origin":27908,"position":3},"title":"BRIGHT PLUS SERUM INTENSIF ECLAIRCISSANT ANTI TACHE","author":"admin","date":"May 17, 2024","format":false,"excerpt":"S\u00e9rum puissant \u00e0 absorption rapide qui illumine visiblement, aide \u00e0 raviver la peau terne et cible les taches brunes caus\u00e9es par la pollution, les rayons UV nocifs et les imperfections. La formule avanc\u00e9e infus\u00e9e d'extraits de superfruits (nouveau myrte rose et graine de cerise ac\u00e9rola, mieux connue pour sa forte\u2026","rel":"","context":"Similar post","block_context":{"text":"Similar post","link":""},"img":{"alt_text":"","src":"","width":0,"height":0},"classes":[]},{"id":32618,"url":"https:\/\/sakaba.mghosteur.com\/en\/product\/olehenriksen-banana-bright-vitamin-cserum\/","url_meta":{"origin":27908,"position":4},"title":"OLEHENRIKSEN BANANA Bright VITAMIN CSERUM","author":"admin","date":"May 15, 2024","format":false,"excerpt":"Enrichi de trois actifs qui donnent de l'\u00e9clat, le s\u00e9rum Banana Bright Vitamin C d'Ole Henriksen illumine, \u00e9quilibre et prot\u00e8ge visiblement la peau des polluants et des agresseurs ternes. Une concentration de 15 % de vitamine C favorise un teint plus lumineux et plus rebondi. R\u00e9put\u00e9 pour ses bienfaits unifiants,\u2026","rel":"","context":"Similar post","block_context":{"text":"Similar post","link":""},"img":{"alt_text":"","src":"","width":0,"height":0},"classes":[]},{"id":28864,"url":"https:\/\/sakaba.mghosteur.com\/en\/product\/hyper-even-for-brightening-dark-spot-and-discolora\/","url_meta":{"origin":27908,"position":5},"title":"HYPER EVEN FOR BRIGHTENING DARK SPOT AND DISCOLORANTION","author":"admin","date":"March 6, 2023","format":false,"excerpt":"Dites adieu aux taches brunes tenaces et bonjour \u00e0 une peau uniforme et \u00e9clatante avec le s\u00e9rum Hyper Brightening \u00e0 la Vitamine C pour les Taches Sombres de HYPER EVEN. Cette formule intensive est con\u00e7ue pour combattre efficacement l'hyperpigmentation et les signes du vieillissement. Notre ingr\u00e9dient phare, la vitamine C\u2026","rel":"","context":"Similar post","block_context":{"text":"Similar post","link":""},"img":{"alt_text":"","src":"","width":0,"height":0},"classes":[]}],"_links":{"self":[{"href":"https:\/\/sakaba.mghosteur.com\/en\/wp-json\/wp\/v2\/product\/27908","targetHints":{"allow":["GET"]}}],"collection":[{"href":"https:\/\/sakaba.mghosteur.com\/en\/wp-json\/wp\/v2\/product"}],"about":[{"href":"https:\/\/sakaba.mghosteur.com\/en\/wp-json\/wp\/v2\/types\/product"}],"replies":[{"embeddable":true,"href":"https:\/\/sakaba.mghosteur.com\/en\/wp-json\/wp\/v2\/comments?post=27908"}],"version-history":[{"count":0,"href":"https:\/\/sakaba.mghosteur.com\/en\/wp-json\/wp\/v2\/product\/27908\/revisions"}],"wp:attachment":[{"href":"https:\/\/sakaba.mghosteur.com\/en\/wp-json\/wp\/v2\/media?parent=27908"}],"wp:term":[{"taxonomy":"product_brand","embeddable":true,"href":"https:\/\/sakaba.mghosteur.com\/en\/wp-json\/wp\/v2\/product_brand?post=27908"},{"taxonomy":"product_cat","embeddable":true,"href":"https:\/\/sakaba.mghosteur.com\/en\/wp-json\/wp\/v2\/product_cat?post=27908"},{"taxonomy":"product_tag","embeddable":true,"href":"https:\/\/sakaba.mghosteur.com\/en\/wp-json\/wp\/v2\/product_tag?post=27908"}],"curies":[{"name":"wp","href":"https:\/\/api.w.org\/{rel}","templated":true}]}}