{"id":27930,"date":"2022-11-29T19:47:18","date_gmt":"2022-11-29T19:47:18","guid":{"rendered":"http:\/\/www.sakababeauty.com\/?post_type=product&#038;p=27930"},"modified":"2024-09-01T15:08:12","modified_gmt":"2024-09-01T15:08:12","slug":"refreshing-scrub-cleanser","status":"publish","type":"product","link":"https:\/\/sakaba.mghosteur.com\/en\/product\/refreshing-scrub-cleanser\/","title":{"rendered":"ORIGINS GINZING REFRESHING SCRUB CLEANSER"},"content":{"rendered":"<p>Un nettoyant et exfoliant deux en un qui affine et lisse la peau. Sa formule est formul\u00e9e pour : Ce nettoyant exfoliant deux en un est enrichi en ginseng panax et en caf\u00e9ine qui boostent l&#8217;\u00e9clat tandis que la cire de jojoba et de carnauba exfolie en douceur pour aider \u00e0 d\u00e9boucher les pores. La peau para\u00eet plus lisse et plus lumineuse, et elle est parfaitement rafra\u00eechie et propre.<\/p>","protected":false},"excerpt":{"rendered":"<p>Un nettoyant et exfoliant deux en un qui affine et lisse la peau. Sa formule est formul\u00e9e pour : Ce nettoyant exfoliant deux en un est enrichi en ginseng panax et en caf\u00e9ine qui boostent l&#8217;\u00e9clat tandis que la cire de jojoba et de carnauba exfolie en douceur pour aider \u00e0 d\u00e9boucher les pores. La<span class=\"read-more-faq\"><a href=\"https:\/\/sakaba.mghosteur.com\/en\/product\/refreshing-scrub-cleanser\/\">Read More<\/a><\/span><\/p>","protected":false},"featured_media":0,"comment_status":"closed","ping_status":"closed","template":"","meta":[],"product_brand":[],"product_cat":[324,451],"product_tag":[],"class_list":{"0":"post-27930","1":"product","2":"type-product","3":"status-publish","5":"product_cat-demaquillant-nettoyant","6":"product_cat-aab-soin-du-visage","8":"first","9":"instock","10":"shipping-taxable","11":"product-type-simple"},"jetpack-related-posts":[{"id":24177,"url":"https:\/\/sakaba.mghosteur.com\/en\/product\/cerave-sa-body-wash-for-rough-and-bumpy-skin\/","url_meta":{"origin":27930,"position":0},"title":"CERAVE SA BODY WASH FOR ROUGH AND BUMPY SKIN","author":"admin","date":"November 9, 2022","format":false,"excerpt":"Le nettoyant pour le corps CeraVe SA est sp\u00e9cialement con\u00e7u pour les peaux rugueuses et bossel\u00e9es. Il utilise une combinaison d'acide salicylique, de c\u00e9ramides, d'acide hyaluronique et de niacinamide pour nettoyer et exfolier en douceur tout en offrant une hydratation optimale. L'acide salicylique est un exfoliant doux qui aide \u00e0\u2026","rel":"","context":"Similar post","block_context":{"text":"Similar post","link":""},"img":{"alt_text":"","src":"","width":0,"height":0},"classes":[]},{"id":24153,"url":"https:\/\/sakaba.mghosteur.com\/en\/product\/cerave-renewing-sa-cleanser-473ml\/","url_meta":{"origin":27930,"position":1},"title":"CERAVE RENEWING SA CLEANSER 473ML","author":"admin","date":"November 9, 2022","format":false,"excerpt":"Le nettoyant SA r\u00e9g\u00e9n\u00e9rant de la marque CeraVe est la solution parfaite pour une peau lisse et saine. Sa formule douce et moussante contenant de l'acide salicylique aide \u00e0 exfolier votre peau en douceur tout en \u00e9liminant les impuret\u00e9s et en adoucissant les zones rugueuses. Ce nettoyant est enrichi en\u2026","rel":"","context":"Similar post","block_context":{"text":"Similar post","link":""},"img":{"alt_text":"","src":"","width":0,"height":0},"classes":[]},{"id":29227,"url":"https:\/\/sakaba.mghosteur.com\/en\/product\/good-molecules-acne-foaming-cleanser\/","url_meta":{"origin":27930,"position":2},"title":"GOOD MOLECULES ACNE FOAMING CLEANSER","author":"admin","date":"March 21, 2023","format":false,"excerpt":"Le nettoyant moussant contre l'acn\u00e9 de Good Molecules est un produit de soin de la peau id\u00e9al pour traiter les \u00e9ruptions cutan\u00e9es et l'acn\u00e9. Avec une formule exfoliante douce, ce nettoyant moussant aide \u00e0 nettoyer en profondeur les pores, \u00e9liminant ainsi les impuret\u00e9s qui obstruent la peau. Aliment\u00e9 par 2\u2026","rel":"","context":"Similar post","block_context":{"text":"Similar post","link":""},"img":{"alt_text":"","src":"","width":0,"height":0},"classes":[]},{"id":26868,"url":"https:\/\/sakaba.mghosteur.com\/en\/product\/paula-choice-2-bha-liquid-exfoliant\/","url_meta":{"origin":27930,"position":3},"title":"PAULA CHOICE 2% BHA LIQUID EXFOLIANT","author":"admin","date":"November 28, 2022","format":false,"excerpt":"Le produit num\u00e9ro 1 de la marque Paula's Choice, cet exfoliant liquide 2% BHA est un favori culte qui nettoie en profondeur les pores, lisse les rides et unifie le teint de la peau. Sa formule douce sans rin\u00e7age \u00e0 base d'acide salicylique \u00e9prouv\u00e9 en clinique permet de d\u00e9sobstruer rapidement\u2026","rel":"","context":"Similar post","block_context":{"text":"Similar post","link":""},"img":{"alt_text":"","src":"","width":0,"height":0},"classes":[]},{"id":30347,"url":"https:\/\/sakaba.mghosteur.com\/en\/product\/neutrogena-oil-free-acne-wash-scrub\/","url_meta":{"origin":27930,"position":4},"title":"NEUTROGENA OIL FREE ACNE WASH SCRUB","author":"admin","date":"May 8, 2023","format":false,"excerpt":"Le Nettoyant Moussant pour le Visage Anti-acn\u00e9 Neutrogena au Pamplemousse Rose est un gommage facial moussant con\u00e7u pour aider \u00e0 traiter les \u00e9ruptions cutan\u00e9es tout en exfoliant en douceur votre peau. Il est formul\u00e9 avec une technologie MicroClear et un m\u00e9dicament contre l'acn\u00e9 \u00e0 l'acide salicylique de force maximale pour\u2026","rel":"","context":"Similar post","block_context":{"text":"Similar post","link":""},"img":{"alt_text":"","src":"","width":0,"height":0},"classes":[]},{"id":33039,"url":"https:\/\/sakaba.mghosteur.com\/en\/product\/dove-exfoliant-body-polish-mango\/","url_meta":{"origin":27930,"position":5},"title":"DOVE EXFOLIANT BODY POLISH MANGO","author":"admin","date":"May 17, 2024","format":false,"excerpt":"Un gommage corporel au parfum de mangue tropicale qui r\u00e9v\u00e8le votre \u00e9clat naturel en exfoliant mod\u00e9r\u00e9ment la peau. Le gommage corporel utilise une exfoliation mod\u00e9r\u00e9e pour \u00e9liminer la peau terne \u2022 Formul\u00e9 avec des nettoyants sans sulfate d'origine naturelle \u2022 Parfum de mangue juteuse et d'amande cr\u00e9meuse \u2022 Avec \u00bc\u2026","rel":"","context":"Similar post","block_context":{"text":"Similar post","link":""},"img":{"alt_text":"","src":"","width":0,"height":0},"classes":[]}],"_links":{"self":[{"href":"https:\/\/sakaba.mghosteur.com\/en\/wp-json\/wp\/v2\/product\/27930","targetHints":{"allow":["GET"]}}],"collection":[{"href":"https:\/\/sakaba.mghosteur.com\/en\/wp-json\/wp\/v2\/product"}],"about":[{"href":"https:\/\/sakaba.mghosteur.com\/en\/wp-json\/wp\/v2\/types\/product"}],"replies":[{"embeddable":true,"href":"https:\/\/sakaba.mghosteur.com\/en\/wp-json\/wp\/v2\/comments?post=27930"}],"version-history":[{"count":0,"href":"https:\/\/sakaba.mghosteur.com\/en\/wp-json\/wp\/v2\/product\/27930\/revisions"}],"wp:attachment":[{"href":"https:\/\/sakaba.mghosteur.com\/en\/wp-json\/wp\/v2\/media?parent=27930"}],"wp:term":[{"taxonomy":"product_brand","embeddable":true,"href":"https:\/\/sakaba.mghosteur.com\/en\/wp-json\/wp\/v2\/product_brand?post=27930"},{"taxonomy":"product_cat","embeddable":true,"href":"https:\/\/sakaba.mghosteur.com\/en\/wp-json\/wp\/v2\/product_cat?post=27930"},{"taxonomy":"product_tag","embeddable":true,"href":"https:\/\/sakaba.mghosteur.com\/en\/wp-json\/wp\/v2\/product_tag?post=27930"}],"curies":[{"name":"wp","href":"https:\/\/api.w.org\/{rel}","templated":true}]}}