{"id":27946,"date":"2022-11-29T19:59:39","date_gmt":"2022-11-29T19:59:39","guid":{"rendered":"http:\/\/www.sakababeauty.com\/?post_type=product&#038;p=27946"},"modified":"2022-11-29T19:59:39","modified_gmt":"2022-11-29T19:59:39","slug":"origins-ginzing-eye-cream","status":"publish","type":"product","link":"https:\/\/sakaba.mghosteur.com\/en\/product\/origins-ginzing-eye-cream\/","title":{"rendered":"ORIGINS GINZING EYE CREAM"},"content":{"rendered":"","protected":false},"excerpt":{"rendered":"","protected":false},"featured_media":0,"comment_status":"closed","ping_status":"closed","template":"","meta":[],"product_brand":[],"product_cat":[297],"product_tag":[],"class_list":{"0":"post-27946","1":"product","2":"type-product","3":"status-publish","5":"product_cat-yeux","7":"first","8":"instock","9":"shipping-taxable","10":"product-type-simple"},"jetpack-related-posts":[{"id":27930,"url":"https:\/\/sakaba.mghosteur.com\/en\/product\/refreshing-scrub-cleanser\/","url_meta":{"origin":27946,"position":0},"title":"ORIGINS GINZING REFRESHING SCRUB CLEANSER","author":"admin","date":"November 29, 2022","format":false,"excerpt":"Un nettoyant et exfoliant deux en un qui affine et lisse la peau. Sa formule est formul\u00e9e pour : Ce nettoyant exfoliant deux en un est enrichi en ginseng panax et en caf\u00e9ine qui boostent l'\u00e9clat tandis que la cire de jojoba et de carnauba exfolie en douceur pour aider\u2026","rel":"","context":"Similar post","block_context":{"text":"Similar post","link":""},"img":{"alt_text":"","src":"","width":0,"height":0},"classes":[]},{"id":26770,"url":"https:\/\/sakaba.mghosteur.com\/en\/product\/olay-eyes-collagen-peptide-24-eye-cream\/","url_meta":{"origin":27946,"position":1},"title":"Olay Eyes Collagen Peptide 24 Eye Cream","author":"admin","date":"November 28, 2022","format":false,"excerpt":"","rel":"","context":"Similar post","block_context":{"text":"Similar post","link":""},"img":{"alt_text":"","src":"","width":0,"height":0},"classes":[]},{"id":31801,"url":"https:\/\/sakaba.mghosteur.com\/en\/product\/olay-eyes-brigthtening-eye-cream\/","url_meta":{"origin":27946,"position":2},"title":"Olay Eyes Brigthtening eye cream","author":"admin","date":"May 10, 2024","format":false,"excerpt":"La cr\u00e8me \u00e9claircissante pour les yeux Olay pour les cernes est une cr\u00e8me qui hydrate le contour des yeux pour aider \u00e0 r\u00e9duire les cernes, les rides et \u00e0 lisser les ridules. Elle contient de la vitamine E, de la vitamine C, de la caf\u00e9ine, de la niacinamide et du\u2026","rel":"","context":"Similar post","block_context":{"text":"Similar post","link":""},"img":{"alt_text":"","src":"","width":0,"height":0},"classes":[]},{"id":26439,"url":"https:\/\/sakaba.mghosteur.com\/en\/product\/vital-e-antioxydant-eye-cream\/","url_meta":{"origin":27946,"position":3},"title":"VITAL E ANTIOXYDANT EYE CREAM","author":"admin","date":"November 25, 2022","format":false,"excerpt":"","rel":"","context":"Similar post","block_context":{"text":"Similar post","link":""},"img":{"alt_text":"","src":"","width":0,"height":0},"classes":[]},{"id":27396,"url":"https:\/\/sakaba.mghosteur.com\/en\/product\/sweet-chef-booster-eye-cream\/","url_meta":{"origin":27946,"position":4},"title":"SWEET CHEF BOOSTER EYE CREAM","author":"admin","date":"November 29, 2022","format":false,"excerpt":"","rel":"","context":"Similar post","block_context":{"text":"Similar post","link":""},"img":{"alt_text":"","src":"","width":0,"height":0},"classes":[]},{"id":25663,"url":"https:\/\/sakaba.mghosteur.com\/en\/product\/daggett-ramsdell-eye-fade-cream\/","url_meta":{"origin":27946,"position":5},"title":"Daggett &#038; Ramsdell Eye Fade Cream","author":"admin","date":"November 14, 2022","format":false,"excerpt":"","rel":"","context":"Similar post","block_context":{"text":"Similar post","link":""},"img":{"alt_text":"","src":"","width":0,"height":0},"classes":[]}],"_links":{"self":[{"href":"https:\/\/sakaba.mghosteur.com\/en\/wp-json\/wp\/v2\/product\/27946","targetHints":{"allow":["GET"]}}],"collection":[{"href":"https:\/\/sakaba.mghosteur.com\/en\/wp-json\/wp\/v2\/product"}],"about":[{"href":"https:\/\/sakaba.mghosteur.com\/en\/wp-json\/wp\/v2\/types\/product"}],"replies":[{"embeddable":true,"href":"https:\/\/sakaba.mghosteur.com\/en\/wp-json\/wp\/v2\/comments?post=27946"}],"version-history":[{"count":0,"href":"https:\/\/sakaba.mghosteur.com\/en\/wp-json\/wp\/v2\/product\/27946\/revisions"}],"wp:attachment":[{"href":"https:\/\/sakaba.mghosteur.com\/en\/wp-json\/wp\/v2\/media?parent=27946"}],"wp:term":[{"taxonomy":"product_brand","embeddable":true,"href":"https:\/\/sakaba.mghosteur.com\/en\/wp-json\/wp\/v2\/product_brand?post=27946"},{"taxonomy":"product_cat","embeddable":true,"href":"https:\/\/sakaba.mghosteur.com\/en\/wp-json\/wp\/v2\/product_cat?post=27946"},{"taxonomy":"product_tag","embeddable":true,"href":"https:\/\/sakaba.mghosteur.com\/en\/wp-json\/wp\/v2\/product_tag?post=27946"}],"curies":[{"name":"wp","href":"https:\/\/api.w.org\/{rel}","templated":true}]}}