{"id":27955,"date":"2022-11-29T20:14:52","date_gmt":"2022-11-29T20:14:52","guid":{"rendered":"http:\/\/www.sakababeauty.com\/?post_type=product&#038;p=27955"},"modified":"2022-11-29T20:14:52","modified_gmt":"2022-11-29T20:14:52","slug":"innisfree-dewy-glow-trio-with-jeju-cherry-blossom","status":"publish","type":"product","link":"https:\/\/sakaba.mghosteur.com\/en\/product\/innisfree-dewy-glow-trio-with-jeju-cherry-blossom\/","title":{"rendered":"INNISFREE DEWY GLOW TRIO WITH JEJU CHERRY BLOSSOM"},"content":{"rendered":"","protected":false},"excerpt":{"rendered":"","protected":false},"featured_media":0,"comment_status":"closed","ping_status":"closed","template":"","meta":[],"product_brand":[],"product_cat":[377],"product_tag":[],"class_list":{"0":"post-27955","1":"product","2":"type-product","3":"status-publish","5":"product_cat-bath-body-works","7":"first","8":"instock","9":"shipping-taxable","10":"product-type-simple"},"jetpack-related-posts":[{"id":27974,"url":"https:\/\/sakaba.mghosteur.com\/en\/product\/innisfree-dewy-glow-jelly-cream-with-jeju-cherry\/","url_meta":{"origin":27955,"position":0},"title":"INNISFREE DEWY GLOW JELLY CREAM WITH JEJU CHERRY","author":"admin","date":"November 29, 2022","format":false,"excerpt":"","rel":"","context":"Similar post","block_context":{"text":"Similar post","link":""},"img":{"alt_text":"","src":"","width":0,"height":0},"classes":[]},{"id":30069,"url":"https:\/\/sakaba.mghosteur.com\/en\/product\/dr-bronners-pure-castile-liquid-soap-cherry-blossom\/","url_meta":{"origin":27955,"position":1},"title":"Dr. Bronners PURE-CASTILE LIQUID SOAP Cherry Blossom","author":"admin","date":"May 2, 2023","format":false,"excerpt":"Le savon liquide Cherry Blossom Pure-Castile de Dr. Bronner est un produit polyvalent et concentr\u00e9 avec un parfum subtil de cerisier et de fleurs de cerisier pour vous offrir une exp\u00e9rience agr\u00e9able et rafra\u00eechissante. Il est fabriqu\u00e9 avec des ingr\u00e9dients biologiques et certifi\u00e9s \u00e9quitables, notamment de l'huile de graines de\u2026","rel":"","context":"Similar post","block_context":{"text":"Similar post","link":""},"img":{"alt_text":"","src":"","width":0,"height":0},"classes":[]},{"id":34961,"url":"https:\/\/sakaba.mghosteur.com\/en\/product\/innisfreecoffret-hydration-heros-with-green-tea\/","url_meta":{"origin":27955,"position":2},"title":"INNISFREE COFFRET HYDRATION HEROS WITH GREEN TEA","author":"admin","date":"June 3, 2024","format":false,"excerpt":"L'ensemble comprend\u00a0: 1. S\u00e9rum hydratant intensif aux graines de th\u00e9 vert, 80\u00a0ml Hydratez-vous d\u00e8s la premi\u00e8re goutte gr\u00e2ce \u00e0 notre m\u00e9lange parfaitement \u00e9quilibr\u00e9 d'extrait de th\u00e9 vert et d'huile de graines de th\u00e9 vert. Riche en acides amin\u00e9s et en min\u00e9raux, ce s\u00e9rum l\u00e9ger mais nourrissant aide \u00e0 reconstituer le\u2026","rel":"","context":"Similar post","block_context":{"text":"Similar post","link":""},"img":{"alt_text":"","src":"","width":0,"height":0},"classes":[]},{"id":34952,"url":"https:\/\/sakaba.mghosteur.com\/en\/product\/innisfree-intensive-hydrating-serum-with-green\/","url_meta":{"origin":27955,"position":3},"title":"INNISFREE INTENSIVE HYDRATING SERUM WITH GREEN","author":"admin","date":"June 3, 2024","format":false,"excerpt":"","rel":"","context":"Similar post","block_context":{"text":"Similar post","link":""},"img":{"alt_text":"","src":"","width":0,"height":0},"classes":[]},{"id":27738,"url":"https:\/\/sakaba.mghosteur.com\/en\/product\/mario-badescu-facial-spray-with-aloe-sage-orange-blossom\/","url_meta":{"origin":27955,"position":4},"title":"Mario Badescu Facial Spray with Aloe Sage &#038; Orange Blossom","author":"admin","date":"November 29, 2022","format":false,"excerpt":"","rel":"","context":"Similar post","block_context":{"text":"Similar post","link":""},"img":{"alt_text":"","src":"","width":0,"height":0},"classes":[]},{"id":34948,"url":"https:\/\/sakaba.mghosteur.com\/en\/product\/innisfree-intensive-hydrating-cream-with-greenbtea\/","url_meta":{"origin":27955,"position":5},"title":"INNISFREE INTENSIVE HYDRATING CREAM WITH GREENBTEA","author":"admin","date":"June 3, 2024","format":false,"excerpt":"","rel":"","context":"Similar post","block_context":{"text":"Similar post","link":""},"img":{"alt_text":"","src":"","width":0,"height":0},"classes":[]}],"_links":{"self":[{"href":"https:\/\/sakaba.mghosteur.com\/en\/wp-json\/wp\/v2\/product\/27955","targetHints":{"allow":["GET"]}}],"collection":[{"href":"https:\/\/sakaba.mghosteur.com\/en\/wp-json\/wp\/v2\/product"}],"about":[{"href":"https:\/\/sakaba.mghosteur.com\/en\/wp-json\/wp\/v2\/types\/product"}],"replies":[{"embeddable":true,"href":"https:\/\/sakaba.mghosteur.com\/en\/wp-json\/wp\/v2\/comments?post=27955"}],"version-history":[{"count":0,"href":"https:\/\/sakaba.mghosteur.com\/en\/wp-json\/wp\/v2\/product\/27955\/revisions"}],"wp:attachment":[{"href":"https:\/\/sakaba.mghosteur.com\/en\/wp-json\/wp\/v2\/media?parent=27955"}],"wp:term":[{"taxonomy":"product_brand","embeddable":true,"href":"https:\/\/sakaba.mghosteur.com\/en\/wp-json\/wp\/v2\/product_brand?post=27955"},{"taxonomy":"product_cat","embeddable":true,"href":"https:\/\/sakaba.mghosteur.com\/en\/wp-json\/wp\/v2\/product_cat?post=27955"},{"taxonomy":"product_tag","embeddable":true,"href":"https:\/\/sakaba.mghosteur.com\/en\/wp-json\/wp\/v2\/product_tag?post=27955"}],"curies":[{"name":"wp","href":"https:\/\/api.w.org\/{rel}","templated":true}]}}