{"id":27973,"date":"2022-11-29T20:28:43","date_gmt":"2022-11-29T20:28:43","guid":{"rendered":"http:\/\/www.sakababeauty.com\/?post_type=product&#038;p=27973"},"modified":"2022-11-29T20:28:43","modified_gmt":"2022-11-29T20:28:43","slug":"clarins-men-paris-nettoyant-exfoliant-2-en-1","status":"publish","type":"product","link":"https:\/\/sakaba.mghosteur.com\/en\/product\/clarins-men-paris-nettoyant-exfoliant-2-en-1\/","title":{"rendered":"Clarins Men Paris Nettoyant Exfoliant 2 en 1"},"content":{"rendered":"","protected":false},"excerpt":{"rendered":"","protected":false},"featured_media":0,"comment_status":"closed","ping_status":"closed","template":"","meta":[],"product_brand":[],"product_cat":[446],"product_tag":[],"class_list":{"0":"post-27973","1":"product","2":"type-product","3":"status-publish","5":"product_cat-nettoyant","7":"first","8":"instock","9":"shipping-taxable","10":"product-type-simple"},"jetpack-related-posts":[{"id":27918,"url":"https:\/\/sakaba.mghosteur.com\/en\/product\/clarins-doux-nettoyant-moussant-2\/","url_meta":{"origin":27973,"position":0},"title":"Clarins DOUX NETTOYANT MOUSSANT","author":"admin","date":"November 29, 2022","format":false,"excerpt":"","rel":"","context":"Similar post","block_context":{"text":"Similar post","link":""},"img":{"alt_text":"","src":"","width":0,"height":0},"classes":[]},{"id":27891,"url":"https:\/\/sakaba.mghosteur.com\/en\/product\/clarins-doux-nettoyant-moussant\/","url_meta":{"origin":27973,"position":1},"title":"Clarins DOUX NETTOYANT MOUSSANT","author":"admin","date":"November 29, 2022","format":false,"excerpt":"","rel":"","context":"Similar post","block_context":{"text":"Similar post","link":""},"img":{"alt_text":"","src":"","width":0,"height":0},"classes":[]},{"id":26868,"url":"https:\/\/sakaba.mghosteur.com\/en\/product\/paula-choice-2-bha-liquid-exfoliant\/","url_meta":{"origin":27973,"position":2},"title":"PAULA CHOICE 2% BHA LIQUID EXFOLIANT","author":"admin","date":"November 28, 2022","format":false,"excerpt":"Le produit num\u00e9ro 1 de la marque Paula's Choice, cet exfoliant liquide 2% BHA est un favori culte qui nettoie en profondeur les pores, lisse les rides et unifie le teint de la peau. Sa formule douce sans rin\u00e7age \u00e0 base d'acide salicylique \u00e9prouv\u00e9 en clinique permet de d\u00e9sobstruer rapidement\u2026","rel":"","context":"Similar post","block_context":{"text":"Similar post","link":""},"img":{"alt_text":"","src":"","width":0,"height":0},"classes":[]},{"id":29227,"url":"https:\/\/sakaba.mghosteur.com\/en\/product\/good-molecules-acne-foaming-cleanser\/","url_meta":{"origin":27973,"position":3},"title":"GOOD MOLECULES ACNE FOAMING CLEANSER","author":"admin","date":"March 21, 2023","format":false,"excerpt":"Le nettoyant moussant contre l'acn\u00e9 de Good Molecules est un produit de soin de la peau id\u00e9al pour traiter les \u00e9ruptions cutan\u00e9es et l'acn\u00e9. Avec une formule exfoliante douce, ce nettoyant moussant aide \u00e0 nettoyer en profondeur les pores, \u00e9liminant ainsi les impuret\u00e9s qui obstruent la peau. Aliment\u00e9 par 2\u2026","rel":"","context":"Similar post","block_context":{"text":"Similar post","link":""},"img":{"alt_text":"","src":"","width":0,"height":0},"classes":[]},{"id":27867,"url":"https:\/\/sakaba.mghosteur.com\/en\/product\/clarins-double-serum-complete-age-control-control-concentrate-1-oz\/","url_meta":{"origin":27973,"position":4},"title":"Clarins Double Serum Complete Age Control Control Concentrate 1 OZ","author":"admin","date":"November 29, 2022","format":false,"excerpt":"","rel":"","context":"Similar post","block_context":{"text":"Similar post","link":""},"img":{"alt_text":"","src":"","width":0,"height":0},"classes":[]},{"id":30347,"url":"https:\/\/sakaba.mghosteur.com\/en\/product\/neutrogena-oil-free-acne-wash-scrub\/","url_meta":{"origin":27973,"position":5},"title":"NEUTROGENA OIL FREE ACNE WASH SCRUB","author":"admin","date":"May 8, 2023","format":false,"excerpt":"Le Nettoyant Moussant pour le Visage Anti-acn\u00e9 Neutrogena au Pamplemousse Rose est un gommage facial moussant con\u00e7u pour aider \u00e0 traiter les \u00e9ruptions cutan\u00e9es tout en exfoliant en douceur votre peau. Il est formul\u00e9 avec une technologie MicroClear et un m\u00e9dicament contre l'acn\u00e9 \u00e0 l'acide salicylique de force maximale pour\u2026","rel":"","context":"Similar post","block_context":{"text":"Similar post","link":""},"img":{"alt_text":"","src":"","width":0,"height":0},"classes":[]}],"_links":{"self":[{"href":"https:\/\/sakaba.mghosteur.com\/en\/wp-json\/wp\/v2\/product\/27973","targetHints":{"allow":["GET"]}}],"collection":[{"href":"https:\/\/sakaba.mghosteur.com\/en\/wp-json\/wp\/v2\/product"}],"about":[{"href":"https:\/\/sakaba.mghosteur.com\/en\/wp-json\/wp\/v2\/types\/product"}],"replies":[{"embeddable":true,"href":"https:\/\/sakaba.mghosteur.com\/en\/wp-json\/wp\/v2\/comments?post=27973"}],"version-history":[{"count":0,"href":"https:\/\/sakaba.mghosteur.com\/en\/wp-json\/wp\/v2\/product\/27973\/revisions"}],"wp:attachment":[{"href":"https:\/\/sakaba.mghosteur.com\/en\/wp-json\/wp\/v2\/media?parent=27973"}],"wp:term":[{"taxonomy":"product_brand","embeddable":true,"href":"https:\/\/sakaba.mghosteur.com\/en\/wp-json\/wp\/v2\/product_brand?post=27973"},{"taxonomy":"product_cat","embeddable":true,"href":"https:\/\/sakaba.mghosteur.com\/en\/wp-json\/wp\/v2\/product_cat?post=27973"},{"taxonomy":"product_tag","embeddable":true,"href":"https:\/\/sakaba.mghosteur.com\/en\/wp-json\/wp\/v2\/product_tag?post=27973"}],"curies":[{"name":"wp","href":"https:\/\/api.w.org\/{rel}","templated":true}]}}