{"id":27979,"date":"2022-11-29T20:27:01","date_gmt":"2022-11-29T20:27:01","guid":{"rendered":"http:\/\/www.sakababeauty.com\/?post_type=product&#038;p=27979"},"modified":"2022-11-29T20:27:01","modified_gmt":"2022-11-29T20:27:01","slug":"sk-ii-facial-treatment-essence","status":"publish","type":"product","link":"https:\/\/sakaba.mghosteur.com\/en\/product\/sk-ii-facial-treatment-essence\/","title":{"rendered":"SK II FACIAL TREATMENT ESSENCE"},"content":{"rendered":"","protected":false},"excerpt":{"rendered":"","protected":false},"featured_media":0,"comment_status":"closed","ping_status":"closed","template":"","meta":[],"product_brand":[],"product_cat":[377],"product_tag":[],"class_list":{"0":"post-27979","1":"product","2":"type-product","3":"status-publish","5":"product_cat-bath-body-works","7":"first","8":"instock","9":"shipping-taxable","10":"product-type-simple"},"jetpack-related-posts":[{"id":27055,"url":"https:\/\/sakaba.mghosteur.com\/en\/product\/fresh-kombucha-facial-treatment-essence\/","url_meta":{"origin":27979,"position":0},"title":"FRESH KOMBUCHA FACIAL TREATMENT ESSENCE","author":"admin","date":"November 28, 2022","format":false,"excerpt":"","rel":"","context":"Similar post","block_context":{"text":"Similar post","link":""},"img":{"alt_text":"","src":"","width":0,"height":0},"classes":[]},{"id":27202,"url":"https:\/\/sakaba.mghosteur.com\/en\/product\/olay-sensitive-facial-cleanser-with-hungarian-water-essence\/","url_meta":{"origin":27979,"position":1},"title":"Olay Sensitive Facial Cleanser with Hungarian Water Essence","author":"admin","date":"November 29, 2022","format":false,"excerpt":"Ce nettoyant apaisant pour le visage \u00e9limine les toxines et hydrate la peau. Inspir\u00e9 de l'essence d'eau hongroise, ce nettoyant pour le visage pour peau sensible est infus\u00e9 d'essences d'alo\u00e8s et de concombre qui agissent avec la formule douce pour la peau d'Olay pour aider \u00e0 combattre la peau s\u00e8che\u2026","rel":"","context":"Similar post","block_context":{"text":"Similar post","link":""},"img":{"alt_text":"","src":"","width":0,"height":0},"classes":[]},{"id":27320,"url":"https:\/\/sakaba.mghosteur.com\/en\/product\/good-molecules-hyaluronic-acid-booting-essence\/","url_meta":{"origin":27979,"position":2},"title":"GOOD MOLECULES HYALURONIC ACID BOOTING ESSENCE","author":"admin","date":"November 29, 2022","format":false,"excerpt":"L'Essence Stimulante \u00e0 l'Acide Hyaluronique de Good Molecules est une formule puissante qui aide \u00e0 hydrater, raffermir et lisser votre peau en profondeur. Avec trois types d'acide hyaluronique, cette essence p\u00e9n\u00e8tre \u00e0 diff\u00e9rents niveaux pour nourrir et repulper votre peau. V\u00e9g\u00e9talienne et sans cruaut\u00e9, cette essence est \u00e9galement sans parfum\u2026","rel":"","context":"Similar post","block_context":{"text":"Similar post","link":""},"img":{"alt_text":"","src":"","width":0,"height":0},"classes":[]},{"id":29438,"url":"https:\/\/sakaba.mghosteur.com\/en\/product\/cosrx-advanced-snail-radiance-dual-essence\/","url_meta":{"origin":27979,"position":3},"title":"COSRX ADVANCED SNAIL RADIANCE DUAL ESSENCE","author":"admin","date":"April 4, 2023","format":false,"excerpt":"Le Advanced Snail Radiance Dual Essence de COSRX est un produit r\u00e9volutionnaire qui offre une solution 2 en 1 pour am\u00e9liorer l'\u00e9lasticit\u00e9 et l'\u00e9clat de votre peau. Cette essence est con\u00e7ue pour combiner les bienfaits hydratants et r\u00e9g\u00e9n\u00e9rants de l'essence d'escargot avec les propri\u00e9t\u00e9s \u00e9claircissantes de l'essence de luminosit\u00e9, afin\u2026","rel":"","context":"Similar post","block_context":{"text":"Similar post","link":""},"img":{"alt_text":"","src":"","width":0,"height":0},"classes":[]},{"id":27620,"url":"https:\/\/sakaba.mghosteur.com\/en\/product\/ginseng-essence-water\/","url_meta":{"origin":27979,"position":4},"title":"GINSENG ESSENCE WATER","author":"admin","date":"November 29, 2022","format":false,"excerpt":"D\u00e9couvrez l'eau d'essence de ginseng de la marque Beauty of Joseon, un produit \u00e0 base de plantes naturelles qui a \u00e9t\u00e9 utilis\u00e9 pendant des si\u00e8cles pour am\u00e9liorer la sant\u00e9 et la beaut\u00e9 de la peau cor\u00e9enne. Cette essence contient 80% d'eau de ginseng pour offrir une hydratation et une nutrition\u2026","rel":"","context":"Similar post","block_context":{"text":"Similar post","link":""},"img":{"alt_text":"","src":"","width":0,"height":0},"classes":[]},{"id":26901,"url":"https:\/\/sakaba.mghosteur.com\/en\/product\/advanced-snail-96-mucin-power-essence\/","url_meta":{"origin":27979,"position":5},"title":"COSRX ADVANCED SNAIL 96 MUCIN POWER ESSENCE","author":"admin","date":"November 28, 2022","format":false,"excerpt":"L'Advanced Snail 96 Mucin Power Essence de la marque COSRX est une essence l\u00e9g\u00e8re qui p\u00e9n\u00e8tre rapidement dans la peau pour donner \u00e0 votre peau un \u00e9clat naturel de l'int\u00e9rieur. Cette essence est cr\u00e9\u00e9e \u00e0 partir de mucine d'escargot filtr\u00e9e nutritive et \u00e0 faible stimulation pour garder votre peau hydrat\u00e9e\u2026","rel":"","context":"Similar post","block_context":{"text":"Similar post","link":""},"img":{"alt_text":"","src":"","width":0,"height":0},"classes":[]}],"_links":{"self":[{"href":"https:\/\/sakaba.mghosteur.com\/en\/wp-json\/wp\/v2\/product\/27979","targetHints":{"allow":["GET"]}}],"collection":[{"href":"https:\/\/sakaba.mghosteur.com\/en\/wp-json\/wp\/v2\/product"}],"about":[{"href":"https:\/\/sakaba.mghosteur.com\/en\/wp-json\/wp\/v2\/types\/product"}],"replies":[{"embeddable":true,"href":"https:\/\/sakaba.mghosteur.com\/en\/wp-json\/wp\/v2\/comments?post=27979"}],"version-history":[{"count":0,"href":"https:\/\/sakaba.mghosteur.com\/en\/wp-json\/wp\/v2\/product\/27979\/revisions"}],"wp:attachment":[{"href":"https:\/\/sakaba.mghosteur.com\/en\/wp-json\/wp\/v2\/media?parent=27979"}],"wp:term":[{"taxonomy":"product_brand","embeddable":true,"href":"https:\/\/sakaba.mghosteur.com\/en\/wp-json\/wp\/v2\/product_brand?post=27979"},{"taxonomy":"product_cat","embeddable":true,"href":"https:\/\/sakaba.mghosteur.com\/en\/wp-json\/wp\/v2\/product_cat?post=27979"},{"taxonomy":"product_tag","embeddable":true,"href":"https:\/\/sakaba.mghosteur.com\/en\/wp-json\/wp\/v2\/product_tag?post=27979"}],"curies":[{"name":"wp","href":"https:\/\/api.w.org\/{rel}","templated":true}]}}