{"id":27994,"date":"2022-11-29T20:33:36","date_gmt":"2022-11-29T20:33:36","guid":{"rendered":"http:\/\/www.sakababeauty.com\/?post_type=product&#038;p=27994"},"modified":"2022-11-29T20:33:36","modified_gmt":"2022-11-29T20:33:36","slug":"innisfree-daily-uv-defense-suncreen","status":"publish","type":"product","link":"https:\/\/sakaba.mghosteur.com\/en\/product\/innisfree-daily-uv-defense-suncreen\/","title":{"rendered":"INNISFREE DAILY UV DEFENSE SUNCREEN"},"content":{"rendered":"","protected":false},"excerpt":{"rendered":"","protected":false},"featured_media":0,"comment_status":"closed","ping_status":"closed","template":"","meta":[],"product_brand":[],"product_cat":[378],"product_tag":[],"class_list":{"0":"post-27994","1":"product","2":"type-product","3":"status-publish","5":"product_cat-protection-solaire-corps","7":"first","8":"instock","9":"shipping-taxable","10":"product-type-simple"},"jetpack-related-posts":[{"id":25576,"url":"https:\/\/sakaba.mghosteur.com\/en\/product\/neutrogena-beach-defense-water-sun-protection\/","url_meta":{"origin":27994,"position":0},"title":"NEUTROGENA BEACH DEFENSE WATER +sun protection","author":"admin","date":"November 14, 2022","format":false,"excerpt":"La lotion Beach Defense de Neutrogena est un \u00e9cran solaire SPF 70 \u00e0 large spectre, parfait pour prot\u00e9ger votre peau pendant les journ\u00e9es ensoleill\u00e9es \u00e0 la plage. Cette lotion l\u00e9g\u00e8re et r\u00e9sistante \u00e0 l'eau pendant 80 minutes est formul\u00e9e sans huile ni PABA, ce qui la rend facile \u00e0 appliquer\u2026","rel":"","context":"Similar post","block_context":{"text":"Similar post","link":""},"img":{"alt_text":"","src":"","width":0,"height":0},"classes":[]},{"id":29351,"url":"https:\/\/sakaba.mghosteur.com\/en\/product\/paula-choice-extra-care-non-greasy-suncreen-spf-50\/","url_meta":{"origin":27994,"position":1},"title":"PAULA CHOICE EXTRA CARE NON GREASY SUNCREEN SPF 50","author":"admin","date":"April 3, 2023","format":false,"excerpt":"D\u00e9couvrez la Cr\u00e8me Solaire Extra Care Non Gras FPS 50 de la marque Paula's Choice, un \u00e9cran solaire corporel r\u00e9sistant \u00e0 l'eau. Cette cr\u00e8me solaire est riche en antioxydants et offre une protection solaire synth\u00e9tique \u00e0 large spectre sans sensation de lourdeur. Vous aurez une sensation de l\u00e9g\u00e8ret\u00e9 et d'apesanteur\u2026","rel":"","context":"Similar post","block_context":{"text":"Similar post","link":""},"img":{"alt_text":"","src":"","width":0,"height":0},"classes":[]},{"id":32501,"url":"https:\/\/sakaba.mghosteur.com\/en\/product\/tiam-daily-sun-care-cream\/","url_meta":{"origin":27994,"position":2},"title":"TIAM DAILY SUN CARE CREAM","author":"admin","date":"May 14, 2024","format":false,"excerpt":"CR\u00c8ME SOLAIRE QUOTIDIENNE Description La Cr\u00e8me Solaire Quotidienne offre une protection efficace contre les rayons UV, que ce soit \u00e0 l'int\u00e9rieur ou \u00e0 l'ext\u00e9rieur. Sa formule chimique pr\u00e9vient les dommages cutan\u00e9s caus\u00e9s par le soleil au quotidien. Dot\u00e9e d'une texture l\u00e9g\u00e8re, elle procure un confort imm\u00e9diat \u00e0 la peau et\u2026","rel":"","context":"Similar post","block_context":{"text":"Similar post","link":""},"img":{"alt_text":"","src":"","width":0,"height":0},"classes":[]},{"id":24306,"url":"https:\/\/sakaba.mghosteur.com\/en\/product\/neutrogena-visibly-even-daily-moisturerizer\/","url_meta":{"origin":27994,"position":3},"title":"Neutrogena visibly even daily moisturizer","author":"admin","date":"November 9, 2022","format":false,"excerpt":"D\u00e9couvrez l'hydratant quotidien Visibly Even\u00ae de Neutrogena, un produit complet pour le visage qui aide \u00e0 \u00e9claircir, tonifier et prot\u00e9ger votre peau contre les rayons UV vieillissants pour un teint plus \u00e9clatant. Sa formule douce pour les peaux sensibles du soja essentiel contient un \u00e9claircissant naturel pour la peau, qui\u2026","rel":"","context":"Similar post","block_context":{"text":"Similar post","link":""},"img":{"alt_text":"","src":"","width":0,"height":0},"classes":[]},{"id":30471,"url":"https:\/\/sakaba.mghosteur.com\/en\/product\/facetheory-amil-c-whip-daily-defence\/","url_meta":{"origin":27994,"position":4},"title":"FACETHEORY Amil-C Whip Daily Defence","author":"admin","date":"May 11, 2023","format":false,"excerpt":"D\u00e9couvrez la cr\u00e8me hydratante en mousse fouett\u00e9e Amil-C Whip Daily Defense de la marque Facetheory, dot\u00e9e d'un filtre chimique UVA\/UVB Bemotrizinol pour prot\u00e9ger votre peau des dommages environnementaux. Cette cr\u00e8me contient 5 % de niacinamide et de vitamine C \u00e0 double action pour \u00e9quilibrer votre teint, r\u00e9duire les rougeurs et\u2026","rel":"","context":"Similar post","block_context":{"text":"Similar post","link":""},"img":{"alt_text":"","src":"","width":0,"height":0},"classes":[]},{"id":34945,"url":"https:\/\/sakaba.mghosteur.com\/en\/product\/innisfree-hydrating-sleeping-mask\/","url_meta":{"origin":27994,"position":5},"title":"INNISFREE HYDRATING SLEEPING MASK","author":"admin","date":"June 3, 2024","format":false,"excerpt":"","rel":"","context":"Similar post","block_context":{"text":"Similar post","link":""},"img":{"alt_text":"","src":"","width":0,"height":0},"classes":[]}],"_links":{"self":[{"href":"https:\/\/sakaba.mghosteur.com\/en\/wp-json\/wp\/v2\/product\/27994","targetHints":{"allow":["GET"]}}],"collection":[{"href":"https:\/\/sakaba.mghosteur.com\/en\/wp-json\/wp\/v2\/product"}],"about":[{"href":"https:\/\/sakaba.mghosteur.com\/en\/wp-json\/wp\/v2\/types\/product"}],"replies":[{"embeddable":true,"href":"https:\/\/sakaba.mghosteur.com\/en\/wp-json\/wp\/v2\/comments?post=27994"}],"version-history":[{"count":0,"href":"https:\/\/sakaba.mghosteur.com\/en\/wp-json\/wp\/v2\/product\/27994\/revisions"}],"wp:attachment":[{"href":"https:\/\/sakaba.mghosteur.com\/en\/wp-json\/wp\/v2\/media?parent=27994"}],"wp:term":[{"taxonomy":"product_brand","embeddable":true,"href":"https:\/\/sakaba.mghosteur.com\/en\/wp-json\/wp\/v2\/product_brand?post=27994"},{"taxonomy":"product_cat","embeddable":true,"href":"https:\/\/sakaba.mghosteur.com\/en\/wp-json\/wp\/v2\/product_cat?post=27994"},{"taxonomy":"product_tag","embeddable":true,"href":"https:\/\/sakaba.mghosteur.com\/en\/wp-json\/wp\/v2\/product_tag?post=27994"}],"curies":[{"name":"wp","href":"https:\/\/api.w.org\/{rel}","templated":true}]}}