{"id":27997,"date":"2022-11-29T20:35:19","date_gmt":"2022-11-29T20:35:19","guid":{"rendered":"http:\/\/www.sakababeauty.com\/?post_type=product&#038;p=27997"},"modified":"2024-08-08T15:26:32","modified_gmt":"2024-08-08T15:26:32","slug":"biossance-squalane-vitamin-c-dark-spot-serum","status":"publish","type":"product","link":"https:\/\/sakaba.mghosteur.com\/en\/product\/biossance-squalane-vitamin-c-dark-spot-serum\/","title":{"rendered":"BIOSSANCE SQUALANE +VITAMIN C DARK SPOT SERUM"},"content":{"rendered":"<p>Ce s\u00e9rum, un traitement cibl\u00e9 \u00e0 10 % de vitamine C, illumine visiblement instantan\u00e9ment tout en agissant au fil du temps pour dissoudre la pigmentation et pr\u00e9venir une nouvelle d\u00e9coloration. R\u00e9sultats rapides, puissants et durables. Ce s\u00e9rum unique en son genre offre des r\u00e9sultats plus rapides, plus puissants et plus durables. Il commence imm\u00e9diatement \u00e0 d\u00e9grader les taches brunes et continue \u00e0 agir pour emp\u00eacher la formation de nouvelles. Fabriqu\u00e9 avec des ingr\u00e9dients naturels et efficaces.<\/p>","protected":false},"excerpt":{"rendered":"<p>Ce s\u00e9rum, un traitement cibl\u00e9 \u00e0 10 % de vitamine C, illumine visiblement instantan\u00e9ment tout en agissant au fil du temps pour dissoudre la pigmentation et pr\u00e9venir une nouvelle d\u00e9coloration. R\u00e9sultats rapides, puissants et durables. Ce s\u00e9rum unique en son genre offre des r\u00e9sultats plus rapides, plus puissants et plus durables. Il commence imm\u00e9diatement \u00e0<span class=\"read-more-faq\"><a href=\"https:\/\/sakaba.mghosteur.com\/en\/product\/biossance-squalane-vitamin-c-dark-spot-serum\/\">Read More<\/a><\/span><\/p>","protected":false},"featured_media":0,"comment_status":"closed","ping_status":"closed","template":"","meta":[],"product_brand":[],"product_cat":[293,451,334],"product_tag":[],"class_list":{"0":"post-27997","1":"product","2":"type-product","3":"status-publish","5":"product_cat-anti-taches","6":"product_cat-aab-soin-du-visage","7":"product_cat-traitement-serum","9":"first","10":"instock","11":"shipping-taxable","12":"product-type-simple"},"jetpack-related-posts":[{"id":26831,"url":"https:\/\/sakaba.mghosteur.com\/en\/product\/paula-choice-c15-super-booster\/","url_meta":{"origin":27997,"position":0},"title":"PAULA CHOICE C15 SUPER BOOSTER","author":"admin","date":"November 28, 2022","format":false,"excerpt":"Le Super Booster C15 de Paula's Choice est un produit de soin de la peau puissant et efficace. Avec une concentration \u00e9lev\u00e9e de 15% de vitamine C pure, ce booster aide \u00e0 \u00e9claircir la peau in\u00e9gale et \u00e0 am\u00e9liorer l'apparence des rides et ridules. Sa formule liquide ultra-l\u00e9g\u00e8re est rapidement\u2026","rel":"","context":"Similar post","block_context":{"text":"Similar post","link":""},"img":{"alt_text":"","src":"","width":0,"height":0},"classes":[]},{"id":29210,"url":"https:\/\/sakaba.mghosteur.com\/en\/product\/the-inkey-15-vitamine-c-serum-egf\/","url_meta":{"origin":27997,"position":1},"title":"THE INKEY 15% VITAMINE C + S\u00c9RUM EGF","author":"admin","date":"March 21, 2023","format":false,"excerpt":"Le s\u00e9rum 15% vitamine C + EGF est id\u00e9al pour tous ceux qui souhaitent une peau \u00e9clatante et jeune. La formule l\u00e9g\u00e8re de ce s\u00e9rum contient des ingr\u00e9dients puissants tels que la vitamine C et l'EGF, qui aident \u00e0 prot\u00e9ger votre peau contre les radicaux libres et \u00e0 stimuler la\u2026","rel":"","context":"Similar post","block_context":{"text":"Similar post","link":""},"img":{"alt_text":"","src":"","width":0,"height":0},"classes":[]},{"id":32977,"url":"https:\/\/sakaba.mghosteur.com\/en\/product\/bright-plus-serum-intensif-eclaircissant-anti-tach\/","url_meta":{"origin":27997,"position":2},"title":"BRIGHT PLUS SERUM INTENSIF ECLAIRCISSANT ANTI TACHE","author":"admin","date":"May 17, 2024","format":false,"excerpt":"S\u00e9rum puissant \u00e0 absorption rapide qui illumine visiblement, aide \u00e0 raviver la peau terne et cible les taches brunes caus\u00e9es par la pollution, les rayons UV nocifs et les imperfections. La formule avanc\u00e9e infus\u00e9e d'extraits de superfruits (nouveau myrte rose et graine de cerise ac\u00e9rola, mieux connue pour sa forte\u2026","rel":"","context":"Similar post","block_context":{"text":"Similar post","link":""},"img":{"alt_text":"","src":"","width":0,"height":0},"classes":[]},{"id":31538,"url":"https:\/\/sakaba.mghosteur.com\/en\/product\/vaseline-gluta-hya-flawless-glow-serum-in-lotion-200ml\/","url_meta":{"origin":27997,"position":3},"title":"VASELINE GLUTA HYA FLAWLESS GLOW SERUM IN LOTION  200ml","author":"admin","date":"May 10, 2024","format":false,"excerpt":"VASELINE GLUTA-HYA SERUM BURST LOTION FLAWLESS BRIGHT D\u00e9tails: Propuls\u00e9 par la technologie GlutaGlow, qui est 10 fois plus puissante que la vitamine C+. Le 10X Pro-R\u00e9tinol* est r\u00e9put\u00e9 pour son aide \u00e0 exfolier les cellules mortes de la peau, favorisant ainsi une peau unifi\u00e9e. Avantages: La technologie GlutaGlow, 10 fois\u2026","rel":"","context":"Similar post","block_context":{"text":"Similar post","link":""},"img":{"alt_text":"","src":"","width":0,"height":0},"classes":[]},{"id":27908,"url":"https:\/\/sakaba.mghosteur.com\/en\/product\/green-tangerine-vita-c-dark-spot-serum\/","url_meta":{"origin":27997,"position":4},"title":"GREEN TANGERINE VITA C DARK SPOT SERUM+","author":"admin","date":"November 29, 2022","format":false,"excerpt":"Le s\u00e9rum anti-taches brunes \u00e0 la vitamine C contient un puissant m\u00e9lange de 70 % d'extrait de mandarine verte fra\u00eeche, de 4 % de niacinamide et d'arbutine. Les mandarines vertes sont riches en antioxydants et contiennent 10 fois plus de vitamine C que les citrons. Gr\u00e2ce \u00e0 ce fruit, notre\u2026","rel":"","context":"Similar post","block_context":{"text":"Similar post","link":""},"img":{"alt_text":"","src":"","width":0,"height":0},"classes":[]},{"id":30367,"url":"https:\/\/sakaba.mghosteur.com\/en\/product\/neutrogena-rapid-tone-repair-200-vitamin-c-serum\/","url_meta":{"origin":27997,"position":5},"title":"Neutrogena Rapid Tone Repair Brightening 20% Vitamin C Serum Capsules","author":"admin","date":"May 9, 2023","format":false,"excerpt":"Obtenez une peau plus jeune et plus \u00e9clatante en une semaine avec les capsules de s\u00e9rum \u00e0 la vitamine C Rapid Tone Repair de Neutrogena. Chaque capsule biod\u00e9gradable contient 20 % de vitamine C pure pour r\u00e9duire visiblement les taches brunes et les signes du vieillissement cutan\u00e9. Ce s\u00e9rum lissant\u2026","rel":"","context":"Similar post","block_context":{"text":"Similar post","link":""},"img":{"alt_text":"","src":"","width":0,"height":0},"classes":[]}],"_links":{"self":[{"href":"https:\/\/sakaba.mghosteur.com\/en\/wp-json\/wp\/v2\/product\/27997","targetHints":{"allow":["GET"]}}],"collection":[{"href":"https:\/\/sakaba.mghosteur.com\/en\/wp-json\/wp\/v2\/product"}],"about":[{"href":"https:\/\/sakaba.mghosteur.com\/en\/wp-json\/wp\/v2\/types\/product"}],"replies":[{"embeddable":true,"href":"https:\/\/sakaba.mghosteur.com\/en\/wp-json\/wp\/v2\/comments?post=27997"}],"version-history":[{"count":0,"href":"https:\/\/sakaba.mghosteur.com\/en\/wp-json\/wp\/v2\/product\/27997\/revisions"}],"wp:attachment":[{"href":"https:\/\/sakaba.mghosteur.com\/en\/wp-json\/wp\/v2\/media?parent=27997"}],"wp:term":[{"taxonomy":"product_brand","embeddable":true,"href":"https:\/\/sakaba.mghosteur.com\/en\/wp-json\/wp\/v2\/product_brand?post=27997"},{"taxonomy":"product_cat","embeddable":true,"href":"https:\/\/sakaba.mghosteur.com\/en\/wp-json\/wp\/v2\/product_cat?post=27997"},{"taxonomy":"product_tag","embeddable":true,"href":"https:\/\/sakaba.mghosteur.com\/en\/wp-json\/wp\/v2\/product_tag?post=27997"}],"curies":[{"name":"wp","href":"https:\/\/api.w.org\/{rel}","templated":true}]}}