{"id":28000,"date":"2022-11-29T20:37:22","date_gmt":"2022-11-29T20:37:22","guid":{"rendered":"http:\/\/www.sakababeauty.com\/?post_type=product&#038;p=28000"},"modified":"2022-11-29T20:37:22","modified_gmt":"2022-11-29T20:37:22","slug":"pca-skin-retinol-solutions-acne-intensive","status":"publish","type":"product","link":"https:\/\/sakaba.mghosteur.com\/en\/product\/pca-skin-retinol-solutions-acne-intensive\/","title":{"rendered":"PCA SKIN RETINOL SOLUTIONS ACNE INTENSIVE"},"content":{"rendered":"","protected":false},"excerpt":{"rendered":"","protected":false},"featured_media":0,"comment_status":"closed","ping_status":"closed","template":"","meta":[],"product_brand":[],"product_cat":[377],"product_tag":[],"class_list":{"0":"post-28000","1":"product","2":"type-product","3":"status-publish","5":"product_cat-bath-body-works","7":"first","8":"instock","9":"shipping-taxable","10":"product-type-simple"},"jetpack-related-posts":[{"id":23903,"url":"https:\/\/sakaba.mghosteur.com\/en\/product\/cerave-resurfacing-retinol-serum\/","url_meta":{"origin":28000,"position":0},"title":"CERAVE RESURFACING RETINOL SERUM","author":"admin","date":"November 9, 2022","format":false,"excerpt":"Le s\u00e9rum resurfa\u00e7ant au r\u00e9tinol de la marque CeraVe est le choix id\u00e9al pour une peau douce et uniforme. Les marques d'acn\u00e9 et le teint irr\u00e9gulier peuvent \u00eatre g\u00eanants, m\u00eame apr\u00e8s que votre acn\u00e9 est sous contr\u00f4le. C'est l\u00e0 que notre s\u00e9rum resurfa\u00e7ant entre en jeu. Formul\u00e9 avec du r\u00e9tinol\u2026","rel":"","context":"Similar post","block_context":{"text":"Similar post","link":""},"img":{"alt_text":"","src":"","width":0,"height":0},"classes":[]},{"id":32068,"url":"https:\/\/sakaba.mghosteur.com\/en\/product\/naturium-skin-renewing-retinol-body-lotion\/","url_meta":{"origin":28000,"position":1},"title":"NATURIUM SKIN RENEWING RETINOL BODY LOTION","author":"admin","date":"May 13, 2024","format":false,"excerpt":"","rel":"","context":"Similar post","block_context":{"text":"Similar post","link":""},"img":{"alt_text":"","src":"","width":0,"height":0},"classes":[]},{"id":32076,"url":"https:\/\/sakaba.mghosteur.com\/en\/product\/naturium-skin-renewing-retinol-body-lotion-414ml\/","url_meta":{"origin":28000,"position":2},"title":"NATURIUM SKIN RENEWING RETINOL BODY LOTION 414ML","author":"admin","date":"May 13, 2024","format":false,"excerpt":"La lotion corporelle au r\u00e9tinol favorise le renouvellement cutan\u00e9, am\u00e9liorant la texture, le teint et la fermet\u00e9 de la peau. Formul\u00e9e avec un complexe de r\u00e9tinol pur stabilis\u00e9 encapsul\u00e9 et de l'allanto\u00efne apaisante pour la peau, cette lotion laisse la peau douce, souple et nourrie tout en r\u00e9duisant les rougeurs\u2026","rel":"","context":"Similar post","block_context":{"text":"Similar post","link":""},"img":{"alt_text":"","src":"","width":0,"height":0},"classes":[]},{"id":27444,"url":"https:\/\/sakaba.mghosteur.com\/en\/product\/the-ordinary-retinol-0-5-in-squalane\/","url_meta":{"origin":28000,"position":3},"title":"THE ORDINARY RETINOL 0.5 % IN SQUALANE","author":"admin","date":"November 29, 2022","format":false,"excerpt":"R\u00e9tinol 0,5 % dans Squalane de la marque The Ordinary est une solution sans eau contenant 0,5 % de r\u00e9tinol, un ingr\u00e9dient reconnu pour am\u00e9liorer l'apparence des ridules et des ridules dynamiques r\u00e9sultant d'une perte de collag\u00e8ne et d'\u00e9lastine, tout en unifiant la texture et le teint de la peau.\u2026","rel":"","context":"Similar post","block_context":{"text":"Similar post","link":""},"img":{"alt_text":"","src":"","width":0,"height":0},"classes":[]},{"id":31373,"url":"https:\/\/sakaba.mghosteur.com\/en\/product\/paulas-choice-intensive-wrinkle-repair-retinol-serum\/","url_meta":{"origin":28000,"position":4},"title":"PAULA&#8217;S CHOICE INTENSIVE WRINKLE REPAIR RETINOL SERUM","author":"admin","date":"May 10, 2024","format":false,"excerpt":"S\u00e9rum Anti-\u00c2ge au R\u00e9tinol Pour celles et ceux qui cherchent \u00e0 pr\u00e9server la jeunesse de leur peau tout en att\u00e9nuant les signes visibles du temps, le S\u00e9rum Anti-\u00c2ge au R\u00e9tinol est un alli\u00e9 pr\u00e9cieux. Con\u00e7u pour tous les types de peau, il r\u00e9pond aux besoins de ceux souhaitant lutter contre\u2026","rel":"","context":"Similar post","block_context":{"text":"Similar post","link":""},"img":{"alt_text":"","src":"","width":0,"height":0},"classes":[]},{"id":23957,"url":"https:\/\/sakaba.mghosteur.com\/en\/product\/cerave-skin-renewing-retinol-serum\/","url_meta":{"origin":28000,"position":5},"title":"CERAVE SKIN RENEWING RETINOL SERUM","author":"admin","date":"November 9, 2022","format":false,"excerpt":"Le s\u00e9rum r\u00e9g\u00e9n\u00e9rant au r\u00e9tinol pour la peau douce de CeraVe est un excellent choix pour votre routine de soins anti-\u00e2ge. Ce s\u00e9rum est sp\u00e9cialement formul\u00e9 pour am\u00e9liorer l'apparence des ridules et des rides, de la texture et de l'\u00e9clat de votre peau. En utilisant ce s\u00e9rum, vous pourrez b\u00e9n\u00e9ficier\u2026","rel":"","context":"Similar post","block_context":{"text":"Similar post","link":""},"img":{"alt_text":"","src":"","width":0,"height":0},"classes":[]}],"_links":{"self":[{"href":"https:\/\/sakaba.mghosteur.com\/en\/wp-json\/wp\/v2\/product\/28000","targetHints":{"allow":["GET"]}}],"collection":[{"href":"https:\/\/sakaba.mghosteur.com\/en\/wp-json\/wp\/v2\/product"}],"about":[{"href":"https:\/\/sakaba.mghosteur.com\/en\/wp-json\/wp\/v2\/types\/product"}],"replies":[{"embeddable":true,"href":"https:\/\/sakaba.mghosteur.com\/en\/wp-json\/wp\/v2\/comments?post=28000"}],"version-history":[{"count":0,"href":"https:\/\/sakaba.mghosteur.com\/en\/wp-json\/wp\/v2\/product\/28000\/revisions"}],"wp:attachment":[{"href":"https:\/\/sakaba.mghosteur.com\/en\/wp-json\/wp\/v2\/media?parent=28000"}],"wp:term":[{"taxonomy":"product_brand","embeddable":true,"href":"https:\/\/sakaba.mghosteur.com\/en\/wp-json\/wp\/v2\/product_brand?post=28000"},{"taxonomy":"product_cat","embeddable":true,"href":"https:\/\/sakaba.mghosteur.com\/en\/wp-json\/wp\/v2\/product_cat?post=28000"},{"taxonomy":"product_tag","embeddable":true,"href":"https:\/\/sakaba.mghosteur.com\/en\/wp-json\/wp\/v2\/product_tag?post=28000"}],"curies":[{"name":"wp","href":"https:\/\/api.w.org\/{rel}","templated":true}]}}