{"id":28020,"date":"2022-11-29T20:44:09","date_gmt":"2022-11-29T20:44:09","guid":{"rendered":"http:\/\/www.sakababeauty.com\/?post_type=product&#038;p=28020"},"modified":"2022-11-29T20:44:09","modified_gmt":"2022-11-29T20:44:09","slug":"squalane-vitamin-c-rose-oil","status":"publish","type":"product","link":"https:\/\/sakaba.mghosteur.com\/en\/product\/squalane-vitamin-c-rose-oil\/","title":{"rendered":"SQUALANE + VITAMIN C ROSE OIL"},"content":{"rendered":"","protected":false},"excerpt":{"rendered":"","protected":false},"featured_media":0,"comment_status":"closed","ping_status":"closed","template":"","meta":[],"product_brand":[],"product_cat":[377],"product_tag":[],"class_list":{"0":"post-28020","1":"product","2":"type-product","3":"status-publish","5":"product_cat-bath-body-works","7":"first","8":"instock","9":"shipping-taxable","10":"product-type-simple"},"jetpack-related-posts":[{"id":27312,"url":"https:\/\/sakaba.mghosteur.com\/en\/product\/good-molecules-squalane-oil\/","url_meta":{"origin":28020,"position":0},"title":"GOOD MOLECULES SQUALANE OIL","author":"admin","date":"November 29, 2022","format":false,"excerpt":"D\u00e9couvrez l'Huile de Squalane de la marque Good Molecules, la solution id\u00e9ale pour hydrater la peau s\u00e8che et d\u00e9shydrat\u00e9e. Cette huile est compos\u00e9e \u00e0 100 % de squalane d'origine v\u00e9g\u00e9tale pour adoucir et sceller l'humidit\u00e9, ce qui permet d'obtenir un teint sain et hydrat\u00e9. Le format de 13 ml \/\u2026","rel":"","context":"Similar post","block_context":{"text":"Similar post","link":""},"img":{"alt_text":"","src":"","width":0,"height":0},"classes":[]},{"id":27997,"url":"https:\/\/sakaba.mghosteur.com\/en\/product\/biossance-squalane-vitamin-c-dark-spot-serum\/","url_meta":{"origin":28020,"position":1},"title":"BIOSSANCE SQUALANE +VITAMIN C DARK SPOT SERUM","author":"admin","date":"November 29, 2022","format":false,"excerpt":"Ce s\u00e9rum, un traitement cibl\u00e9 \u00e0 10 % de vitamine C, illumine visiblement instantan\u00e9ment tout en agissant au fil du temps pour dissoudre la pigmentation et pr\u00e9venir une nouvelle d\u00e9coloration. R\u00e9sultats rapides, puissants et durables. Ce s\u00e9rum unique en son genre offre des r\u00e9sultats plus rapides, plus puissants et plus\u2026","rel":"","context":"Similar post","block_context":{"text":"Similar post","link":""},"img":{"alt_text":"","src":"","width":0,"height":0},"classes":[]},{"id":29269,"url":"https:\/\/sakaba.mghosteur.com\/en\/product\/pure-cold-pressed-rosehip-seed-oil\/","url_meta":{"origin":28020,"position":2},"title":"PURE COLD-PRESSED ROSEHIP SEED OIL","author":"admin","date":"March 22, 2023","format":false,"excerpt":"D\u00e9couvrez l'Huile de Graines de Rose Musqu\u00e9e Pure Press\u00e9e \u00e0 Froid de Good Molecules - un produit de soin de la peau naturel et durable pour le visage. Cette huile l\u00e9g\u00e8re et hydratante est riche en antioxydants, en vitamine A naturelle et aide \u00e0 restaurer l'\u00e9lasticit\u00e9 de la peau. Cultiv\u00e9e\u2026","rel":"","context":"Similar post","block_context":{"text":"Similar post","link":""},"img":{"alt_text":"","src":"","width":0,"height":0},"classes":[]},{"id":24284,"url":"https:\/\/sakaba.mghosteur.com\/en\/product\/neutrogena-oil-free-acne-wash\/","url_meta":{"origin":28020,"position":3},"title":"NEUTROGENA OIL FREE ACNE WASH","author":"admin","date":"November 9, 2022","format":false,"excerpt":"D\u00e9couvrez le nettoyant anti-acn\u00e9 sans huile de la marque Neutrogena, sp\u00e9cialement con\u00e7u pour \u00e9liminer les impuret\u00e9s de votre peau en seulement une semaine. Ce nettoyant pour le visage au pamplemousse rose contient de l'extrait de pamplemousse d'origine naturelle et de la vitamine C, pour une action douce mais efficace. Gr\u00e2ce\u2026","rel":"","context":"Similar post","block_context":{"text":"Similar post","link":""},"img":{"alt_text":"","src":"","width":0,"height":0},"classes":[]},{"id":56126,"url":"https:\/\/sakaba.mghosteur.com\/en\/product\/advanced-clinicals-vitamin-c-brightening-body-oil\/","url_meta":{"origin":28020,"position":4},"title":"Advanced Clinicals Vitamin C Brightening Body Oil","author":"Sope DIA","date":"January 2, 2026","format":false,"excerpt":"L'HUILE CORPORELLE \u00c0 LA VITAMINE C REVIENT LES TEINTS TERN\u00c9S POUR UN \u00c9CLAT \u00c9CLATANT ET SOUPLE \u2013 Cette huile corporelle nourrissante am\u00e9liore l'hydratation tout en adoucissant l'apparence des peaux irr\u00e9guli\u00e8res et ternes. La peau est douce, visiblement rafra\u00eechie et revitalis\u00e9e, avec un \u00e9clat sain. Formul\u00e9e par des chimistes cosm\u00e9tiques pour\u2026","rel":"","context":"Similar post","block_context":{"text":"Similar post","link":""},"img":{"alt_text":"","src":"","width":0,"height":0},"classes":[]},{"id":28080,"url":"https:\/\/sakaba.mghosteur.com\/en\/product\/naturium-the-glow-getter-multi-oil-body-wash\/","url_meta":{"origin":28020,"position":5},"title":"NATURIUM THE GLOW GETTER MULTI OIL BODY WASH","author":"admin","date":"November 29, 2022","format":false,"excerpt":"Le gel douche hydratant et sensoriel est formul\u00e9 avec plus de 50 % de glyc\u00e9rine, un m\u00e9lange d'huiles riches en acide linol\u00e9ique et de squalane d'origine v\u00e9g\u00e9tale. Ce nettoyant corporel transformateur est riche en humectants qui hydratent et nourrissent la peau","rel":"","context":"Similar post","block_context":{"text":"Similar post","link":""},"img":{"alt_text":"","src":"","width":0,"height":0},"classes":[]}],"_links":{"self":[{"href":"https:\/\/sakaba.mghosteur.com\/en\/wp-json\/wp\/v2\/product\/28020","targetHints":{"allow":["GET"]}}],"collection":[{"href":"https:\/\/sakaba.mghosteur.com\/en\/wp-json\/wp\/v2\/product"}],"about":[{"href":"https:\/\/sakaba.mghosteur.com\/en\/wp-json\/wp\/v2\/types\/product"}],"replies":[{"embeddable":true,"href":"https:\/\/sakaba.mghosteur.com\/en\/wp-json\/wp\/v2\/comments?post=28020"}],"version-history":[{"count":0,"href":"https:\/\/sakaba.mghosteur.com\/en\/wp-json\/wp\/v2\/product\/28020\/revisions"}],"wp:attachment":[{"href":"https:\/\/sakaba.mghosteur.com\/en\/wp-json\/wp\/v2\/media?parent=28020"}],"wp:term":[{"taxonomy":"product_brand","embeddable":true,"href":"https:\/\/sakaba.mghosteur.com\/en\/wp-json\/wp\/v2\/product_brand?post=28020"},{"taxonomy":"product_cat","embeddable":true,"href":"https:\/\/sakaba.mghosteur.com\/en\/wp-json\/wp\/v2\/product_cat?post=28020"},{"taxonomy":"product_tag","embeddable":true,"href":"https:\/\/sakaba.mghosteur.com\/en\/wp-json\/wp\/v2\/product_tag?post=28020"}],"curies":[{"name":"wp","href":"https:\/\/api.w.org\/{rel}","templated":true}]}}