{"id":28024,"date":"2022-11-29T20:45:29","date_gmt":"2022-11-29T20:45:29","guid":{"rendered":"http:\/\/www.sakababeauty.com\/?post_type=product&#038;p=28024"},"modified":"2022-11-29T20:45:29","modified_gmt":"2022-11-29T20:45:29","slug":"skin-ceuticals-c-e-ferulic-combination-antioxydant","status":"publish","type":"product","link":"https:\/\/sakaba.mghosteur.com\/en\/product\/skin-ceuticals-c-e-ferulic-combination-antioxydant\/","title":{"rendered":"SKIN CEUTICALS C E FERULIC COMBINATION ANTIOXYDANT"},"content":{"rendered":"","protected":false},"excerpt":{"rendered":"","protected":false},"featured_media":0,"comment_status":"closed","ping_status":"closed","template":"","meta":[],"product_brand":[],"product_cat":[377],"product_tag":[],"class_list":{"0":"post-28024","1":"product","2":"type-product","3":"status-publish","5":"product_cat-bath-body-works","7":"first","8":"instock","9":"shipping-taxable","10":"product-type-simple"},"jetpack-related-posts":[{"id":34159,"url":"https:\/\/sakaba.mghosteur.com\/en\/product\/combination-skin-cleansing-bar-3-in-1-treatment-56g\/","url_meta":{"origin":28024,"position":0},"title":"COMBINATION SKIN CLEANSING BAR 3 IN 1 TREATMENT 56G","author":"admin","date":"May 27, 2024","format":false,"excerpt":"","rel":"","context":"Similar post","block_context":{"text":"Similar post","link":""},"img":{"alt_text":"","src":"","width":0,"height":0},"classes":[]},{"id":30150,"url":"https:\/\/sakaba.mghosteur.com\/en\/product\/dr-teal-s-skin-therapy-collagen-radiant-skin\/","url_meta":{"origin":28024,"position":1},"title":"Dr Teal s SKIN THERAPY COLLAGEN + RADIANT SKIN","author":"admin","date":"May 3, 2023","format":false,"excerpt":"e bain au collag\u00e8ne + lait pour la peau radieux de Dr Teal's Skin Therapy avec acide hyaluronique et vitamine C est compos\u00e9 d'un m\u00e9lange nourrissant de lait de coco et de lait d'amande pour d\u00e9tendre l'esprit, apaiser le corps et nourrir votre peau.\u00a0Notre formule Radiant Skin combine du collag\u00e8ne\u2026","rel":"","context":"Similar post","block_context":{"text":"Similar post","link":""},"img":{"alt_text":"","src":"","width":0,"height":0},"classes":[]},{"id":35978,"url":"https:\/\/sakaba.mghosteur.com\/en\/product\/medix-5-5-retinol-ferulic-acid-age-rewind-444ml\/","url_meta":{"origin":28024,"position":2},"title":"MEDIX 5.5 RETINOL FERULIC ACID AGE REWIND 444ML","author":"admin","date":"August 10, 2024","format":false,"excerpt":"MEDIX 5.5 \u2013 RETINOL CREAM contient d\u2019autres ingr\u00e9dients actifs tels que l\u2019acide f\u00e9rulique, le th\u00e9 vert, la vitamine E, le beurre de karit\u00e9 et l\u2019aloe vera qui agissent en synergie pour am\u00e9liorer la sant\u00e9 globale et l\u2019apparence de votre peau afin de donner \u00e0 votre peau un \u00e9clat jeune et\u2026","rel":"","context":"Similar post","block_context":{"text":"Similar post","link":""},"img":{"alt_text":"","src":"","width":0,"height":0},"classes":[]},{"id":26439,"url":"https:\/\/sakaba.mghosteur.com\/en\/product\/vital-e-antioxydant-eye-cream\/","url_meta":{"origin":28024,"position":3},"title":"VITAL E ANTIOXYDANT EYE CREAM","author":"admin","date":"November 25, 2022","format":false,"excerpt":"","rel":"","context":"Similar post","block_context":{"text":"Similar post","link":""},"img":{"alt_text":"","src":"","width":0,"height":0},"classes":[]},{"id":33424,"url":"https:\/\/sakaba.mghosteur.com\/en\/product\/peterthomasroth-vital-e-antioxydant-eye-cream\/","url_meta":{"origin":28024,"position":4},"title":"PETERTHOMASROTH VITAL E ANTIOXYDANT EYE CREAM","author":"admin","date":"May 21, 2024","format":false,"excerpt":"","rel":"","context":"Similar post","block_context":{"text":"Similar post","link":""},"img":{"alt_text":"","src":"","width":0,"height":0},"classes":[]},{"id":27019,"url":"https:\/\/sakaba.mghosteur.com\/en\/product\/combination-skin-cleansing-bar-3-in-1-treatment\/","url_meta":{"origin":28024,"position":5},"title":"COMBINATION SKIN CLEANSING BAR 3 IN 1 TREATMENT","author":"admin","date":"November 28, 2022","format":false,"excerpt":"D\u00e9couvrez la barre nettoyante pour peaux mixtes de la marque Urban Skin, r\u00e9compens\u00e9e par le prestigieux prix Allure Best of Beauty Award. Con\u00e7ue sp\u00e9cialement pour les peaux mixtes, s\u00e8ches et vieillissantes, cette barre nettoyante offre une exp\u00e9rience de nettoyage ultime en lissant, hydratant et illuminant votre peau pour r\u00e9v\u00e9ler votre\u2026","rel":"","context":"Similar post","block_context":{"text":"Similar post","link":""},"img":{"alt_text":"","src":"","width":0,"height":0},"classes":[]}],"_links":{"self":[{"href":"https:\/\/sakaba.mghosteur.com\/en\/wp-json\/wp\/v2\/product\/28024","targetHints":{"allow":["GET"]}}],"collection":[{"href":"https:\/\/sakaba.mghosteur.com\/en\/wp-json\/wp\/v2\/product"}],"about":[{"href":"https:\/\/sakaba.mghosteur.com\/en\/wp-json\/wp\/v2\/types\/product"}],"replies":[{"embeddable":true,"href":"https:\/\/sakaba.mghosteur.com\/en\/wp-json\/wp\/v2\/comments?post=28024"}],"version-history":[{"count":0,"href":"https:\/\/sakaba.mghosteur.com\/en\/wp-json\/wp\/v2\/product\/28024\/revisions"}],"wp:attachment":[{"href":"https:\/\/sakaba.mghosteur.com\/en\/wp-json\/wp\/v2\/media?parent=28024"}],"wp:term":[{"taxonomy":"product_brand","embeddable":true,"href":"https:\/\/sakaba.mghosteur.com\/en\/wp-json\/wp\/v2\/product_brand?post=28024"},{"taxonomy":"product_cat","embeddable":true,"href":"https:\/\/sakaba.mghosteur.com\/en\/wp-json\/wp\/v2\/product_cat?post=28024"},{"taxonomy":"product_tag","embeddable":true,"href":"https:\/\/sakaba.mghosteur.com\/en\/wp-json\/wp\/v2\/product_tag?post=28024"}],"curies":[{"name":"wp","href":"https:\/\/api.w.org\/{rel}","templated":true}]}}