{"id":28027,"date":"2022-11-29T20:46:34","date_gmt":"2022-11-29T20:46:34","guid":{"rendered":"http:\/\/www.sakababeauty.com\/?post_type=product&#038;p=28027"},"modified":"2022-11-29T20:46:35","modified_gmt":"2022-11-29T20:46:35","slug":"versed-doctor-s-visit-instant-resurfacing-mask","status":"publish","type":"product","link":"https:\/\/sakaba.mghosteur.com\/en\/product\/versed-doctor-s-visit-instant-resurfacing-mask\/","title":{"rendered":"VERSED DOCTOR S VISIT INSTANT RESURFACING MASK"},"content":{"rendered":"","protected":false},"excerpt":{"rendered":"","protected":false},"featured_media":0,"comment_status":"closed","ping_status":"closed","template":"","meta":[],"product_brand":[],"product_cat":[377],"product_tag":[],"class_list":{"0":"post-28027","1":"product","2":"type-product","3":"status-publish","5":"product_cat-bath-body-works","7":"first","8":"instock","9":"shipping-taxable","10":"product-type-simple"},"jetpack-related-posts":[{"id":34204,"url":"https:\/\/sakaba.mghosteur.com\/en\/product\/first-aid-ultra-repair-instant-oatmeal-mask\/","url_meta":{"origin":28027,"position":0},"title":"FIRST AID ULTRA REPAIR INSTANT OATMEAL MASK","author":"admin","date":"May 27, 2024","format":false,"excerpt":"Masque \u00e0 l'avoine instantan\u00e9 First Aid Beauty Ultra Repair. Un masque profond\u00e9ment hydratant qui apaise, nourrit et lisse la peau en d\u00e9tresse. Ce rem\u00e8de de 10 minutes est l'antidote parfait pour la peau s\u00e8che et d\u00e9shydrat\u00e9e. Sa formule apaisante pour la peau associe des plantes antioxydantes \u00e0 un duo d'avoine\u2026","rel":"","context":"Similar post","block_context":{"text":"Similar post","link":""},"img":{"alt_text":"","src":"","width":0,"height":0},"classes":[]},{"id":26334,"url":"https:\/\/sakaba.mghosteur.com\/en\/product\/glycolic-acid-resurfacing-gel-10\/","url_meta":{"origin":28027,"position":1},"title":"GLYCOLIC ACID RESURFACING GEL 10%","author":"admin","date":"November 24, 2022","format":false,"excerpt":"","rel":"","context":"Similar post","block_context":{"text":"Similar post","link":""},"img":{"alt_text":"","src":"","width":0,"height":0},"classes":[]},{"id":28013,"url":"https:\/\/sakaba.mghosteur.com\/en\/product\/squalane-lactic-acid-resurfacing-night-serum\/","url_meta":{"origin":28027,"position":2},"title":"SQUALANE +LACTIC ACID RESURFACING NIGHT SERUM","author":"admin","date":"November 29, 2022","format":false,"excerpt":"","rel":"","context":"Similar post","block_context":{"text":"Similar post","link":""},"img":{"alt_text":"","src":"","width":0,"height":0},"classes":[]},{"id":27897,"url":"https:\/\/sakaba.mghosteur.com\/en\/product\/farmacy-honey-moon-glow-aha-resurfacing-night-serum\/","url_meta":{"origin":28027,"position":3},"title":"FARMACY HONEY MOON GLOW AHA RESURFACING NIGHT SERUM","author":"admin","date":"November 29, 2022","format":false,"excerpt":"","rel":"","context":"Similar post","block_context":{"text":"Similar post","link":""},"img":{"alt_text":"","src":"","width":0,"height":0},"classes":[]},{"id":33706,"url":"https:\/\/sakaba.mghosteur.com\/en\/product\/farmacy-honey-moon-glow-aha-resurfacing-night-ser\/","url_meta":{"origin":28027,"position":4},"title":"FARMACY HONEY MOON GLOW AHA RESURFACING NIGHT SER","author":"admin","date":"May 22, 2024","format":false,"excerpt":"","rel":"","context":"Similar post","block_context":{"text":"Similar post","link":""},"img":{"alt_text":"","src":"","width":0,"height":0},"classes":[]},{"id":28038,"url":"https:\/\/sakaba.mghosteur.com\/en\/product\/versed-out-of-sight-dark-spot-gel\/","url_meta":{"origin":28027,"position":5},"title":"VERSED OUT OF SIGHT DARK SPOT GEL","author":"admin","date":"November 29, 2022","format":false,"excerpt":"Ce s\u00e9rum anti-taches brunes et antioxydant contient un m\u00e9lange d'ingr\u00e9dients concentr\u00e9s (mais s\u00fbrs) pour aider \u00e0 att\u00e9nuer les taches brunes persistantes et les marques post-acn\u00e9iques. Le traitement de l'hyperpigmentation \u00e0 l'acide tranexamique (un favori des dermatologues pour le m\u00e9lasma, la forme la plus tenace d'hyperpigmentation), l'acide kojique, l'extrait de racine\u2026","rel":"","context":"Similar post","block_context":{"text":"Similar post","link":""},"img":{"alt_text":"","src":"","width":0,"height":0},"classes":[]}],"_links":{"self":[{"href":"https:\/\/sakaba.mghosteur.com\/en\/wp-json\/wp\/v2\/product\/28027","targetHints":{"allow":["GET"]}}],"collection":[{"href":"https:\/\/sakaba.mghosteur.com\/en\/wp-json\/wp\/v2\/product"}],"about":[{"href":"https:\/\/sakaba.mghosteur.com\/en\/wp-json\/wp\/v2\/types\/product"}],"replies":[{"embeddable":true,"href":"https:\/\/sakaba.mghosteur.com\/en\/wp-json\/wp\/v2\/comments?post=28027"}],"version-history":[{"count":0,"href":"https:\/\/sakaba.mghosteur.com\/en\/wp-json\/wp\/v2\/product\/28027\/revisions"}],"wp:attachment":[{"href":"https:\/\/sakaba.mghosteur.com\/en\/wp-json\/wp\/v2\/media?parent=28027"}],"wp:term":[{"taxonomy":"product_brand","embeddable":true,"href":"https:\/\/sakaba.mghosteur.com\/en\/wp-json\/wp\/v2\/product_brand?post=28027"},{"taxonomy":"product_cat","embeddable":true,"href":"https:\/\/sakaba.mghosteur.com\/en\/wp-json\/wp\/v2\/product_cat?post=28027"},{"taxonomy":"product_tag","embeddable":true,"href":"https:\/\/sakaba.mghosteur.com\/en\/wp-json\/wp\/v2\/product_tag?post=28027"}],"curies":[{"name":"wp","href":"https:\/\/api.w.org\/{rel}","templated":true}]}}