{"id":28038,"date":"2022-11-29T20:50:37","date_gmt":"2022-11-29T20:50:37","guid":{"rendered":"http:\/\/www.sakababeauty.com\/?post_type=product&#038;p=28038"},"modified":"2024-08-08T15:21:05","modified_gmt":"2024-08-08T15:21:05","slug":"versed-out-of-sight-dark-spot-gel","status":"publish","type":"product","link":"https:\/\/sakaba.mghosteur.com\/en\/product\/versed-out-of-sight-dark-spot-gel\/","title":{"rendered":"VERSED OUT OF SIGHT DARK SPOT GEL"},"content":{"rendered":"<p>Ce s\u00e9rum anti-taches brunes et antioxydant contient un m\u00e9lange d&#8217;ingr\u00e9dients concentr\u00e9s (mais s\u00fbrs) pour aider \u00e0 att\u00e9nuer les taches brunes persistantes et les marques post-acn\u00e9iques. Le traitement de l&#8217;hyperpigmentation \u00e0 l&#8217;acide tranexamique (un favori des dermatologues pour le m\u00e9lasma, la forme la plus tenace d&#8217;hyperpigmentation), l&#8217;acide kojique, l&#8217;extrait de racine de r\u00e9glisse pour la peau et la niacinamide agissent ensemble pour entraver la production de m\u00e9lanine et uniformiser le teint sans irritation. Satur\u00e9 d&#8217;antioxydants, ce gel de traitement des imperfections renforce \u00e9galement la barri\u00e8re cutan\u00e9e pour aider \u00e0 pr\u00e9venir les dommages futurs.<\/p>\n<p>La d\u00e9coloration \u00e9claircissante prend du temps. Utilisez l&#8217;applicateur de pr\u00e9cision pour appliquer ce s\u00e9rum anti-taches brunes \u00e0 la niacinamide pour le visage deux fois par jour pendant 6 \u00e0 8 semaines pour de meilleurs r\u00e9sultats. Le gel peut \u00eatre l\u00e9g\u00e8rement collant au d\u00e9but, ce qui garantit que les ingr\u00e9dients restent en place jusqu&#8217;\u00e0 ce que la formule soit compl\u00e8tement absorb\u00e9e. La couleur peut changer avec le temps, mais ne vous inqui\u00e9tez pas, cela n&#8217;a aucun impact sur l&#8217;efficacit\u00e9 du produit.<\/p>","protected":false},"excerpt":{"rendered":"<p>Ce s\u00e9rum anti-taches brunes et antioxydant contient un m\u00e9lange d&#8217;ingr\u00e9dients concentr\u00e9s (mais s\u00fbrs) pour aider \u00e0 att\u00e9nuer les taches brunes persistantes et les marques post-acn\u00e9iques. Le traitement de l&#8217;hyperpigmentation \u00e0 l&#8217;acide tranexamique (un favori des dermatologues pour le m\u00e9lasma, la forme la plus tenace d&#8217;hyperpigmentation), l&#8217;acide kojique, l&#8217;extrait de racine de r\u00e9glisse pour la peau<span class=\"read-more-faq\"><a href=\"https:\/\/sakaba.mghosteur.com\/en\/product\/versed-out-of-sight-dark-spot-gel\/\">Read More<\/a><\/span><\/p>","protected":false},"featured_media":0,"comment_status":"closed","ping_status":"closed","template":"","meta":[],"product_brand":[],"product_cat":[293,451,334],"product_tag":[],"class_list":{"0":"post-28038","1":"product","2":"type-product","3":"status-publish","5":"product_cat-anti-taches","6":"product_cat-aab-soin-du-visage","7":"product_cat-traitement-serum","9":"first","10":"instock","11":"shipping-taxable","12":"product-type-simple"},"jetpack-related-posts":[{"id":31816,"url":"https:\/\/sakaba.mghosteur.com\/en\/product\/anua-niacinamide-10-txa-4-dark-spot-30ml\/","url_meta":{"origin":28038,"position":0},"title":"ANUA NIACINAMIDE 10% +TXA 4% DARK SPOT 30ML","author":"admin","date":"May 10, 2024","format":false,"excerpt":"Anua Niacinamide 10% + TXA 4% Dark Spot 30ML est un s\u00e9rum qui contient 10% de niacinamide et 4% d'acide tranexamique pour aider \u00e0 r\u00e9duire la d\u00e9coloration et cibler les taches brunes tenaces et l'hyperpigmentation. Il contient \u00e9galement 2% d'arbutine pour aider \u00e0 corriger le teint irr\u00e9gulier en limitant la\u2026","rel":"","context":"Similar post","block_context":{"text":"Similar post","link":""},"img":{"alt_text":"","src":"","width":0,"height":0},"classes":[]},{"id":27908,"url":"https:\/\/sakaba.mghosteur.com\/en\/product\/green-tangerine-vita-c-dark-spot-serum\/","url_meta":{"origin":28038,"position":1},"title":"GREEN TANGERINE VITA C DARK SPOT SERUM+","author":"admin","date":"November 29, 2022","format":false,"excerpt":"Le s\u00e9rum anti-taches brunes \u00e0 la vitamine C contient un puissant m\u00e9lange de 70 % d'extrait de mandarine verte fra\u00eeche, de 4 % de niacinamide et d'arbutine. Les mandarines vertes sont riches en antioxydants et contiennent 10 fois plus de vitamine C que les citrons. Gr\u00e2ce \u00e0 ce fruit, notre\u2026","rel":"","context":"Similar post","block_context":{"text":"Similar post","link":""},"img":{"alt_text":"","src":"","width":0,"height":0},"classes":[]},{"id":31633,"url":"https:\/\/sakaba.mghosteur.com\/en\/product\/the-inkey-list-tranexamic-acid-serum\/","url_meta":{"origin":28038,"position":2},"title":"THE INKEY LIST TRANEXAMIC ACID SERUM","author":"admin","date":"May 10, 2024","format":false,"excerpt":"Ce gel de traitement cible l'hyperpigmentation, les taches in\u00e9gales et les taches brunes, illuminant ainsi le teint de la peau et aidant \u00e0 r\u00e9duire les taches brunes et l'irr\u00e9gularit\u00e9 du teint. Formul\u00e9 avec 2 % d'acide tranexamique, un acide amin\u00e9 puissant, 2 % d'extrait de baie d'a\u00e7a\u00ef pour favoriser un\u2026","rel":"","context":"Similar post","block_context":{"text":"Similar post","link":""},"img":{"alt_text":"","src":"","width":0,"height":0},"classes":[]},{"id":27817,"url":"https:\/\/sakaba.mghosteur.com\/en\/product\/facial-radiance-niacinamide-dark-spot-serum\/","url_meta":{"origin":28038,"position":3},"title":"FACIAL RADIANCE NIACINAMIDE DARK SPOT SERUM","author":"admin","date":"November 29, 2022","format":false,"excerpt":"Ce s\u00e9rum non irritant \u00e0 base de niacinamide aide \u00e0 r\u00e9duire l'apparence des taches brunes, des taches solaires, de l'hyperpigmentation, de la d\u00e9coloration et des marques post-acn\u00e9. Cette formule efficace aide \u00e0 uniformiser le teint gr\u00e2ce \u00e0 la niacinamide puissante, renforc\u00e9e par la racine de r\u00e9glisse et le kiwi dor\u00e9,\u2026","rel":"","context":"Similar post","block_context":{"text":"Similar post","link":""},"img":{"alt_text":"","src":"","width":0,"height":0},"classes":[]},{"id":24733,"url":"https:\/\/sakaba.mghosteur.com\/en\/product\/differin-dark-spot-correcting-serum\/","url_meta":{"origin":28038,"position":4},"title":"DIFFERIN DARK SPOT CORRECTING SERUM","author":"admin","date":"November 10, 2022","format":false,"excerpt":"Le s\u00e9rum correcteur de taches brunes Differin est un s\u00e9rum pour le visage qui aide \u00e0 r\u00e9duire l'apparence des marques post-acn\u00e9, de l'hyperpigmentation, des taches, des taches de vieillesse et m\u00eame des taches de rousseur. Il contient 4 % de niacinamide, un ingr\u00e9dient \u00e9claircissant cliniquement prouv\u00e9. Il contient \u00e9galement de\u2026","rel":"","context":"Similar post","block_context":{"text":"Similar post","link":""},"img":{"alt_text":"","src":"","width":0,"height":0},"classes":[]},{"id":26364,"url":"https:\/\/sakaba.mghosteur.com\/en\/product\/naturium-multi-bright-tranexamic-acid-treatment-5\/","url_meta":{"origin":28038,"position":5},"title":"NATURIUM MULTI BRIGHT TRANEXAMIC ACID TREATMENT 5%","author":"admin","date":"November 25, 2022","format":false,"excerpt":"Le s\u00e9rum topique \u00e0 l'acide tranexamique est formul\u00e9 avec un niveau puissant d'acide tranexamique, ainsi que de l'acide kojique, de la niacinamide et de l'extrait de racine de r\u00e9glisse pour aider \u00e0 att\u00e9nuer l'apparence des taches brunes, pour une peau plus lumineuse. Il est cliniquement prouv\u00e9 que notre acide topique\u2026","rel":"","context":"Similar post","block_context":{"text":"Similar post","link":""},"img":{"alt_text":"","src":"","width":0,"height":0},"classes":[]}],"_links":{"self":[{"href":"https:\/\/sakaba.mghosteur.com\/en\/wp-json\/wp\/v2\/product\/28038","targetHints":{"allow":["GET"]}}],"collection":[{"href":"https:\/\/sakaba.mghosteur.com\/en\/wp-json\/wp\/v2\/product"}],"about":[{"href":"https:\/\/sakaba.mghosteur.com\/en\/wp-json\/wp\/v2\/types\/product"}],"replies":[{"embeddable":true,"href":"https:\/\/sakaba.mghosteur.com\/en\/wp-json\/wp\/v2\/comments?post=28038"}],"version-history":[{"count":0,"href":"https:\/\/sakaba.mghosteur.com\/en\/wp-json\/wp\/v2\/product\/28038\/revisions"}],"wp:attachment":[{"href":"https:\/\/sakaba.mghosteur.com\/en\/wp-json\/wp\/v2\/media?parent=28038"}],"wp:term":[{"taxonomy":"product_brand","embeddable":true,"href":"https:\/\/sakaba.mghosteur.com\/en\/wp-json\/wp\/v2\/product_brand?post=28038"},{"taxonomy":"product_cat","embeddable":true,"href":"https:\/\/sakaba.mghosteur.com\/en\/wp-json\/wp\/v2\/product_cat?post=28038"},{"taxonomy":"product_tag","embeddable":true,"href":"https:\/\/sakaba.mghosteur.com\/en\/wp-json\/wp\/v2\/product_tag?post=28038"}],"curies":[{"name":"wp","href":"https:\/\/api.w.org\/{rel}","templated":true}]}}