{"id":28044,"date":"2022-11-29T20:53:05","date_gmt":"2022-11-29T20:53:05","guid":{"rendered":"http:\/\/www.sakababeauty.com\/?post_type=product&#038;p=28044"},"modified":"2022-11-29T20:53:05","modified_gmt":"2022-11-29T20:53:05","slug":"squalane-elderberry-jelly-cleanser","status":"publish","type":"product","link":"https:\/\/sakaba.mghosteur.com\/en\/product\/squalane-elderberry-jelly-cleanser\/","title":{"rendered":"SQUALANE + ELDERBERRY JELLY CLEANSER"},"content":{"rendered":"","protected":false},"excerpt":{"rendered":"","protected":false},"featured_media":0,"comment_status":"closed","ping_status":"closed","template":"","meta":[],"product_brand":[],"product_cat":[377],"product_tag":[],"class_list":{"0":"post-28044","1":"product","2":"type-product","3":"status-publish","5":"product_cat-bath-body-works","7":"first","8":"instock","9":"shipping-taxable","10":"product-type-simple"},"jetpack-related-posts":[{"id":27010,"url":"https:\/\/sakaba.mghosteur.com\/en\/product\/clear-collective-exfoliating-jelly-cleanser\/","url_meta":{"origin":28044,"position":0},"title":"CLEAR COLLECTIVE EXFOLIATING JELLY CLEANSER","author":"admin","date":"November 28, 2022","format":false,"excerpt":"","rel":"","context":"Similar post","block_context":{"text":"Similar post","link":""},"img":{"alt_text":"","src":"","width":0,"height":0},"classes":[]},{"id":31615,"url":"https:\/\/sakaba.mghosteur.com\/en\/product\/the-ordinary-squalane-cleanser-150-ml\/","url_meta":{"origin":28044,"position":1},"title":"The Ordinary Squalane Cleanser 150 ml","author":"admin","date":"May 10, 2024","format":false,"excerpt":"Le Squalane Cleanser est con\u00e7u pour d\u00e9barrasser la peau du maquillage et de la salet\u00e9 tout en soutenant sa barri\u00e8re d'hydratation. Enrichi en squalane d'origine v\u00e9g\u00e9tale, un hydratant reconnu, ainsi qu'en esters lipophiles, ce nettoyant laisse la peau lisse et douce tout en dissolvant le maquillage. Sa formule non com\u00e9dog\u00e8ne\u2026","rel":"","context":"Similar post","block_context":{"text":"Similar post","link":""},"img":{"alt_text":"","src":"","width":0,"height":0},"classes":[]},{"id":28898,"url":"https:\/\/sakaba.mghosteur.com\/en\/product\/the-ordinary-cleansers-squalane\/","url_meta":{"origin":28044,"position":2},"title":"THE ORDINARY CLEANSER SQUALANE","author":"admin","date":"March 8, 2023","format":false,"excerpt":"Le nettoyant The Ordinary Cleanser Squalane est un nettoyant facial efficace qui \u00e9limine en douceur le maquillage et les impuret\u00e9s de la peau. La formule est con\u00e7ue pour soutenir la barri\u00e8re d'hydratation de la peau, assurant ainsi que votre peau reste hydrat\u00e9e pendant le processus de nettoyage. Les propri\u00e9t\u00e9s nettoyantes\u2026","rel":"","context":"Similar post","block_context":{"text":"Similar post","link":""},"img":{"alt_text":"","src":"","width":0,"height":0},"classes":[]},{"id":29589,"url":"https:\/\/sakaba.mghosteur.com\/en\/product\/fenty-skin-melt-awf-jelly-oil-makeup-melting-cleanser\/","url_meta":{"origin":28044,"position":3},"title":"FENTY SKIN MELT AWF JELLY OIL MAKEUP-MELTING CLEANSER","author":"admin","date":"April 10, 2023","format":false,"excerpt":"D\u00e9couvrez le MELT AWF JELLY OIL MAKEUP-MELTING CLEANSER de la marque FENTY, un nettoyant innovant qui enl\u00e8ve tous les types de maquillage, m\u00eame les formules longue tenue et waterproof, sans stress ni frottement. Gr\u00e2ce \u00e0 sa texture unique en gel\u00e9e qui se transforme en huile l\u00e9g\u00e8re, ce produit contient un\u2026","rel":"","context":"Similar post","block_context":{"text":"Similar post","link":""},"img":{"alt_text":"","src":"","width":0,"height":0},"classes":[]},{"id":31735,"url":"https:\/\/sakaba.mghosteur.com\/en\/product\/byoma-creamy-jelly-cleanser\/","url_meta":{"origin":28044,"position":4},"title":"BYOMA CREAMY JELLY CLEANSER","author":"admin","date":"May 10, 2024","format":false,"excerpt":"GEL\u00c9E NETTOYANTE CR\u00c9MEUSE HYDRATANTE ET \u00c9CLAIRCISSANTE 175 ML\/5,91 FL.OZ Cette gel\u00e9e nettoyante hydratante ultra-cr\u00e8me \u00e9limine en douceur et efficacement la salet\u00e9, l'exc\u00e8s de s\u00e9bum et le maquillage sans perturber la barri\u00e8re cutan\u00e9e. C'est le nettoyant quotidien id\u00e9al pour votre visage, tout-en-un. Infus\u00e9e de notre complexe tri-c\u00e9ramide, qui renforce la barri\u00e8re\u2026","rel":"","context":"Similar post","block_context":{"text":"Similar post","link":""},"img":{"alt_text":"","src":"","width":0,"height":0},"classes":[]},{"id":29049,"url":"https:\/\/sakaba.mghosteur.com\/en\/product\/cerave-hydrating-foaming-oil-cleanser-236ml\/","url_meta":{"origin":28044,"position":5},"title":"CERAVE HYDRATING FOAMING OIL CLEANSER 236ML","author":"admin","date":"March 10, 2023","format":false,"excerpt":"La CeraVe Hydrating Foaming Oil Cleanser est un nettoyant quotidien doux et nourrissant pour les peaux normales \u00e0 tr\u00e8s s\u00e8ches. Sa formule contenant 3 c\u00e9ramides essentiels, de la glyc\u00e9rine et de l'acide hyaluronique \u00e9limine en douceur la salet\u00e9, le s\u00e9bum et les impuret\u00e9s de la peau tout en procurant une\u2026","rel":"","context":"Similar post","block_context":{"text":"Similar post","link":""},"img":{"alt_text":"","src":"","width":0,"height":0},"classes":[]}],"_links":{"self":[{"href":"https:\/\/sakaba.mghosteur.com\/en\/wp-json\/wp\/v2\/product\/28044","targetHints":{"allow":["GET"]}}],"collection":[{"href":"https:\/\/sakaba.mghosteur.com\/en\/wp-json\/wp\/v2\/product"}],"about":[{"href":"https:\/\/sakaba.mghosteur.com\/en\/wp-json\/wp\/v2\/types\/product"}],"replies":[{"embeddable":true,"href":"https:\/\/sakaba.mghosteur.com\/en\/wp-json\/wp\/v2\/comments?post=28044"}],"version-history":[{"count":0,"href":"https:\/\/sakaba.mghosteur.com\/en\/wp-json\/wp\/v2\/product\/28044\/revisions"}],"wp:attachment":[{"href":"https:\/\/sakaba.mghosteur.com\/en\/wp-json\/wp\/v2\/media?parent=28044"}],"wp:term":[{"taxonomy":"product_brand","embeddable":true,"href":"https:\/\/sakaba.mghosteur.com\/en\/wp-json\/wp\/v2\/product_brand?post=28044"},{"taxonomy":"product_cat","embeddable":true,"href":"https:\/\/sakaba.mghosteur.com\/en\/wp-json\/wp\/v2\/product_cat?post=28044"},{"taxonomy":"product_tag","embeddable":true,"href":"https:\/\/sakaba.mghosteur.com\/en\/wp-json\/wp\/v2\/product_tag?post=28044"}],"curies":[{"name":"wp","href":"https:\/\/api.w.org\/{rel}","templated":true}]}}