{"id":28048,"date":"2022-11-29T20:54:28","date_gmt":"2022-11-29T20:54:28","guid":{"rendered":"http:\/\/www.sakababeauty.com\/?post_type=product&#038;p=28048"},"modified":"2022-11-29T20:54:29","modified_gmt":"2022-11-29T20:54:29","slug":"niod-re-pigment-multi-pathway-brightening-system","status":"publish","type":"product","link":"https:\/\/sakaba.mghosteur.com\/en\/product\/niod-re-pigment-multi-pathway-brightening-system\/","title":{"rendered":"NIOD RE PIGMENT MULTI PATHWAY BRIGHTENING SYSTEM"},"content":{"rendered":"","protected":false},"excerpt":{"rendered":"","protected":false},"featured_media":0,"comment_status":"closed","ping_status":"closed","template":"","meta":[],"product_brand":[],"product_cat":[377],"product_tag":[],"class_list":{"0":"post-28048","1":"product","2":"type-product","3":"status-publish","5":"product_cat-bath-body-works","7":"first","8":"instock","9":"shipping-taxable","10":"product-type-simple"},"jetpack-related-posts":[{"id":26780,"url":"https:\/\/sakaba.mghosteur.com\/en\/product\/kojic-san-skinlightening-soap-135g\/","url_meta":{"origin":28048,"position":0},"title":"Kojie San Skin Lightening Kojic Acid Soap &#8211; 135G","author":"admin","date":"November 28, 2022","format":false,"excerpt":"D\u00e9couvrez le Savon Eclaircissant Kojie San, un produit de beaut\u00e9 de qualit\u00e9 de 135g qui contient de l'acide kojique comme ingr\u00e9dient actif principal. Cet ingr\u00e9dient naturel de haute qualit\u00e9 aide \u00e0 pr\u00e9venir la production de m\u00e9lanine, rendant ainsi votre peau plus claire et plus l\u00e9g\u00e8re. Le savon Kojie San est\u2026","rel":"","context":"Similar post","block_context":{"text":"Similar post","link":""},"img":{"alt_text":"","src":"","width":0,"height":0},"classes":[]},{"id":25302,"url":"https:\/\/sakaba.mghosteur.com\/en\/product\/eucerin-pigment-control-50\/","url_meta":{"origin":28048,"position":1},"title":"EUCERIN PIGMENT CONTROL 50+","author":"admin","date":"November 14, 2022","format":false,"excerpt":"Eucerin Sun Fluid Pigment Control SPF 50+ est un \u00e9cran solaire pour le visage, \u00e0 la texture l\u00e9g\u00e8re, adapt\u00e9 \u00e0 tous les types de peau, y compris tous les types de peau sensibles. Ce protecteur neutralise les radicaux libres caus\u00e9s par les rayons UV et la lumi\u00e8re HEVIS, tout en\u2026","rel":"","context":"Similar post","block_context":{"text":"Similar post","link":""},"img":{"alt_text":"","src":"","width":0,"height":0},"classes":[]},{"id":26625,"url":"https:\/\/sakaba.mghosteur.com\/en\/product\/premium-brightening-cream\/","url_meta":{"origin":28048,"position":2},"title":"PREMIUM BRIGHTENING CREAM","author":"admin","date":"November 28, 2022","format":false,"excerpt":"","rel":"","context":"Similar post","block_context":{"text":"Similar post","link":""},"img":{"alt_text":"","src":"","width":0,"height":0},"classes":[]},{"id":26642,"url":"https:\/\/sakaba.mghosteur.com\/en\/product\/hb-hydroquinone-brightening\/","url_meta":{"origin":28048,"position":3},"title":"HB HYDROQUINONE BRIGHTENING","author":"admin","date":"November 28, 2022","format":false,"excerpt":"","rel":"","context":"Similar post","block_context":{"text":"Similar post","link":""},"img":{"alt_text":"","src":"","width":0,"height":0},"classes":[]},{"id":26914,"url":"https:\/\/sakaba.mghosteur.com\/en\/product\/ultra-brightening-essentials\/","url_meta":{"origin":28048,"position":4},"title":"ULTRA-BRIGHTENING ESSENTIALS","author":"admin","date":"November 28, 2022","format":false,"excerpt":"","rel":"","context":"Similar post","block_context":{"text":"Similar post","link":""},"img":{"alt_text":"","src":"","width":0,"height":0},"classes":[]},{"id":27870,"url":"https:\/\/sakaba.mghosteur.com\/en\/product\/truskin-vitamin-c-brightening-serum\/","url_meta":{"origin":28048,"position":5},"title":"TRUSKIN VITAMIN C BRIGHTENING SERUM","author":"admin","date":"November 29, 2022","format":false,"excerpt":"","rel":"","context":"Similar post","block_context":{"text":"Similar post","link":""},"img":{"alt_text":"","src":"","width":0,"height":0},"classes":[]}],"_links":{"self":[{"href":"https:\/\/sakaba.mghosteur.com\/en\/wp-json\/wp\/v2\/product\/28048","targetHints":{"allow":["GET"]}}],"collection":[{"href":"https:\/\/sakaba.mghosteur.com\/en\/wp-json\/wp\/v2\/product"}],"about":[{"href":"https:\/\/sakaba.mghosteur.com\/en\/wp-json\/wp\/v2\/types\/product"}],"replies":[{"embeddable":true,"href":"https:\/\/sakaba.mghosteur.com\/en\/wp-json\/wp\/v2\/comments?post=28048"}],"version-history":[{"count":0,"href":"https:\/\/sakaba.mghosteur.com\/en\/wp-json\/wp\/v2\/product\/28048\/revisions"}],"wp:attachment":[{"href":"https:\/\/sakaba.mghosteur.com\/en\/wp-json\/wp\/v2\/media?parent=28048"}],"wp:term":[{"taxonomy":"product_brand","embeddable":true,"href":"https:\/\/sakaba.mghosteur.com\/en\/wp-json\/wp\/v2\/product_brand?post=28048"},{"taxonomy":"product_cat","embeddable":true,"href":"https:\/\/sakaba.mghosteur.com\/en\/wp-json\/wp\/v2\/product_cat?post=28048"},{"taxonomy":"product_tag","embeddable":true,"href":"https:\/\/sakaba.mghosteur.com\/en\/wp-json\/wp\/v2\/product_tag?post=28048"}],"curies":[{"name":"wp","href":"https:\/\/api.w.org\/{rel}","templated":true}]}}