{"id":28051,"date":"2022-11-29T20:56:39","date_gmt":"2022-11-29T20:56:39","guid":{"rendered":"http:\/\/www.sakababeauty.com\/?post_type=product&#038;p=28051"},"modified":"2022-11-29T20:56:40","modified_gmt":"2022-11-29T20:56:40","slug":"niacinamide-serum-12-plus-zinc-2","status":"publish","type":"product","link":"https:\/\/sakaba.mghosteur.com\/en\/product\/niacinamide-serum-12-plus-zinc-2\/","title":{"rendered":"NIACINAMIDE SERUM 12% PLUS ZINC 2%"},"content":{"rendered":"","protected":false},"excerpt":{"rendered":"","protected":false},"featured_media":0,"comment_status":"closed","ping_status":"closed","template":"","meta":[],"product_brand":[],"product_cat":[377],"product_tag":[],"class_list":{"0":"post-28051","1":"product","2":"type-product","3":"status-publish","5":"product_cat-bath-body-works","7":"first","8":"instock","9":"shipping-taxable","10":"product-type-simple"},"jetpack-related-posts":[{"id":27484,"url":"https:\/\/sakaba.mghosteur.com\/en\/product\/the-ordinary-niacinamide-10-zinc-1\/","url_meta":{"origin":28051,"position":0},"title":"The Ordinary NIACINAMIDE 10% +ZINC 1%","author":"admin","date":"November 29, 2022","format":false,"excerpt":"Si vous cherchez un moyen efficace pour am\u00e9liorer l'\u00e9clat et la douceur de votre peau, alors le s\u00e9rum Niacinamide 10% + Zinc 1% de The Ordinary est le produit parfait pour vous. Cette formule \u00e0 base d'eau contient une concentration \u00e9lev\u00e9e de 10 % de niacinamide (vitamine b3) et de\u2026","rel":"","context":"Similar post","block_context":{"text":"Similar post","link":""},"img":{"alt_text":"","src":"","width":0,"height":0},"classes":[]},{"id":27226,"url":"https:\/\/sakaba.mghosteur.com\/en\/product\/the-ordinary-coffret-the-balance-set\/","url_meta":{"origin":28051,"position":1},"title":"THE ORDINARY COFFRET THE BALANCE SET","author":"admin","date":"November 29, 2022","format":false,"excerpt":"L'ensemble d'\u00e9quilibre de The Ordinary est un coffret de produits de soin de la peau con\u00e7u pour clarifier et \u00e9quilibrer votre peau. Il comprend quatre produits cl\u00e9s qui travaillent en tandem pour am\u00e9liorer l'apparence et la texture de votre peau. Le nettoyant d\u00e9maquillant hydratant au squalane est un nettoyant doux\u2026","rel":"","context":"Similar post","block_context":{"text":"Similar post","link":""},"img":{"alt_text":"","src":"","width":0,"height":0},"classes":[]},{"id":28805,"url":"https:\/\/sakaba.mghosteur.com\/en\/product\/inkey-list-20-niacinamide-serum\/","url_meta":{"origin":28051,"position":2},"title":"The Inkey list 20% Niacinamide Serum","author":"admin","date":"December 10, 2022","format":false,"excerpt":"D\u00e9couvrez la solution id\u00e9ale pour r\u00e9guler l'exc\u00e8s de s\u00e9bum sur votre peau gr\u00e2ce au s\u00e9rum de la marque The Inkey List. Formul\u00e9 avec 20% de niacinamide, ce s\u00e9rum l\u00e9ger et non collant est votre alli\u00e9 pour am\u00e9liorer la texture de votre peau et r\u00e9duire l'apparence de vos pores dilat\u00e9s. Cr\u00e9\u00e9e\u2026","rel":"","context":"Similar post","block_context":{"text":"Similar post","link":""},"img":{"alt_text":"","src":"","width":0,"height":0},"classes":[]},{"id":30233,"url":"https:\/\/sakaba.mghosteur.com\/en\/product\/glow-serum-propolis-niacinamide\/","url_meta":{"origin":28051,"position":3},"title":"GLOW SERUM PROPOLIS +NIACINAMIDE","author":"admin","date":"May 4, 2023","format":false,"excerpt":"D\u00e9couvrez le S\u00e9rum \u00c9clat de la marque Beauty of Joseon, con\u00e7u pour les probl\u00e8mes de pores dilat\u00e9s et de peau enflamm\u00e9e. Ce s\u00e9rum contient 60 % d'extrait de propolis, ingr\u00e9dient traditionnel de soin de la peau utilis\u00e9 par les femmes de la dynastie Joseon pour hydrater et am\u00e9liorer la peau\u2026","rel":"","context":"Similar post","block_context":{"text":"Similar post","link":""},"img":{"alt_text":"","src":"","width":0,"height":0},"classes":[]},{"id":26862,"url":"https:\/\/sakaba.mghosteur.com\/en\/product\/paula-choice-10-niacinamide-booster\/","url_meta":{"origin":28051,"position":4},"title":"PAULA  CHOICE 10% NIACINAMIDE BOOSTER","author":"admin","date":"November 28, 2022","format":false,"excerpt":"Le 10% Niacinamide Booster de Paula's Choice est un s\u00e9rum concentr\u00e9 qui am\u00e9liore la texture de la peau, affine la taille des pores et r\u00e9duit les ridules. Ce produit contient 10% de niacinamide (vitamine B3) qui favorise une apparence plus lumineuse et plus jeune de la peau. La formule est\u2026","rel":"","context":"Similar post","block_context":{"text":"Similar post","link":""},"img":{"alt_text":"","src":"","width":0,"height":0},"classes":[]},{"id":27817,"url":"https:\/\/sakaba.mghosteur.com\/en\/product\/facial-radiance-niacinamide-dark-spot-serum\/","url_meta":{"origin":28051,"position":5},"title":"FACIAL RADIANCE NIACINAMIDE DARK SPOT SERUM","author":"admin","date":"November 29, 2022","format":false,"excerpt":"Ce s\u00e9rum non irritant \u00e0 base de niacinamide aide \u00e0 r\u00e9duire l'apparence des taches brunes, des taches solaires, de l'hyperpigmentation, de la d\u00e9coloration et des marques post-acn\u00e9. Cette formule efficace aide \u00e0 uniformiser le teint gr\u00e2ce \u00e0 la niacinamide puissante, renforc\u00e9e par la racine de r\u00e9glisse et le kiwi dor\u00e9,\u2026","rel":"","context":"Similar post","block_context":{"text":"Similar post","link":""},"img":{"alt_text":"","src":"","width":0,"height":0},"classes":[]}],"_links":{"self":[{"href":"https:\/\/sakaba.mghosteur.com\/en\/wp-json\/wp\/v2\/product\/28051","targetHints":{"allow":["GET"]}}],"collection":[{"href":"https:\/\/sakaba.mghosteur.com\/en\/wp-json\/wp\/v2\/product"}],"about":[{"href":"https:\/\/sakaba.mghosteur.com\/en\/wp-json\/wp\/v2\/types\/product"}],"replies":[{"embeddable":true,"href":"https:\/\/sakaba.mghosteur.com\/en\/wp-json\/wp\/v2\/comments?post=28051"}],"version-history":[{"count":0,"href":"https:\/\/sakaba.mghosteur.com\/en\/wp-json\/wp\/v2\/product\/28051\/revisions"}],"wp:attachment":[{"href":"https:\/\/sakaba.mghosteur.com\/en\/wp-json\/wp\/v2\/media?parent=28051"}],"wp:term":[{"taxonomy":"product_brand","embeddable":true,"href":"https:\/\/sakaba.mghosteur.com\/en\/wp-json\/wp\/v2\/product_brand?post=28051"},{"taxonomy":"product_cat","embeddable":true,"href":"https:\/\/sakaba.mghosteur.com\/en\/wp-json\/wp\/v2\/product_cat?post=28051"},{"taxonomy":"product_tag","embeddable":true,"href":"https:\/\/sakaba.mghosteur.com\/en\/wp-json\/wp\/v2\/product_tag?post=28051"}],"curies":[{"name":"wp","href":"https:\/\/api.w.org\/{rel}","templated":true}]}}