{"id":28061,"date":"2022-11-29T21:00:11","date_gmt":"2022-11-29T21:00:11","guid":{"rendered":"http:\/\/www.sakababeauty.com\/?post_type=product&#038;p=28061"},"modified":"2024-09-01T13:29:37","modified_gmt":"2024-09-01T13:29:37","slug":"naturium-the-brightener-vitamin-c-body-wash","status":"publish","type":"product","link":"https:\/\/sakaba.mghosteur.com\/en\/product\/naturium-the-brightener-vitamin-c-body-wash\/","title":{"rendered":"NATURIUM THE BRIGHTENER VITAMIN C BODY WASH"},"content":{"rendered":"<p>Le gel douche \u00e9claircissant \u00e0 la vitamine C soyeux et cr\u00e9meux est formul\u00e9 avec des tensioactifs doux mais efficaces, ainsi que du glucoside d&#8217;ascorbyle &#8211; un d\u00e9riv\u00e9 de vitamine C tr\u00e8s stable &#8211; des acides de fruits bioactifs et des enzymes. Formul\u00e9 pour aider \u00e0 \u00e9liminer le teint terne et r\u00e9v\u00e9ler une peau plus douce, plus lisse et plus saine. D\u00e9velopp\u00e9 pour tous les types de peau et suffisamment doux pour un usage quotidien. Mode d&#8217;emploi : Appliquez une quantit\u00e9 g\u00e9n\u00e9reuse sur les mains, un gant de toilette ou un luffa et massez sur la peau. Pour plus de bienfaits, laissez agir quelques minutes.<\/p>","protected":false},"excerpt":{"rendered":"<p>Le gel douche \u00e9claircissant \u00e0 la vitamine C soyeux et cr\u00e9meux est formul\u00e9 avec des tensioactifs doux mais efficaces, ainsi que du glucoside d&#8217;ascorbyle &#8211; un d\u00e9riv\u00e9 de vitamine C tr\u00e8s stable &#8211; des acides de fruits bioactifs et des enzymes. Formul\u00e9 pour aider \u00e0 \u00e9liminer le teint terne et r\u00e9v\u00e9ler une peau plus douce,<span class=\"read-more-faq\"><a href=\"https:\/\/sakaba.mghosteur.com\/en\/product\/naturium-the-brightener-vitamin-c-body-wash\/\">Read More<\/a><\/span><\/p>","protected":false},"featured_media":0,"comment_status":"closed","ping_status":"closed","template":"","meta":[],"product_brand":[],"product_cat":[358,447,291],"product_tag":[],"class_list":{"0":"post-28061","1":"product","2":"type-product","3":"status-publish","5":"product_cat-bain-douche","6":"product_cat-aac-bain-et-corps","7":"product_cat-eclaircissant","9":"first","10":"instock","11":"shipping-taxable","12":"product-type-simple"},"jetpack-related-posts":[{"id":56199,"url":"https:\/\/sakaba.mghosteur.com\/en\/product\/dr-althea-vitamin-c-boosting-serum\/","url_meta":{"origin":28061,"position":0},"title":"Dr. Althea Vitamin C Boosting Serum","author":"Sope DIA","date":"January 2, 2026","format":false,"excerpt":"SOIN INTENSIF DU TEINT\u00a0: Contient 640\u00a0000\u00a0ppm d\u2019eau d\u2019argousier, riche en vitamine\u00a0C, pour unifier le teint et revitaliser les peaux ternes et fatigu\u00e9es. Sa formule douce p\u00e9n\u00e8tre plus facilement que la vitamine\u00a0C pure, ce qui la rend adapt\u00e9e \u00e0 tous les types de peau, m\u00eame les plus sensibles. APAISEZ VOTRE PEAU\u00a0:\u2026","rel":"","context":"Similar post","block_context":{"text":"Similar post","link":""},"img":{"alt_text":"","src":"","width":0,"height":0},"classes":[]},{"id":31578,"url":"https:\/\/sakaba.mghosteur.com\/en\/product\/cosrx-the-vitamin-c-13-20ml\/","url_meta":{"origin":28061,"position":1},"title":"COSRX THE VITAMIN C 13 20ML","author":"admin","date":"May 10, 2024","format":false,"excerpt":"D\u00e9couvrez le S\u00e9rum Vitamine C 13, un v\u00e9ritable \u00e9lixir de jeunesse pour votre peau ! Ce s\u00e9rum doux \u00e0 la vitamine C est sp\u00e9cialement con\u00e7u pour les peaux sensibles, id\u00e9al pour une utilisation quotidienne. Sa formule unique agit en profondeur pour att\u00e9nuer les imperfections, les taches brunes et les taches\u2026","rel":"","context":"Similar post","block_context":{"text":"Similar post","link":""},"img":{"alt_text":"","src":"","width":0,"height":0},"classes":[]},{"id":30212,"url":"https:\/\/sakaba.mghosteur.com\/en\/product\/the-body-wash-fragrance-free\/","url_meta":{"origin":28061,"position":2},"title":"THE BODY WASH FRAGRANCE FREE","author":"admin","date":"May 4, 2023","format":false,"excerpt":"D\u00e9couvrez le nettoyant pour le corps Sans parfum de la marque NECESSAIRE, con\u00e7u pour prendre soin de votre corps et de la plan\u00e8te. Le Body Wash est un nettoyant quotidien doux pour la peau, formul\u00e9 avec du niacinamide, de la glyc\u00e9rine et de l'huile de marula riche en vitamines C\/E\u2026","rel":"","context":"Similar post","block_context":{"text":"Similar post","link":""},"img":{"alt_text":"","src":"","width":0,"height":0},"classes":[]},{"id":30429,"url":"https:\/\/sakaba.mghosteur.com\/en\/product\/refreshingly-clear-facial-wash\/","url_meta":{"origin":28061,"position":3},"title":"REFRESHINGLY CLEAR FACIAL WASH","author":"admin","date":"May 10, 2023","format":false,"excerpt":"D\u00e9couvrez le nettoyant pour le visage NEUTROGENA Rafra\u00eechissant et clair au pamplemousse rose et \u00e0 la vitamine C, un nettoyant quotidien vivifiant pour le visage d\u00e9velopp\u00e9 avec des dermatologues. Sp\u00e9cialement con\u00e7u pour les peaux sujettes aux imperfections, ce gel nettoyant nettoie en douceur pour aider \u00e0 pr\u00e9venir les imperfections, sans\u2026","rel":"","context":"Similar post","block_context":{"text":"Similar post","link":""},"img":{"alt_text":"","src":"","width":0,"height":0},"classes":[]},{"id":27391,"url":"https:\/\/sakaba.mghosteur.com\/en\/product\/the-inkey-list-fulvic-acid-brightening-cleanser\/","url_meta":{"origin":28061,"position":4},"title":"THE INKEY LIST FULVIC ACID BRIGHTENING CLEANSER","author":"admin","date":"November 29, 2022","format":false,"excerpt":"Le nettoyant \u00e0 l'acide fulvique de The Inkey List est un produit de soin de la peau de qualit\u00e9 sup\u00e9rieure qui vous aidera \u00e0 obtenir un teint plus lumineux et plus sain. Ce gel nettoyant exfoliant doux est parfait pour enlever le maquillage, y compris le maquillage des yeux, pour\u2026","rel":"","context":"Similar post","block_context":{"text":"Similar post","link":""},"img":{"alt_text":"","src":"","width":0,"height":0},"classes":[]},{"id":27502,"url":"https:\/\/sakaba.mghosteur.com\/en\/product\/the-ordinary-vitamin-c-suspension-23-ha-spheres-2\/","url_meta":{"origin":28061,"position":5},"title":"The Ordinary VITAMIN C SUSPENSION 23% +HA SPHERES 2%","author":"admin","date":"November 29, 2022","format":false,"excerpt":"La Suspension Vitamine C 23% + Sph\u00e8res HA 2% de la marque The Ordinary est une formule efficace qui utilise directement de la vitamine C et de l'acide hyaluronique pour aider \u00e0 r\u00e9duire visiblement les signes du vieillissement en \u00e9claircissant et en \u00e9quilibrant le teint irr\u00e9gulier. Cette formule sans eau\u2026","rel":"","context":"Similar post","block_context":{"text":"Similar post","link":""},"img":{"alt_text":"","src":"","width":0,"height":0},"classes":[]}],"_links":{"self":[{"href":"https:\/\/sakaba.mghosteur.com\/en\/wp-json\/wp\/v2\/product\/28061","targetHints":{"allow":["GET"]}}],"collection":[{"href":"https:\/\/sakaba.mghosteur.com\/en\/wp-json\/wp\/v2\/product"}],"about":[{"href":"https:\/\/sakaba.mghosteur.com\/en\/wp-json\/wp\/v2\/types\/product"}],"replies":[{"embeddable":true,"href":"https:\/\/sakaba.mghosteur.com\/en\/wp-json\/wp\/v2\/comments?post=28061"}],"version-history":[{"count":0,"href":"https:\/\/sakaba.mghosteur.com\/en\/wp-json\/wp\/v2\/product\/28061\/revisions"}],"wp:attachment":[{"href":"https:\/\/sakaba.mghosteur.com\/en\/wp-json\/wp\/v2\/media?parent=28061"}],"wp:term":[{"taxonomy":"product_brand","embeddable":true,"href":"https:\/\/sakaba.mghosteur.com\/en\/wp-json\/wp\/v2\/product_brand?post=28061"},{"taxonomy":"product_cat","embeddable":true,"href":"https:\/\/sakaba.mghosteur.com\/en\/wp-json\/wp\/v2\/product_cat?post=28061"},{"taxonomy":"product_tag","embeddable":true,"href":"https:\/\/sakaba.mghosteur.com\/en\/wp-json\/wp\/v2\/product_tag?post=28061"}],"curies":[{"name":"wp","href":"https:\/\/api.w.org\/{rel}","templated":true}]}}