{"id":28069,"date":"2022-11-29T21:08:19","date_gmt":"2022-11-29T21:08:19","guid":{"rendered":"http:\/\/www.sakababeauty.com\/?post_type=product&#038;p=28069"},"modified":"2024-08-08T03:45:39","modified_gmt":"2024-08-08T03:45:39","slug":"naturium-mixed-greens-nutrient-rich-cleanser","status":"publish","type":"product","link":"https:\/\/sakaba.mghosteur.com\/en\/product\/naturium-mixed-greens-nutrient-rich-cleanser\/","title":{"rendered":"NATURIUM MIXED GREENS NUTRIENT RICH CLEANSER"},"content":{"rendered":"","protected":false},"excerpt":{"rendered":"","protected":false},"featured_media":0,"comment_status":"closed","ping_status":"closed","template":"","meta":[],"product_brand":[],"product_cat":[324,451],"product_tag":[],"class_list":{"0":"post-28069","1":"product","2":"type-product","3":"status-publish","5":"product_cat-demaquillant-nettoyant","6":"product_cat-aab-soin-du-visage","8":"first","9":"instock","10":"shipping-taxable","11":"product-type-simple"},"jetpack-related-posts":[{"id":32103,"url":"https:\/\/sakaba.mghosteur.com\/en\/product\/naturium-vitamine-c-complex-cleanser-210ml\/","url_meta":{"origin":28069,"position":0},"title":"NATURIUM VITAMINE C COMPLEX CLEANSER 210ML","author":"admin","date":"May 13, 2024","format":false,"excerpt":"Le nettoyant complexe \u00e0 la vitamine C est formul\u00e9 avec deux formes de vitamine C, l'acide phytique et les enzymes de fruits, dont la papa\u00efne et la brom\u00e9la\u00efne, qui exfolient en douceur pour \u00e9claircir instantan\u00e9ment la peau. Ce gel nettoyant agit \u00e9galement pour dissoudre le maquillage, le s\u00e9bum, la salet\u00e9\u2026","rel":"","context":"Similar post","block_context":{"text":"Similar post","link":""},"img":{"alt_text":"","src":"","width":0,"height":0},"classes":[]},{"id":28080,"url":"https:\/\/sakaba.mghosteur.com\/en\/product\/naturium-the-glow-getter-multi-oil-body-wash\/","url_meta":{"origin":28069,"position":1},"title":"NATURIUM THE GLOW GETTER MULTI OIL BODY WASH","author":"admin","date":"November 29, 2022","format":false,"excerpt":"Le gel douche hydratant et sensoriel est formul\u00e9 avec plus de 50 % de glyc\u00e9rine, un m\u00e9lange d'huiles riches en acide linol\u00e9ique et de squalane d'origine v\u00e9g\u00e9tale. Ce nettoyant corporel transformateur est riche en humectants qui hydratent et nourrissent la peau","rel":"","context":"Similar post","block_context":{"text":"Similar post","link":""},"img":{"alt_text":"","src":"","width":0,"height":0},"classes":[]},{"id":30293,"url":"https:\/\/sakaba.mghosteur.com\/en\/product\/beauty-of-joseon-green-plum-refreshing-cleanser\/","url_meta":{"origin":28069,"position":2},"title":"BEAUTY OF JOSEON Green Plum Refreshing Cleanser","author":"admin","date":"May 8, 2023","format":false,"excerpt":"D\u00e9couvrez le Nettoyant Rafra\u00eechissant \u00e0 la Prune Verte de la marque Beauty of Joseon, un nettoyant pour le visage \u00e0 base d'ingr\u00e9dients naturels du Hanbang. Sa formule hypoallerg\u00e9nique l\u00e9g\u00e8rement acide aide \u00e0 nettoyer votre peau sans endommager sa barri\u00e8re cutan\u00e9e naturelle, tandis que sa formule gel humide ne dess\u00e8che pas\u2026","rel":"","context":"Similar post","block_context":{"text":"Similar post","link":""},"img":{"alt_text":"","src":"","width":0,"height":0},"classes":[]},{"id":32096,"url":"https:\/\/sakaba.mghosteur.com\/en\/product\/naturium-the-booster-hyaluronic-acid-body-wash-500ml\/","url_meta":{"origin":28069,"position":3},"title":"NATURIUM THE BOOSTER HYALURONIC ACID BODY WASH 500ml","author":"admin","date":"May 13, 2024","format":false,"excerpt":"Le gel nettoyant ultra-hydratant pour le corps stimule l'hydratation pour aider \u00e0 r\u00e9duire la s\u00e9cheresse et l'irritation pour une peau d'apparence plus saine. Formul\u00e9 avec de l'acide hyaluronique hydrolys\u00e9 et sept poids mol\u00e9culaires d'hyaluronate de sodium, ce gel nettoyant riche procure une hydratation essentielle. De plus, 30 % de glyc\u00e9rine,\u2026","rel":"","context":"Similar post","block_context":{"text":"Similar post","link":""},"img":{"alt_text":"","src":"","width":0,"height":0},"classes":[]},{"id":32086,"url":"https:\/\/sakaba.mghosteur.com\/en\/product\/naturium-the-glow-getter-multi-oil-body-butter\/","url_meta":{"origin":28069,"position":4},"title":"NATURIUM THE GLOW GETTER MULTI OIL BODY BUTTER","author":"admin","date":"May 13, 2024","format":false,"excerpt":"Ce beurre corporel fouett\u00e9 multi-huiles hydrate, nourrit et apaise intens\u00e9ment la peau. Formul\u00e9 avec un m\u00e9lange d'huiles botaniques riches en linol\u00e9ique, de beurre de karit\u00e9, de glyc\u00e9rine, de squalane et de peptides \u00e0 base de plantes qui aident \u00e0 raffermir l'apparence de la peau pour un \u00e9clat sain et hydrat\u00e9.\u2026","rel":"","context":"Similar post","block_context":{"text":"Similar post","link":""},"img":{"alt_text":"","src":"","width":0,"height":0},"classes":[]},{"id":34609,"url":"https:\/\/sakaba.mghosteur.com\/en\/product\/fenty-nettoyant-en-profondeur-skin-cleanser\/","url_meta":{"origin":28069,"position":5},"title":"FENTY TOTAL CLEANS&#8217;R REMOVE-IT-ALL CLEANSER WITH BARBADOS CHERRY","author":"admin","date":"May 29, 2024","format":false,"excerpt":"Obtenez cette sensation de fra\u00eecheur et de propret\u00e9 avec notre nettoyant cr\u00e9meux moelleux qui affine l'apparence des pores et \u00e9limine instantan\u00e9ment la salet\u00e9, le s\u00e9bum et les impuret\u00e9s sans laisser de sensation de tiraillement sur la peau. B\u00e9n\u00e9fices Le Ginkgo Biloba aide \u00e0 \u00e9quilibrer les pores et \u00e0 lutter contre\u2026","rel":"","context":"Similar post","block_context":{"text":"Similar post","link":""},"img":{"alt_text":"","src":"","width":0,"height":0},"classes":[]}],"_links":{"self":[{"href":"https:\/\/sakaba.mghosteur.com\/en\/wp-json\/wp\/v2\/product\/28069","targetHints":{"allow":["GET"]}}],"collection":[{"href":"https:\/\/sakaba.mghosteur.com\/en\/wp-json\/wp\/v2\/product"}],"about":[{"href":"https:\/\/sakaba.mghosteur.com\/en\/wp-json\/wp\/v2\/types\/product"}],"replies":[{"embeddable":true,"href":"https:\/\/sakaba.mghosteur.com\/en\/wp-json\/wp\/v2\/comments?post=28069"}],"version-history":[{"count":0,"href":"https:\/\/sakaba.mghosteur.com\/en\/wp-json\/wp\/v2\/product\/28069\/revisions"}],"wp:attachment":[{"href":"https:\/\/sakaba.mghosteur.com\/en\/wp-json\/wp\/v2\/media?parent=28069"}],"wp:term":[{"taxonomy":"product_brand","embeddable":true,"href":"https:\/\/sakaba.mghosteur.com\/en\/wp-json\/wp\/v2\/product_brand?post=28069"},{"taxonomy":"product_cat","embeddable":true,"href":"https:\/\/sakaba.mghosteur.com\/en\/wp-json\/wp\/v2\/product_cat?post=28069"},{"taxonomy":"product_tag","embeddable":true,"href":"https:\/\/sakaba.mghosteur.com\/en\/wp-json\/wp\/v2\/product_tag?post=28069"}],"curies":[{"name":"wp","href":"https:\/\/api.w.org\/{rel}","templated":true}]}}