{"id":28075,"date":"2022-11-29T21:10:05","date_gmt":"2022-11-29T21:10:05","guid":{"rendered":"http:\/\/www.sakababeauty.com\/?post_type=product&#038;p=28075"},"modified":"2024-09-01T13:39:15","modified_gmt":"2024-09-01T13:39:15","slug":"naturium-vitamin-c-super-serum-plus","status":"publish","type":"product","link":"https:\/\/sakaba.mghosteur.com\/en\/product\/naturium-vitamin-c-super-serum-plus\/","title":{"rendered":"NATURIUM VITAMIN C SUPER SERUM PLUS"},"content":{"rendered":"<p>Le s\u00e9rum suraliment\u00e9 et multi-b\u00e9n\u00e9fices est formul\u00e9 avec de la vitamine C, du r\u00e9tinol, de l&#8217;acide hyaluronique, de la niacinamide et de l&#8217;acide salicylique pour aider \u00e0 am\u00e9liorer l&#8217;apparence des ridules et des rides, lisser et \u00e9claircir l&#8217;apparence de la peau, tout en aidant \u00e0 prot\u00e9ger la peau des facteurs de stress environnementaux.<\/p>\n<p>Utilisation<\/p>\n<p>Bien agiter. Appliquer une couche uniforme sur le visage, le cou et le d\u00e9collet\u00e9 matin et soir, en \u00e9vitant le contour des yeux. Pour de meilleurs r\u00e9sultats, appliquer ensuite une cr\u00e8me hydratante et utiliser une cr\u00e8me solaire le matin. Il est conseill\u00e9 de faire un test cutan\u00e9 avant utilisation.<\/p>","protected":false},"excerpt":{"rendered":"<p>Le s\u00e9rum suraliment\u00e9 et multi-b\u00e9n\u00e9fices est formul\u00e9 avec de la vitamine C, du r\u00e9tinol, de l&#8217;acide hyaluronique, de la niacinamide et de l&#8217;acide salicylique pour aider \u00e0 am\u00e9liorer l&#8217;apparence des ridules et des rides, lisser et \u00e9claircir l&#8217;apparence de la peau, tout en aidant \u00e0 prot\u00e9ger la peau des facteurs de stress environnementaux. Utilisation Bien<span class=\"read-more-faq\"><a href=\"https:\/\/sakaba.mghosteur.com\/en\/product\/naturium-vitamin-c-super-serum-plus\/\">Read More<\/a><\/span><\/p>","protected":false},"featured_media":0,"comment_status":"closed","ping_status":"closed","template":"","meta":[],"product_brand":[],"product_cat":[1095,293,451,334],"product_tag":[],"class_list":{"0":"post-28075","1":"product","2":"type-product","3":"status-publish","5":"product_cat-anti-age","6":"product_cat-anti-taches","7":"product_cat-aab-soin-du-visage","8":"product_cat-traitement-serum","10":"first","11":"instock","12":"shipping-taxable","13":"product-type-simple"},"jetpack-related-posts":[{"id":31639,"url":"https:\/\/sakaba.mghosteur.com\/en\/product\/the-inkey-list-vitamin-c-face-serum\/","url_meta":{"origin":28075,"position":0},"title":"THE INKEY LIST VITAMIN C FACE SERUM","author":"admin","date":"May 10, 2024","format":false,"excerpt":"S\u00e9rum \u00e0 la vitamine C La vitamine C, puissant antioxydant multifonctionnel et ingr\u00e9dient \u00e9claircissant pour la peau, est \u00e0 l'honneur dans ce s\u00e9rum. Aidant \u00e0 combattre l\u2019apparence de l\u2019hyperpigmentation, du teint terne et des ridules, ce s\u00e9rum est un alli\u00e9 pr\u00e9cieux dans votre routine de soins. Formul\u00e9 avec 30 %\u2026","rel":"","context":"Similar post","block_context":{"text":"Similar post","link":""},"img":{"alt_text":"","src":"","width":0,"height":0},"classes":[]},{"id":27248,"url":"https:\/\/sakaba.mghosteur.com\/en\/product\/good-molecules-niacinamide-serum\/","url_meta":{"origin":28075,"position":1},"title":"GOOD MOLECULES NIACINAMIDE SERUM 30ML","author":"admin","date":"November 29, 2022","format":false,"excerpt":"Le s\u00e9rum Niacinamide de la marque Good Molecules est un produit de soin pour la peau qui aide \u00e0 obtenir une peau lisse et uniforme tout en minimisant l'apparence des pores. Ce s\u00e9rum l\u00e9ger contient 10 % de niacinamide, une vitamine B3, qui aide \u00e0 affiner le teint et la\u2026","rel":"","context":"Similar post","block_context":{"text":"Similar post","link":""},"img":{"alt_text":"","src":"","width":0,"height":0},"classes":[]},{"id":26972,"url":"https:\/\/sakaba.mghosteur.com\/en\/product\/exaglow-serum-5tranexamic-acid\/","url_meta":{"origin":28075,"position":2},"title":"FACETHEO S\u00e9rum Exaglow S10 5% acide tranexamique","author":"admin","date":"November 28, 2022","format":false,"excerpt":"D\u00e9couvrez le s\u00e9rum Exaglow S10 de FACETHEORY, un s\u00e9rum \u00e9claircissant qui utilise des actifs cl\u00e9s pour un maximum de r\u00e9sultats. Formul\u00e9 avec de l'acide tranexamique, de la vitamine C et de la r\u00e9glisse, ce s\u00e9rum est con\u00e7u pour \u00e9claircir les taches brunes et la pigmentation, ainsi que pour lisser les\u2026","rel":"","context":"Similar post","block_context":{"text":"Similar post","link":""},"img":{"alt_text":"","src":"","width":0,"height":0},"classes":[]},{"id":27471,"url":"https:\/\/sakaba.mghosteur.com\/en\/product\/the-ordinary-amino-acids-b5\/","url_meta":{"origin":28075,"position":3},"title":"The Ordinary Amino Acids + B5","author":"admin","date":"November 29, 2022","format":false,"excerpt":"Le s\u00e9rum Amino Acids + B5 de la marque The Ordinary est un produit ultra-fin qui aide votre peau \u00e0 maintenir sa barri\u00e8re d'hydratation naturelle. La formule de ce s\u00e9rum \u00e0 base d'eau contient une solution concentr\u00e9e \u00e0 17% (en poids) d'acides amin\u00e9s et de d\u00e9riv\u00e9s d'acides amin\u00e9s qui imitent\u2026","rel":"","context":"Similar post","block_context":{"text":"Similar post","link":""},"img":{"alt_text":"","src":"","width":0,"height":0},"classes":[]},{"id":27496,"url":"https:\/\/sakaba.mghosteur.com\/en\/product\/the-ordinary-buffet\/","url_meta":{"origin":28075,"position":4},"title":"THE ORDINARY BUFFET","author":"admin","date":"November 29, 2022","format":false,"excerpt":"Le s\u00e9rum \"Buffet\" de la marque The Ordinary est un produit de soin de la peau innovant con\u00e7u pour cibler plusieurs signes de vieillissement en m\u00eame temps. Inspir\u00e9 par la notion de buffets offrant une vari\u00e9t\u00e9 de plats, ce s\u00e9rum offre une solution tout-en-un pour am\u00e9liorer l'apparence de la peau\u2026","rel":"","context":"Similar post","block_context":{"text":"Similar post","link":""},"img":{"alt_text":"","src":"","width":0,"height":0},"classes":[]},{"id":31581,"url":"https:\/\/sakaba.mghosteur.com\/en\/product\/cosrx-the-retinol-super-vitamine-e-panthenol\/","url_meta":{"origin":28075,"position":5},"title":"COSRX THE RETINOL SUPER VITAMINE E + PANTHENOL","author":"admin","date":"May 10, 2024","format":false,"excerpt":"D\u00e9couvrez la cr\u00e8me The Retinol 0.1 Cream de COSRX, un incontournable pour votre routine de soin. Sa formule unique associe 0,1 % de r\u00e9tinol anti-\u00e2ge \u00e0 des actifs apaisants et hydratants, tels que la vitamine E et le panth\u00e9nol. Gr\u00e2ce \u00e0 cette combinaison, cette cr\u00e8me assure une initiation en douceur\u2026","rel":"","context":"Similar post","block_context":{"text":"Similar post","link":""},"img":{"alt_text":"","src":"","width":0,"height":0},"classes":[]}],"_links":{"self":[{"href":"https:\/\/sakaba.mghosteur.com\/en\/wp-json\/wp\/v2\/product\/28075","targetHints":{"allow":["GET"]}}],"collection":[{"href":"https:\/\/sakaba.mghosteur.com\/en\/wp-json\/wp\/v2\/product"}],"about":[{"href":"https:\/\/sakaba.mghosteur.com\/en\/wp-json\/wp\/v2\/types\/product"}],"replies":[{"embeddable":true,"href":"https:\/\/sakaba.mghosteur.com\/en\/wp-json\/wp\/v2\/comments?post=28075"}],"version-history":[{"count":0,"href":"https:\/\/sakaba.mghosteur.com\/en\/wp-json\/wp\/v2\/product\/28075\/revisions"}],"wp:attachment":[{"href":"https:\/\/sakaba.mghosteur.com\/en\/wp-json\/wp\/v2\/media?parent=28075"}],"wp:term":[{"taxonomy":"product_brand","embeddable":true,"href":"https:\/\/sakaba.mghosteur.com\/en\/wp-json\/wp\/v2\/product_brand?post=28075"},{"taxonomy":"product_cat","embeddable":true,"href":"https:\/\/sakaba.mghosteur.com\/en\/wp-json\/wp\/v2\/product_cat?post=28075"},{"taxonomy":"product_tag","embeddable":true,"href":"https:\/\/sakaba.mghosteur.com\/en\/wp-json\/wp\/v2\/product_tag?post=28075"}],"curies":[{"name":"wp","href":"https:\/\/api.w.org\/{rel}","templated":true}]}}