{"id":28078,"date":"2022-11-29T21:12:45","date_gmt":"2022-11-29T21:12:45","guid":{"rendered":"http:\/\/www.sakababeauty.com\/?post_type=product&#038;p=28078"},"modified":"2024-08-08T03:44:37","modified_gmt":"2024-08-08T03:44:37","slug":"naturium-niacinamide-gel-cream-5","status":"publish","type":"product","link":"https:\/\/sakaba.mghosteur.com\/en\/product\/naturium-niacinamide-gel-cream-5\/","title":{"rendered":"NATURIUM NIACINAMIDE GEL CREAM 5%"},"content":{"rendered":"<p>Le gel-cr\u00e8me Niacinamide 5% de la marque Naturium est un produit rafra\u00eechissant con\u00e7u pour am\u00e9liorer l&#8217;apparence de votre peau. Sa formule puissante contient une forte concentration de niacinamide, un ingr\u00e9dient qui aide \u00e0 \u00e9quilibrer l&#8217;hydratation de votre peau et \u00e0 r\u00e9duire l&#8217;apparence des pores. Cette cr\u00e8me-gel est id\u00e9ale pour obtenir une peau plus saine et ros\u00e9e. Appliquez-la r\u00e9guli\u00e8rement pour profiter des avantages de ce produit de qualit\u00e9 sup\u00e9rieure.<\/p>","protected":false},"excerpt":{"rendered":"<p>Le gel-cr\u00e8me Niacinamide 5% de la marque Naturium est un produit rafra\u00eechissant con\u00e7u pour am\u00e9liorer l&#8217;apparence de votre peau. Sa formule puissante contient une forte concentration de niacinamide, un ingr\u00e9dient qui aide \u00e0 \u00e9quilibrer l&#8217;hydratation de votre peau et \u00e0 r\u00e9duire l&#8217;apparence des pores. Cette cr\u00e8me-gel est id\u00e9ale pour obtenir une peau plus saine et<span class=\"read-more-faq\"><a href=\"https:\/\/sakaba.mghosteur.com\/en\/product\/naturium-niacinamide-gel-cream-5\/\">Read More<\/a><\/span><\/p>","protected":false},"featured_media":0,"comment_status":"closed","ping_status":"closed","template":"","meta":[],"product_brand":[],"product_cat":[331,451],"product_tag":[],"class_list":{"0":"post-28078","1":"product","2":"type-product","3":"status-publish","5":"product_cat-hydratant-visage","6":"product_cat-aab-soin-du-visage","8":"first","9":"instock","10":"shipping-taxable","11":"product-type-simple"},"jetpack-related-posts":[],"_links":{"self":[{"href":"https:\/\/sakaba.mghosteur.com\/en\/wp-json\/wp\/v2\/product\/28078","targetHints":{"allow":["GET"]}}],"collection":[{"href":"https:\/\/sakaba.mghosteur.com\/en\/wp-json\/wp\/v2\/product"}],"about":[{"href":"https:\/\/sakaba.mghosteur.com\/en\/wp-json\/wp\/v2\/types\/product"}],"replies":[{"embeddable":true,"href":"https:\/\/sakaba.mghosteur.com\/en\/wp-json\/wp\/v2\/comments?post=28078"}],"version-history":[{"count":0,"href":"https:\/\/sakaba.mghosteur.com\/en\/wp-json\/wp\/v2\/product\/28078\/revisions"}],"wp:attachment":[{"href":"https:\/\/sakaba.mghosteur.com\/en\/wp-json\/wp\/v2\/media?parent=28078"}],"wp:term":[{"taxonomy":"product_brand","embeddable":true,"href":"https:\/\/sakaba.mghosteur.com\/en\/wp-json\/wp\/v2\/product_brand?post=28078"},{"taxonomy":"product_cat","embeddable":true,"href":"https:\/\/sakaba.mghosteur.com\/en\/wp-json\/wp\/v2\/product_cat?post=28078"},{"taxonomy":"product_tag","embeddable":true,"href":"https:\/\/sakaba.mghosteur.com\/en\/wp-json\/wp\/v2\/product_tag?post=28078"}],"curies":[{"name":"wp","href":"https:\/\/api.w.org\/{rel}","templated":true}]}}