{"id":28080,"date":"2022-11-29T21:13:53","date_gmt":"2022-11-29T21:13:53","guid":{"rendered":"http:\/\/www.sakababeauty.com\/?post_type=product&#038;p=28080"},"modified":"2024-09-01T13:32:12","modified_gmt":"2024-09-01T13:32:12","slug":"naturium-the-glow-getter-multi-oil-body-wash","status":"publish","type":"product","link":"https:\/\/sakaba.mghosteur.com\/en\/product\/naturium-the-glow-getter-multi-oil-body-wash\/","title":{"rendered":"NATURIUM THE GLOW GETTER MULTI OIL BODY WASH"},"content":{"rendered":"<p>Le gel douche hydratant et sensoriel est formul\u00e9 avec plus de 50 % de glyc\u00e9rine, un m\u00e9lange d&#8217;huiles riches en acide linol\u00e9ique et de squalane d&#8217;origine v\u00e9g\u00e9tale. Ce nettoyant corporel transformateur est riche en humectants qui hydratent et nourrissent la peau<\/p>","protected":false},"excerpt":{"rendered":"<p>Le gel douche hydratant et sensoriel est formul\u00e9 avec plus de 50 % de glyc\u00e9rine, un m\u00e9lange d&#8217;huiles riches en acide linol\u00e9ique et de squalane d&#8217;origine v\u00e9g\u00e9tale. Ce nettoyant corporel transformateur est riche en humectants qui hydratent et nourrissent la peau<\/p>","protected":false},"featured_media":0,"comment_status":"closed","ping_status":"closed","template":"","meta":[],"product_brand":[],"product_cat":[358,447],"product_tag":[],"class_list":{"0":"post-28080","1":"product","2":"type-product","3":"status-publish","5":"product_cat-bain-douche","6":"product_cat-aac-bain-et-corps","8":"first","9":"instock","10":"shipping-taxable","11":"product-type-simple"},"jetpack-related-posts":[{"id":31758,"url":"https:\/\/sakaba.mghosteur.com\/en\/product\/byoma-moisturing-rich-cream\/","url_meta":{"origin":28080,"position":0},"title":"BYOMA MOISTURING RICH CREAM","author":"admin","date":"May 10, 2024","format":false,"excerpt":"CR\u00c8ME RICHE HYDRATANTE HYDRATER ET RESTAURER 50 ML\/1,69 FL.OZ Cette cr\u00e8me riche et profond\u00e9ment hydratante fond sur la peau pour une hydratation intense et une am\u00e9lioration de la texture cutan\u00e9e, offrant des r\u00e9sultats repulp\u00e9s et souples ainsi qu'une barri\u00e8re cutan\u00e9e plus forte. Le complexe tri-c\u00e9ramide, compos\u00e9 de c\u00e9ramides, de cholest\u00e9rol\u2026","rel":"","context":"Similar post","block_context":{"text":"Similar post","link":""},"img":{"alt_text":"","src":"","width":0,"height":0},"classes":[]},{"id":29187,"url":"https:\/\/sakaba.mghosteur.com\/en\/product\/the-inkey-list-oat-cleansing-balm-150-ml\/","url_meta":{"origin":28080,"position":1},"title":"THE INKEY LIST OAT CLEANSING BALM 150 ML","author":"admin","date":"March 20, 2023","format":false,"excerpt":"Le baume d\u00e9maquillant \u00e0 l'avoine de la marque The Inkey List est un produit de nettoyage essentiel pour votre routine de soins de la peau. Ce baume nettoyant riche est con\u00e7u pour \u00e9liminer en douceur le maquillage et les impuret\u00e9s sans dess\u00e9cher la peau, la laissant hydrat\u00e9e et nourrie. Le\u2026","rel":"","context":"Similar post","block_context":{"text":"Similar post","link":""},"img":{"alt_text":"","src":"","width":0,"height":0},"classes":[]},{"id":24404,"url":"https:\/\/sakaba.mghosteur.com\/en\/product\/palmers-cocoa-butter-moisture-night-cream\/","url_meta":{"origin":28080,"position":2},"title":"PALMERS COCOA BUTTER MOISTURE NIGHT CREAM","author":"admin","date":"November 10, 2022","format":false,"excerpt":"De plus, cette cr\u00e8me de nuit hydratante riche de Palmer's est non com\u00e9dog\u00e8ne, ce qui signifie qu'elle n'obstrue pas les pores et est donc sans danger pour les peaux sensibles. Cette cr\u00e8me a \u00e9galement \u00e9t\u00e9 test\u00e9e dermatologiquement, vous pouvez donc \u00eatre s\u00fbr que votre peau est entre de bonnes mains.\u2026","rel":"","context":"Similar post","block_context":{"text":"Similar post","link":""},"img":{"alt_text":"","src":"","width":0,"height":0},"classes":[]},{"id":34661,"url":"https:\/\/sakaba.mghosteur.com\/en\/product\/fenty-skin-thicc-n-smooth-creme-contour-yeux\/","url_meta":{"origin":28080,"position":3},"title":"FENTY SKIN THICC N SMOOTH CREME CONTOUR YEUX","author":"admin","date":"May 30, 2024","format":false,"excerpt":"Jeune ou adulte, il est temps de lutter contre la s\u00e9cheresse et les cernes sous les yeux avec une cr\u00e8me pour les yeux polyvalente. Hydratez, illuminez et r\u00e9duisez l'apparence des poches gr\u00e2ce \u00e0 un m\u00e9lange d'ingr\u00e9dients cibl\u00e9s sur les yeux, notamment des peptides, de la caf\u00e9ine et des vitamines qui\u2026","rel":"","context":"Similar post","block_context":{"text":"Similar post","link":""},"img":{"alt_text":"","src":"","width":0,"height":0},"classes":[]},{"id":30456,"url":"https:\/\/sakaba.mghosteur.com\/en\/product\/golg-bond-retinol-overnight-body-face\/","url_meta":{"origin":28080,"position":4},"title":"GOLG BOND RETINOL OVERNIGHT BODY &#038; FACE","author":"admin","date":"May 11, 2023","format":false,"excerpt":"D\u00e9couvrez la lotion de nuit pour le corps et le visage au r\u00e9tinol Gold Bond Age Renew, qui r\u00e9v\u00e8le une peau plus lisse et d'apparence plus jeune pendant la nuit. Cette lotion riche et nourrissante est dot\u00e9e d'un puissant complexe de r\u00e9tinol et de peptides qui exfolie pour soutenir le\u2026","rel":"","context":"Similar post","block_context":{"text":"Similar post","link":""},"img":{"alt_text":"","src":"","width":0,"height":0},"classes":[]},{"id":31735,"url":"https:\/\/sakaba.mghosteur.com\/en\/product\/byoma-creamy-jelly-cleanser\/","url_meta":{"origin":28080,"position":5},"title":"BYOMA CREAMY JELLY CLEANSER","author":"admin","date":"May 10, 2024","format":false,"excerpt":"GEL\u00c9E NETTOYANTE CR\u00c9MEUSE HYDRATANTE ET \u00c9CLAIRCISSANTE 175 ML\/5,91 FL.OZ Cette gel\u00e9e nettoyante hydratante ultra-cr\u00e8me \u00e9limine en douceur et efficacement la salet\u00e9, l'exc\u00e8s de s\u00e9bum et le maquillage sans perturber la barri\u00e8re cutan\u00e9e. C'est le nettoyant quotidien id\u00e9al pour votre visage, tout-en-un. Infus\u00e9e de notre complexe tri-c\u00e9ramide, qui renforce la barri\u00e8re\u2026","rel":"","context":"Similar post","block_context":{"text":"Similar post","link":""},"img":{"alt_text":"","src":"","width":0,"height":0},"classes":[]}],"_links":{"self":[{"href":"https:\/\/sakaba.mghosteur.com\/en\/wp-json\/wp\/v2\/product\/28080","targetHints":{"allow":["GET"]}}],"collection":[{"href":"https:\/\/sakaba.mghosteur.com\/en\/wp-json\/wp\/v2\/product"}],"about":[{"href":"https:\/\/sakaba.mghosteur.com\/en\/wp-json\/wp\/v2\/types\/product"}],"replies":[{"embeddable":true,"href":"https:\/\/sakaba.mghosteur.com\/en\/wp-json\/wp\/v2\/comments?post=28080"}],"version-history":[{"count":0,"href":"https:\/\/sakaba.mghosteur.com\/en\/wp-json\/wp\/v2\/product\/28080\/revisions"}],"wp:attachment":[{"href":"https:\/\/sakaba.mghosteur.com\/en\/wp-json\/wp\/v2\/media?parent=28080"}],"wp:term":[{"taxonomy":"product_brand","embeddable":true,"href":"https:\/\/sakaba.mghosteur.com\/en\/wp-json\/wp\/v2\/product_brand?post=28080"},{"taxonomy":"product_cat","embeddable":true,"href":"https:\/\/sakaba.mghosteur.com\/en\/wp-json\/wp\/v2\/product_cat?post=28080"},{"taxonomy":"product_tag","embeddable":true,"href":"https:\/\/sakaba.mghosteur.com\/en\/wp-json\/wp\/v2\/product_tag?post=28080"}],"curies":[{"name":"wp","href":"https:\/\/api.w.org\/{rel}","templated":true}]}}