{"id":28083,"date":"2022-11-30T09:08:54","date_gmt":"2022-11-30T09:08:54","guid":{"rendered":"http:\/\/www.sakababeauty.com\/?post_type=product&#038;p=28083"},"modified":"2024-08-13T23:10:10","modified_gmt":"2024-08-13T23:10:10","slug":"eucerin-baby-wash-shampoo","status":"publish","type":"product","link":"https:\/\/sakaba.mghosteur.com\/en\/product\/eucerin-baby-wash-shampoo\/","title":{"rendered":"EUCERIN BABY WASH &amp; SHAMPOO"},"content":{"rendered":"<p>La formule est enrichie en provitamine B5 et en beurre de karit\u00e9 naturel pour aider \u00e0 nourrir et apaiser la peau et les cheveux d\u00e9licats de b\u00e9b\u00e9.<\/p>\n<p>Eucerin Baby Wash &amp; Shampoo est une formule 2 en 1 qui peut \u00eatre utilis\u00e9e sur la peau et les cheveux de b\u00e9b\u00e9 pour un nettoyage en douceur.<\/p>","protected":false},"excerpt":{"rendered":"<p>La formule est enrichie en provitamine B5 et en beurre de karit\u00e9 naturel pour aider \u00e0 nourrir et apaiser la peau et les cheveux d\u00e9licats de b\u00e9b\u00e9. Eucerin Baby Wash &amp; Shampoo est une formule 2 en 1 qui peut \u00eatre utilis\u00e9e sur la peau et les cheveux de b\u00e9b\u00e9 pour un nettoyage en douceur.<\/p>","protected":false},"featured_media":0,"comment_status":"closed","ping_status":"closed","template":"","meta":[],"product_brand":[],"product_cat":[373,374,287],"product_tag":[],"class_list":{"0":"post-28083","1":"product","2":"type-product","3":"status-publish","5":"product_cat-cheveux-enfant","6":"product_cat-corps-enfant","7":"product_cat-aag-bebe-enfant","9":"first","10":"instock","11":"shipping-taxable","12":"product-type-simple"},"jetpack-related-posts":[{"id":31906,"url":"https:\/\/sakaba.mghosteur.com\/en\/product\/aveeno-baby-wash-shampoo-532-ml\/","url_meta":{"origin":28083,"position":0},"title":"AVEENO BABY WASH &amp; SHAMPOO 532 ML","author":"admin","date":"May 10, 2024","format":false,"excerpt":"Flacon de 18 onces liquides de nettoyant doux Aveeno Baby Daily Moisture 2-en-1 pour le bain et le shampooing capillaire avec extrait d'avoine naturel pour nettoyer les cheveux et la peau d\u00e9licats de b\u00e9b\u00e9 La formule riche et moussante du nettoyant pour le corps et du shampoing pour b\u00e9b\u00e9 contient\u2026","rel":"","context":"Similar post","block_context":{"text":"Similar post","link":""},"img":{"alt_text":"","src":"","width":0,"height":0},"classes":[]},{"id":33513,"url":"https:\/\/sakaba.mghosteur.com\/en\/product\/aveeno-baby-wash-shampoo-gm-976ml\/","url_meta":{"origin":28083,"position":1},"title":"AVEENO baby wash &amp; shampoo 976ml","author":"admin","date":"May 22, 2024","format":false,"excerpt":"Aveeno Baby Wash & Shampoo est un bain et shampooing 2 en 1 qui nettoie en douceur la peau et les cheveux des b\u00e9b\u00e9s sans les dess\u00e9cher. Il est fabriqu\u00e9 \u00e0 partir d'extrait d'avoine naturel pour apaiser et nourrir la peau d\u00e9licate. Ce shampooing est recommand\u00e9 par les p\u00e9diatres et\u2026","rel":"","context":"Similar post","block_context":{"text":"Similar post","link":""},"img":{"alt_text":"","src":"","width":0,"height":0},"classes":[]},{"id":28281,"url":"https:\/\/sakaba.mghosteur.com\/en\/product\/aveeno-baby-washshampoo-pm-352ml\/","url_meta":{"origin":28083,"position":2},"title":"AVEENO baby wash &amp; shampoo 352ml","author":"admin","date":"November 30, 2022","format":false,"excerpt":"Aveeno Baby Wash & Shampoo est un bain et shampooing 2 en 1 qui nettoie en douceur la peau et les cheveux des b\u00e9b\u00e9s sans les dess\u00e9cher. Il est fabriqu\u00e9 \u00e0 partir d'extrait d'avoine naturel pour apaiser et nourrir la peau d\u00e9licate. Ce shampooing est recommand\u00e9 par les p\u00e9diatres et\u2026","rel":"","context":"Similar post","block_context":{"text":"Similar post","link":""},"img":{"alt_text":"","src":"","width":0,"height":0},"classes":[]},{"id":28287,"url":"https:\/\/sakaba.mghosteur.com\/en\/product\/aveeno-baby-washshampoo-pm-354ml\/","url_meta":{"origin":28083,"position":3},"title":"AVEENO baby wash &amp; shampoo 354ml","author":"admin","date":"November 30, 2022","format":false,"excerpt":"Aveeno Baby Wash & Shampoo est un bain et shampooing 2 en 1 qui nettoie en douceur la peau et les cheveux des b\u00e9b\u00e9s sans les dess\u00e9cher. Il est fabriqu\u00e9 \u00e0 partir d'extrait d'avoine naturel pour apaiser et nourrir la peau d\u00e9licate. Ce shampooing est recommand\u00e9 par les p\u00e9diatres et\u2026","rel":"","context":"Similar post","block_context":{"text":"Similar post","link":""},"img":{"alt_text":"","src":"","width":0,"height":0},"classes":[]},{"id":28119,"url":"https:\/\/sakaba.mghosteur.com\/en\/product\/cerave-baby-wash-shampoo\/","url_meta":{"origin":28083,"position":4},"title":"CERAVE BABY WASH &#038; shampoo","author":"admin","date":"November 30, 2022","format":false,"excerpt":"La lotion hydratante pour b\u00e9b\u00e9 de la marque CeraVe est sp\u00e9cialement con\u00e7ue pour la peau d\u00e9licate de votre tout-petit. Cette lotion est id\u00e9ale pour hydrater et nourrir la peau de b\u00e9b\u00e9 tout en maintenant une barri\u00e8re protectrice naturelle. Formul\u00e9e avec trois c\u00e9ramides essentiels, de l'acide hyaluronique et de la vitamine\u2026","rel":"","context":"Similar post","block_context":{"text":"Similar post","link":""},"img":{"alt_text":"","src":"","width":0,"height":0},"classes":[]},{"id":25540,"url":"https:\/\/sakaba.mghosteur.com\/en\/product\/eucerin-skin-calming-body-wash\/","url_meta":{"origin":28083,"position":5},"title":"EUCERIN SKIN CALMING BODY WASH","author":"admin","date":"November 14, 2022","format":false,"excerpt":"Le gel douche apaisant pour la peau d\u2019Eucerin nettoie et apaise la peau s\u00e8che et qui d\u00e9mange. Sa formule sans savon nettoie en douceur sans dess\u00e9cher la peau afin de ne pas l\u2019irriter. Ce gel douche doux aide \u00e0 conserver l\u2019hydratation essentielle de la peau et est formul\u00e9 avec des\u2026","rel":"","context":"Similar post","block_context":{"text":"Similar post","link":""},"img":{"alt_text":"","src":"","width":0,"height":0},"classes":[]}],"_links":{"self":[{"href":"https:\/\/sakaba.mghosteur.com\/en\/wp-json\/wp\/v2\/product\/28083","targetHints":{"allow":["GET"]}}],"collection":[{"href":"https:\/\/sakaba.mghosteur.com\/en\/wp-json\/wp\/v2\/product"}],"about":[{"href":"https:\/\/sakaba.mghosteur.com\/en\/wp-json\/wp\/v2\/types\/product"}],"replies":[{"embeddable":true,"href":"https:\/\/sakaba.mghosteur.com\/en\/wp-json\/wp\/v2\/comments?post=28083"}],"version-history":[{"count":0,"href":"https:\/\/sakaba.mghosteur.com\/en\/wp-json\/wp\/v2\/product\/28083\/revisions"}],"wp:attachment":[{"href":"https:\/\/sakaba.mghosteur.com\/en\/wp-json\/wp\/v2\/media?parent=28083"}],"wp:term":[{"taxonomy":"product_brand","embeddable":true,"href":"https:\/\/sakaba.mghosteur.com\/en\/wp-json\/wp\/v2\/product_brand?post=28083"},{"taxonomy":"product_cat","embeddable":true,"href":"https:\/\/sakaba.mghosteur.com\/en\/wp-json\/wp\/v2\/product_cat?post=28083"},{"taxonomy":"product_tag","embeddable":true,"href":"https:\/\/sakaba.mghosteur.com\/en\/wp-json\/wp\/v2\/product_tag?post=28083"}],"curies":[{"name":"wp","href":"https:\/\/api.w.org\/{rel}","templated":true}]}}