{"id":28103,"date":"2022-11-30T09:19:48","date_gmt":"2022-11-30T09:19:48","guid":{"rendered":"http:\/\/www.sakababeauty.com\/?post_type=product&#038;p=28103"},"modified":"2023-03-09T12:13:26","modified_gmt":"2023-03-09T12:13:26","slug":"cerave-baby-moisturizing-lotion","status":"publish","type":"product","link":"https:\/\/sakaba.mghosteur.com\/en\/product\/cerave-baby-moisturizing-lotion\/","title":{"rendered":"CERAVE BABY MOISTURIZING LOTION"},"content":{"rendered":"<p>La lotion hydratante pour b\u00e9b\u00e9 de la marque CeraVe est un choix id\u00e9al pour les parents \u00e0 la recherche d&#8217;une formule douce et efficace pour hydrater la peau de leur b\u00e9b\u00e9 tout en prot\u00e9geant sa barri\u00e8re cutan\u00e9e d\u00e9licate. D\u00e9velopp\u00e9e avec des dermatologues p\u00e9diatriques, cette lotion pour b\u00e9b\u00e9 est exempte de parfums et de parab\u00e8nes, ce qui en fait une option s\u00fbre pour la peau de b\u00e9b\u00e9.<\/p>\n<p>La formule l\u00e9g\u00e8re et non grasse de cette lotion pour b\u00e9b\u00e9 s&#8217;\u00e9tale facilement sur la peau de b\u00e9b\u00e9, offrant une hydratation longue dur\u00e9e tout en aidant \u00e0 maintenir la barri\u00e8re cutan\u00e9e protectrice de b\u00e9b\u00e9 gr\u00e2ce \u00e0 ses trois c\u00e9ramides essentiels. Enrichie en niacinamide, acide hyaluronique et vitamine E, cette lotion pour b\u00e9b\u00e9 apporte des bienfaits apaisants et hydratants pour la peau d\u00e9licate de b\u00e9b\u00e9.<\/p>\n<p>Pour utiliser cette lotion pour b\u00e9b\u00e9, il suffit de l&#8217;appliquer g\u00e9n\u00e9reusement aussi souvent que n\u00e9cessaire ou selon les directives d&#8217;un m\u00e9decin, en \u00e9vitant le contact avec les yeux. Cette lotion est \u00e9galement accept\u00e9e par l&#8217;Association nationale de l&#8217;ecz\u00e9ma, ce qui en fait une option recommand\u00e9e pour les b\u00e9b\u00e9s ayant une peau sensible ou sujette \u00e0 l&#8217;ecz\u00e9ma.<\/p>\n<p>En somme, la lotion hydratante pour b\u00e9b\u00e9 CeraVe est un choix doux et efficace pour hydrater et prot\u00e9ger la peau de b\u00e9b\u00e9, tout en aidant \u00e0 maintenir sa barri\u00e8re cutan\u00e9e protectrice et en offrant des bienfaits apaisants et hydratants.<\/p>","protected":false},"excerpt":{"rendered":"<p>La lotion hydratante pour b\u00e9b\u00e9 de la marque CeraVe est un choix id\u00e9al pour les parents \u00e0 la recherche d&#8217;une formule douce et efficace pour hydrater la peau de leur b\u00e9b\u00e9 tout en prot\u00e9geant sa barri\u00e8re cutan\u00e9e d\u00e9licate. D\u00e9velopp\u00e9e avec des dermatologues p\u00e9diatriques, cette lotion pour b\u00e9b\u00e9 est exempte de parfums et de parab\u00e8nes, ce<span class=\"read-more-faq\"><a href=\"https:\/\/sakaba.mghosteur.com\/en\/product\/cerave-baby-moisturizing-lotion\/\">Read More<\/a><\/span><\/p>","protected":false},"featured_media":0,"comment_status":"closed","ping_status":"closed","template":"","meta":[],"product_brand":[],"product_cat":[287,355],"product_tag":[],"class_list":{"0":"post-28103","1":"product","2":"type-product","3":"status-publish","5":"product_cat-aag-bebe-enfant","6":"product_cat-hydratant-corps","8":"first","9":"instock","10":"shipping-taxable","11":"product-type-simple"},"jetpack-related-posts":[],"_links":{"self":[{"href":"https:\/\/sakaba.mghosteur.com\/en\/wp-json\/wp\/v2\/product\/28103","targetHints":{"allow":["GET"]}}],"collection":[{"href":"https:\/\/sakaba.mghosteur.com\/en\/wp-json\/wp\/v2\/product"}],"about":[{"href":"https:\/\/sakaba.mghosteur.com\/en\/wp-json\/wp\/v2\/types\/product"}],"replies":[{"embeddable":true,"href":"https:\/\/sakaba.mghosteur.com\/en\/wp-json\/wp\/v2\/comments?post=28103"}],"version-history":[{"count":0,"href":"https:\/\/sakaba.mghosteur.com\/en\/wp-json\/wp\/v2\/product\/28103\/revisions"}],"wp:attachment":[{"href":"https:\/\/sakaba.mghosteur.com\/en\/wp-json\/wp\/v2\/media?parent=28103"}],"wp:term":[{"taxonomy":"product_brand","embeddable":true,"href":"https:\/\/sakaba.mghosteur.com\/en\/wp-json\/wp\/v2\/product_brand?post=28103"},{"taxonomy":"product_cat","embeddable":true,"href":"https:\/\/sakaba.mghosteur.com\/en\/wp-json\/wp\/v2\/product_cat?post=28103"},{"taxonomy":"product_tag","embeddable":true,"href":"https:\/\/sakaba.mghosteur.com\/en\/wp-json\/wp\/v2\/product_tag?post=28103"}],"curies":[{"name":"wp","href":"https:\/\/api.w.org\/{rel}","templated":true}]}}