{"id":28112,"date":"2022-11-30T09:24:43","date_gmt":"2022-11-30T09:24:43","guid":{"rendered":"http:\/\/www.sakababeauty.com\/?post_type=product&#038;p=28112"},"modified":"2022-11-30T09:24:44","modified_gmt":"2022-11-30T09:24:44","slug":"baby-ultra-soothing-lotion","status":"publish","type":"product","link":"https:\/\/sakaba.mghosteur.com\/en\/product\/baby-ultra-soothing-lotion\/","title":{"rendered":"BABY ULTRA SOOTHING LOTION"},"content":{"rendered":"","protected":false},"excerpt":{"rendered":"","protected":false},"featured_media":0,"comment_status":"closed","ping_status":"closed","template":"","meta":[],"product_brand":[],"product_cat":[287],"product_tag":[],"class_list":{"0":"post-28112","1":"product","2":"type-product","3":"status-publish","5":"product_cat-aag-bebe-enfant","7":"first","8":"instock","9":"shipping-taxable","10":"product-type-simple"},"jetpack-related-posts":[{"id":29933,"url":"https:\/\/sakaba.mghosteur.com\/en\/product\/vaseline-soothing-hyration-600-ml\/","url_meta":{"origin":28112,"position":0},"title":"VASELINE SOOTHING HYRATION 600 ML","author":"admin","date":"April 28, 2023","format":false,"excerpt":"D\u00e9couvrez la lotion pour le corps hydratante apaisante Vaseline Intensive Care, sp\u00e9cialement con\u00e7ue pour les peaux s\u00e8ches et d\u00e9shydrat\u00e9es. Cette lotion pour le corps contient des lipides ultra-hydratants qui aident \u00e0 renforcer la barri\u00e8re cutan\u00e9e et \u00e0 reconstituer l'hydratation de votre peau. L'extrait d'aloe vera \u00e0 1 % contenu dans\u2026","rel":"","context":"Similar post","block_context":{"text":"Similar post","link":""},"img":{"alt_text":"","src":"","width":0,"height":0},"classes":[]},{"id":28265,"url":"https:\/\/sakaba.mghosteur.com\/en\/product\/baby-sweet-baby-lotion\/","url_meta":{"origin":28112,"position":1},"title":"Baby Sweet Baby Lotion","author":"admin","date":"November 30, 2022","format":false,"excerpt":"","rel":"","context":"Similar post","block_context":{"text":"Similar post","link":""},"img":{"alt_text":"","src":"","width":0,"height":0},"classes":[]},{"id":30054,"url":"https:\/\/sakaba.mghosteur.com\/en\/product\/jergens-soothing-aloe\/","url_meta":{"origin":28112,"position":2},"title":"JERGENS SOOTHING ALOE","author":"admin","date":"May 2, 2023","format":false,"excerpt":"D\u00e9couvrez la Lotion rafra\u00eechissante pour le corps \u00e0 l'alo\u00e8s apaisant de Jergens, un hydratant pour le corps et les mains qui utilisent l'aloe vera pour soulager et hydrater la peau s\u00e8che. Cette lotion pour le corps Jergens est formul\u00e9e avec l'extrait de concombre et un m\u00e9lange hydratant Hydralucence qui illumine\u2026","rel":"","context":"Similar post","block_context":{"text":"Similar post","link":""},"img":{"alt_text":"","src":"","width":0,"height":0},"classes":[]},{"id":28374,"url":"https:\/\/sakaba.mghosteur.com\/en\/product\/pipette-baby-lotion\/","url_meta":{"origin":28112,"position":3},"title":"PIPETTE BABY LOTION","author":"admin","date":"November 30, 2022","format":false,"excerpt":"","rel":"","context":"Similar post","block_context":{"text":"Similar post","link":""},"img":{"alt_text":"","src":"","width":0,"height":0},"classes":[]},{"id":28278,"url":"https:\/\/sakaba.mghosteur.com\/en\/product\/sheamoisture-baby-healing-lotion\/","url_meta":{"origin":28112,"position":4},"title":"SheaMoisture Baby Healing Lotion","author":"admin","date":"November 30, 2022","format":false,"excerpt":"","rel":"","context":"Similar post","block_context":{"text":"Similar post","link":""},"img":{"alt_text":"","src":"","width":0,"height":0},"classes":[]},{"id":33777,"url":"https:\/\/sakaba.mghosteur.com\/en\/product\/johnsons-head-to-toe-moisturizing-baby-body-lotion\/","url_meta":{"origin":28112,"position":5},"title":"Johnson&#8217;s Head-to-Toe Moisturizing Baby Body Lotion","author":"admin","date":"May 23, 2024","format":false,"excerpt":"","rel":"","context":"Similar post","block_context":{"text":"Similar post","link":""},"img":{"alt_text":"","src":"","width":0,"height":0},"classes":[]}],"_links":{"self":[{"href":"https:\/\/sakaba.mghosteur.com\/en\/wp-json\/wp\/v2\/product\/28112","targetHints":{"allow":["GET"]}}],"collection":[{"href":"https:\/\/sakaba.mghosteur.com\/en\/wp-json\/wp\/v2\/product"}],"about":[{"href":"https:\/\/sakaba.mghosteur.com\/en\/wp-json\/wp\/v2\/types\/product"}],"replies":[{"embeddable":true,"href":"https:\/\/sakaba.mghosteur.com\/en\/wp-json\/wp\/v2\/comments?post=28112"}],"version-history":[{"count":0,"href":"https:\/\/sakaba.mghosteur.com\/en\/wp-json\/wp\/v2\/product\/28112\/revisions"}],"wp:attachment":[{"href":"https:\/\/sakaba.mghosteur.com\/en\/wp-json\/wp\/v2\/media?parent=28112"}],"wp:term":[{"taxonomy":"product_brand","embeddable":true,"href":"https:\/\/sakaba.mghosteur.com\/en\/wp-json\/wp\/v2\/product_brand?post=28112"},{"taxonomy":"product_cat","embeddable":true,"href":"https:\/\/sakaba.mghosteur.com\/en\/wp-json\/wp\/v2\/product_cat?post=28112"},{"taxonomy":"product_tag","embeddable":true,"href":"https:\/\/sakaba.mghosteur.com\/en\/wp-json\/wp\/v2\/product_tag?post=28112"}],"curies":[{"name":"wp","href":"https:\/\/api.w.org\/{rel}","templated":true}]}}