{"id":28115,"date":"2022-11-30T09:26:07","date_gmt":"2022-11-30T09:26:07","guid":{"rendered":"http:\/\/www.sakababeauty.com\/?post_type=product&#038;p=28115"},"modified":"2022-11-30T09:26:15","modified_gmt":"2022-11-30T09:26:15","slug":"sheer-hydration-replenishingbody-lotion","status":"publish","type":"product","link":"https:\/\/sakaba.mghosteur.com\/en\/product\/sheer-hydration-replenishingbody-lotion\/","title":{"rendered":"SHEER HYDRATION REPLENISHING BODY LOTION"},"content":{"rendered":"","protected":false},"excerpt":{"rendered":"","protected":false},"featured_media":0,"comment_status":"closed","ping_status":"closed","template":"","meta":[],"product_brand":[],"product_cat":[287],"product_tag":[],"class_list":{"0":"post-28115","1":"product","2":"type-product","3":"status-publish","5":"product_cat-aag-bebe-enfant","7":"first","8":"instock","9":"shipping-taxable","10":"product-type-simple"},"jetpack-related-posts":[{"id":33305,"url":"https:\/\/sakaba.mghosteur.com\/en\/product\/shea-better-24h-moisture-body-lotion-fresh-cozy\/","url_meta":{"origin":28115,"position":0},"title":"EOS SHEA BETTER 24H MOISTURE BODY LOTION FRESH COZY","author":"admin","date":"May 20, 2024","format":false,"excerpt":"Lotion corporelle hydratante 24 heures avec de l'huile de karit\u00e9 hydratante instantan\u00e9e + une protection durable Le beurre de karit\u00e9 s'absorbe rapidement pour une hydratation luxueuse et soyeuse. Protection apaisante pour les peaux s\u00e8ches Fabriqu\u00e9 avec 7 huiles et beurres nourrissants Contient des ingr\u00e9dients issus de sources durables Sans parab\u00e8nes,\u2026","rel":"","context":"Similar post","block_context":{"text":"Similar post","link":""},"img":{"alt_text":"","src":"","width":0,"height":0},"classes":[]},{"id":33302,"url":"https:\/\/sakaba.mghosteur.com\/en\/product\/shea-better-24h-moisture-body-lotion-coconut-water\/","url_meta":{"origin":28115,"position":1},"title":"EOS SHEA BETTER 24H MOISTURE BODY LOTION COCONUT WATER","author":"admin","date":"May 20, 2024","format":false,"excerpt":"La lotion corporelle Coconut Waters chaude et ensoleill\u00e9e vous emm\u00e8nera dans les endroits les plus exotiques et les plages de sable blanc avec des notes de noix de coco cr\u00e9meuse m\u00e9lang\u00e9es \u00e0 de l'hibiscus luxuriant et du musc solaire. Notre lotion corporelle 24H avec de l'huile de karit\u00e9 hydratante instantan\u00e9ment\u2026","rel":"","context":"Similar post","block_context":{"text":"Similar post","link":""},"img":{"alt_text":"","src":"","width":0,"height":0},"classes":[]},{"id":24862,"url":"https:\/\/sakaba.mghosteur.com\/en\/product\/eos-24-moisture-body-lotion\/","url_meta":{"origin":28115,"position":2},"title":"EOS 24 MOISTURE BODY LOTION","author":"admin","date":"November 11, 2022","format":false,"excerpt":"La lotion corporelle hydratante 24 heures Eos Shea Better contient de l'huile de karit\u00e9 hydratante instantan\u00e9e et du beurre de karit\u00e9 \u00e0 protection longue dur\u00e9e qui p\u00e9n\u00e8tre rapidement pour une hydratation de 24 heures. Dites bonjour \u00e0\u2026 une absorption rapide, une peau l\u00e9g\u00e8re et douce et du karit\u00e9 durable. Dites\u2026","rel":"","context":"Similar post","block_context":{"text":"Similar post","link":""},"img":{"alt_text":"","src":"","width":0,"height":0},"classes":[]},{"id":56178,"url":"https:\/\/sakaba.mghosteur.com\/en\/product\/eos-shea-better-24h-moisture-body-lotion-fragrance-free\/","url_meta":{"origin":28115,"position":3},"title":"eos Shea Better 24H Moisture Body Lotion  Fragrance Free","author":"Sope DIA","date":"January 2, 2026","format":false,"excerpt":"RECOMMAND\u00c9 PAR LES DERMATOLOGUES ET APPROUV\u00c9 PAR LA NEA\u00a0: D\u00e9sormais officiellement reconnu par la National Eczema Association comme s\u00fbr et efficace pour les peaux sensibles SANS PARFUM ET HYPOALLERG\u00c9NIQUE : Sans parfum ni irritants ajout\u00e9s, pour un soin pur et nourrissant des peaux sensibles. HYDRATATION 48 HEURES : Formule prouv\u00e9e\u2026","rel":"","context":"Similar post","block_context":{"text":"Similar post","link":""},"img":{"alt_text":"","src":"","width":0,"height":0},"classes":[]},{"id":33157,"url":"https:\/\/sakaba.mghosteur.com\/en\/product\/eos-24-moisture-body-lotion-pomegranate-raspberry\/","url_meta":{"origin":28115,"position":4},"title":"EOS 24 MOISTURE BODY LOTION POMEGRANATE RASPBERRY","author":"admin","date":"May 20, 2024","format":false,"excerpt":"La lotion corporelle hydratante 24 heures Eos Shea Better contient de l'huile de karit\u00e9 hydratante instantan\u00e9e et du beurre de karit\u00e9 \u00e0 protection longue dur\u00e9e qui p\u00e9n\u00e8tre rapidement pour une hydratation de 24 heures. Dites bonjour \u00e0\u2026 une absorption rapide, une peau l\u00e9g\u00e8re et douce et du karit\u00e9 durable. Dites\u2026","rel":"","context":"Similar post","block_context":{"text":"Similar post","link":""},"img":{"alt_text":"","src":"","width":0,"height":0},"classes":[]},{"id":24029,"url":"https:\/\/sakaba.mghosteur.com\/en\/product\/aveeno-daily-moisturizing-sheer-hydration-lotion\/","url_meta":{"origin":28115,"position":5},"title":"Aveeno Daily Moisturizing Sheer Hydration Lotion","author":"admin","date":"November 9, 2022","format":false,"excerpt":"Hydratez intens\u00e9ment votre peau avec la lotion hydratante quotidienne Aveeno Sheer Hydration. Cette lotion ultra-transparente pour peau s\u00e8che p\u00e9n\u00e8tre en quelques secondes, pour une sensation de fra\u00eecheur et de l\u00e9g\u00e8ret\u00e9 que vous voudrez utiliser toute l'ann\u00e9e. \u00c0 base d'avoine apaisante, sa formule unique est sans parfum et offre 24 heures\u2026","rel":"","context":"Similar post","block_context":{"text":"Similar post","link":""},"img":{"alt_text":"","src":"","width":0,"height":0},"classes":[]}],"_links":{"self":[{"href":"https:\/\/sakaba.mghosteur.com\/en\/wp-json\/wp\/v2\/product\/28115","targetHints":{"allow":["GET"]}}],"collection":[{"href":"https:\/\/sakaba.mghosteur.com\/en\/wp-json\/wp\/v2\/product"}],"about":[{"href":"https:\/\/sakaba.mghosteur.com\/en\/wp-json\/wp\/v2\/types\/product"}],"replies":[{"embeddable":true,"href":"https:\/\/sakaba.mghosteur.com\/en\/wp-json\/wp\/v2\/comments?post=28115"}],"version-history":[{"count":0,"href":"https:\/\/sakaba.mghosteur.com\/en\/wp-json\/wp\/v2\/product\/28115\/revisions"}],"wp:attachment":[{"href":"https:\/\/sakaba.mghosteur.com\/en\/wp-json\/wp\/v2\/media?parent=28115"}],"wp:term":[{"taxonomy":"product_brand","embeddable":true,"href":"https:\/\/sakaba.mghosteur.com\/en\/wp-json\/wp\/v2\/product_brand?post=28115"},{"taxonomy":"product_cat","embeddable":true,"href":"https:\/\/sakaba.mghosteur.com\/en\/wp-json\/wp\/v2\/product_cat?post=28115"},{"taxonomy":"product_tag","embeddable":true,"href":"https:\/\/sakaba.mghosteur.com\/en\/wp-json\/wp\/v2\/product_tag?post=28115"}],"curies":[{"name":"wp","href":"https:\/\/api.w.org\/{rel}","templated":true}]}}