{"id":28122,"date":"2022-11-30T09:32:17","date_gmt":"2022-11-30T09:32:17","guid":{"rendered":"http:\/\/www.sakababeauty.com\/?post_type=product&#038;p=28122"},"modified":"2022-11-30T09:32:18","modified_gmt":"2022-11-30T09:32:18","slug":"black-magic-after-shave-lotion","status":"publish","type":"product","link":"https:\/\/sakaba.mghosteur.com\/en\/product\/black-magic-after-shave-lotion\/","title":{"rendered":"Black Magic After Shave Lotion"},"content":{"rendered":"","protected":false},"excerpt":{"rendered":"","protected":false},"featured_media":0,"comment_status":"closed","ping_status":"closed","template":"","meta":[],"product_brand":[],"product_cat":[288,370],"product_tag":[],"class_list":{"0":"post-28122","1":"product","2":"type-product","3":"status-publish","5":"product_cat-aaf-homme","6":"product_cat-rasage","8":"first","9":"instock","10":"shipping-taxable","11":"product-type-simple"},"jetpack-related-posts":[{"id":33258,"url":"https:\/\/sakaba.mghosteur.com\/en\/product\/eos-she-better-24h-moisture-shave-cream-vanila-bliss\/","url_meta":{"origin":28122,"position":0},"title":"EOS SHE BETTER 24H MOISTURE SHAVE CREAM VANILA BLISS","author":"admin","date":"May 20, 2024","format":false,"excerpt":"Cette cr\u00e8me et lotion de rasage pour femmes EOS Vanilla Bliss, fra\u00eeche et cr\u00e9meuse, pr\u00e9sente des notes de gousse de vanille, de cr\u00e8me douce et de cassonade. Obtenez votre rasage le plus doux, le plus lisse (et le plus proche) de tous les temps. La lotion de rasage EOS est\u2026","rel":"","context":"Similar post","block_context":{"text":"Similar post","link":""},"img":{"alt_text":"","src":"","width":0,"height":0},"classes":[]},{"id":25327,"url":"https:\/\/sakaba.mghosteur.com\/en\/product\/black-girl-sunscreen-lotion-for-face-and-body\/","url_meta":{"origin":28122,"position":1},"title":"BLACK GIRL SUNSCREEN LOTION FOR FACE AND BODY","author":"admin","date":"November 14, 2022","format":false,"excerpt":"","rel":"","context":"Similar post","block_context":{"text":"Similar post","link":""},"img":{"alt_text":"","src":"","width":0,"height":0},"classes":[]},{"id":33969,"url":"https:\/\/sakaba.mghosteur.com\/en\/product\/black-girl-sunscreen-lotion-for-face-and-body-30\/","url_meta":{"origin":28122,"position":2},"title":"BLACK GIRL SUNSCREEN LOTION FOR FACE AND BODY 30","author":"admin","date":"May 24, 2024","format":false,"excerpt":"Cr\u00e8me solaire con\u00e7ue par des femmes de couleur pour les personnes de couleur, car nous aussi nous attraperons des coups de soleil. Une cr\u00e8me solaire \u00e0 usage quotidien, remplie d'ingr\u00e9dients cl\u00e9s, qui prot\u00e9gera votre peau du soleil et fera \u00e9galement office de lotion hydratante. La cr\u00e8me solaire Black Girl s\u00e8che\u2026","rel":"","context":"Similar post","block_context":{"text":"Similar post","link":""},"img":{"alt_text":"","src":"","width":0,"height":0},"classes":[]},{"id":27195,"url":"https:\/\/sakaba.mghosteur.com\/en\/product\/original-shave-cream\/","url_meta":{"origin":28122,"position":3},"title":"Original shave cream","author":"admin","date":"November 29, 2022","format":false,"excerpt":"","rel":"","context":"Similar post","block_context":{"text":"Similar post","link":""},"img":{"alt_text":"","src":"","width":0,"height":0},"classes":[]},{"id":28339,"url":"https:\/\/sakaba.mghosteur.com\/en\/product\/harry-s-foaming-shave-gel\/","url_meta":{"origin":28122,"position":4},"title":"HARRY S FOAMING SHAVE GEL","author":"admin","date":"November 30, 2022","format":false,"excerpt":"","rel":"","context":"Similar post","block_context":{"text":"Similar post","link":""},"img":{"alt_text":"","src":"","width":0,"height":0},"classes":[]},{"id":27614,"url":"https:\/\/sakaba.mghosteur.com\/en\/product\/gillette-sensitive-sensible-shave-gel\/","url_meta":{"origin":28122,"position":5},"title":"Gillette sensitive sensible shave gel","author":"admin","date":"November 29, 2022","format":false,"excerpt":"","rel":"","context":"Similar post","block_context":{"text":"Similar post","link":""},"img":{"alt_text":"","src":"","width":0,"height":0},"classes":[]}],"_links":{"self":[{"href":"https:\/\/sakaba.mghosteur.com\/en\/wp-json\/wp\/v2\/product\/28122","targetHints":{"allow":["GET"]}}],"collection":[{"href":"https:\/\/sakaba.mghosteur.com\/en\/wp-json\/wp\/v2\/product"}],"about":[{"href":"https:\/\/sakaba.mghosteur.com\/en\/wp-json\/wp\/v2\/types\/product"}],"replies":[{"embeddable":true,"href":"https:\/\/sakaba.mghosteur.com\/en\/wp-json\/wp\/v2\/comments?post=28122"}],"version-history":[{"count":0,"href":"https:\/\/sakaba.mghosteur.com\/en\/wp-json\/wp\/v2\/product\/28122\/revisions"}],"wp:attachment":[{"href":"https:\/\/sakaba.mghosteur.com\/en\/wp-json\/wp\/v2\/media?parent=28122"}],"wp:term":[{"taxonomy":"product_brand","embeddable":true,"href":"https:\/\/sakaba.mghosteur.com\/en\/wp-json\/wp\/v2\/product_brand?post=28122"},{"taxonomy":"product_cat","embeddable":true,"href":"https:\/\/sakaba.mghosteur.com\/en\/wp-json\/wp\/v2\/product_cat?post=28122"},{"taxonomy":"product_tag","embeddable":true,"href":"https:\/\/sakaba.mghosteur.com\/en\/wp-json\/wp\/v2\/product_tag?post=28122"}],"curies":[{"name":"wp","href":"https:\/\/api.w.org\/{rel}","templated":true}]}}