{"id":28127,"date":"2022-11-30T09:33:55","date_gmt":"2022-11-30T09:33:55","guid":{"rendered":"http:\/\/www.sakababeauty.com\/?post_type=product&#038;p=28127"},"modified":"2024-09-06T17:21:32","modified_gmt":"2024-09-06T17:21:32","slug":"palmers-cocoa-butter-formula-with-vitamin-e-heals-softens-2","status":"publish","type":"product","link":"https:\/\/sakaba.mghosteur.com\/en\/product\/palmers-cocoa-butter-formula-with-vitamin-e-heals-softens-2\/","title":{"rendered":"Palmers Cocoa Butter Body Lotion, Fragrance Free"},"content":{"rendered":"<p>D\u00e9couvrez la lotion corporelle sans parfum de la marque Palmer&#8217;s, une solution efficace pour gu\u00e9rir et adoucir votre peau s\u00e8che et rugueuse. Cette lotion contient du beurre de cacao naturel et de la vitamine E, qui hydratent intens\u00e9ment votre peau pour une apparence plus saine. Avec une hydratation durable jusqu&#8217;\u00e0 48 heures, cette lotion est recommand\u00e9e par 3 dermatologues sur 4 lorsqu&#8217;ils recommandent le beurre de cacao. Elle est \u00e9galement hypoallerg\u00e9nique et convient parfaitement aux peaux sensibles et sujettes \u00e0 l&#8217;ecz\u00e9ma. Respectueuse des v\u00e9g\u00e9taliens, elle ne contient aucun ingr\u00e9dient ni test d&#8217;origine animale. Sans parab\u00e8nes, phtalates, parfums ou parfums allerg\u00e8nes, cette lotion pour le corps est la solution id\u00e9ale pour hydrater et nourrir votre peau en profondeur. Fabriqu\u00e9e avec des ingr\u00e9dients naturels de qualit\u00e9 sup\u00e9rieure, la lotion pour le corps Palmer&#8217;s Cocoa Butter Formula est une marque de confiance depuis plus de 180 ans, transmise de g\u00e9n\u00e9ration en g\u00e9n\u00e9ration. Commandez d\u00e8s maintenant pour une peau douce, lisse et hydrat\u00e9e de la t\u00eate aux pieds !<\/p>","protected":false},"excerpt":{"rendered":"<p>D\u00e9couvrez la lotion corporelle sans parfum de la marque Palmer&#8217;s, une solution efficace pour gu\u00e9rir et adoucir votre peau s\u00e8che et rugueuse. Cette lotion contient du beurre de cacao naturel et de la vitamine E, qui hydratent intens\u00e9ment votre peau pour une apparence plus saine. Avec une hydratation durable jusqu&#8217;\u00e0 48 heures, cette lotion est<span class=\"read-more-faq\"><a href=\"https:\/\/sakaba.mghosteur.com\/en\/product\/palmers-cocoa-butter-formula-with-vitamin-e-heals-softens-2\/\">Read More<\/a><\/span><\/p>","protected":false},"featured_media":0,"comment_status":"closed","ping_status":"closed","template":"","meta":[],"product_brand":[],"product_cat":[288,355],"product_tag":[],"class_list":{"0":"post-28127","1":"product","2":"type-product","3":"status-publish","5":"product_cat-aaf-homme","6":"product_cat-hydratant-corps","8":"first","9":"instock","10":"shipping-taxable","11":"product-type-simple"},"jetpack-related-posts":[{"id":24414,"url":"https:\/\/sakaba.mghosteur.com\/en\/product\/palmers-cocoa-butter-formula-with-vitamin-e-heals-softens\/","url_meta":{"origin":28127,"position":0},"title":"Palmers Cocoa Butter Daily Skin Therapy","author":"admin","date":"November 10, 2022","format":false,"excerpt":"La lotion corporelle Daily Skin Therapy de Palmer's est le produit parfait pour prendre soin de votre peau s\u00e8che et rugueuse. Elle contient du beurre de cacao naturel et de la vitamine E, deux ingr\u00e9dients intens\u00e9ment hydratants qui gu\u00e9rissent et adoucissent votre peau pour lui donner une apparence plus saine.\u2026","rel":"","context":"Similar post","block_context":{"text":"Similar post","link":""},"img":{"alt_text":"","src":"","width":0,"height":0},"classes":[]},{"id":24422,"url":"https:\/\/sakaba.mghosteur.com\/en\/product\/palmers-heals-softens-daily-skin-therapy\/","url_meta":{"origin":28127,"position":1},"title":"PALMERS HEALS SOFTENS DAILY SKIN THERAPY","author":"admin","date":"November 10, 2022","format":false,"excerpt":"Dites adieu \u00e0 la peau s\u00e8che et rugueuse avec la Th\u00e9rapie quotidienne de la peau de Palmer's. Cette lotion corporelle est formul\u00e9e avec du beurre de cacao naturel et de la vitamine E pour hydrater intens\u00e9ment votre peau, la laissant d'apparence plus saine en seulement 48 heures. Notre produit est\u2026","rel":"","context":"Similar post","block_context":{"text":"Similar post","link":""},"img":{"alt_text":"","src":"","width":0,"height":0},"classes":[]},{"id":24410,"url":"https:\/\/sakaba.mghosteur.com\/en\/product\/palmers-massage-lotion-stretch-marks\/","url_meta":{"origin":28127,"position":2},"title":"PALMERS MASSAGE LOTION STRETCH MARKS","author":"admin","date":"November 10, 2022","format":false,"excerpt":"La lotion de massage au beurre de cacao pour les vergetures de grossesse de la marque Palmer's est un produit exceptionnel pour les futures mamans. Cette lotion pour le corps de grossesse peut \u00eatre utilis\u00e9e sur tout le corps et aide \u00e0 maintenir la peau douce et souple, ce qui\u2026","rel":"","context":"Similar post","block_context":{"text":"Similar post","link":""},"img":{"alt_text":"","src":"","width":0,"height":0},"classes":[]},{"id":29752,"url":"https:\/\/sakaba.mghosteur.com\/en\/product\/skin-success-moisturizing-lotion\/","url_meta":{"origin":28127,"position":3},"title":"SKIN SUCCESS MOISTURIZING LOTION","author":"admin","date":"April 19, 2023","format":false,"excerpt":"D\u00e9couvrez la lotion hydratante anti-taches sombres de Palmer's Skin Success. Cette lotion pour le corps est riche en ingr\u00e9dients naturels tels que le beurre de cacao, la vitamine E et le soja pour une peau douce et soyeuse. Elle est absorb\u00e9e rapidement et ne laisse pas d'effet gras, ce qui\u2026","rel":"","context":"Similar post","block_context":{"text":"Similar post","link":""},"img":{"alt_text":"","src":"","width":0,"height":0},"classes":[]},{"id":29740,"url":"https:\/\/sakaba.mghosteur.com\/en\/product\/palmers-stretch-marks-massage-lotion-315ml\/","url_meta":{"origin":28127,"position":4},"title":"PALMER&#8217;S STRETCH MARKS MASSAGE LOTION 315ML","author":"admin","date":"April 18, 2023","format":false,"excerpt":"D\u00e9couvrez la lotion de massage pour les vergetures de la marque Palmer's, sp\u00e9cialement con\u00e7ue pour maintenir la peau douce et souple pendant la grossesse et les fluctuations de poids. Cette lotion pour le corps peut \u00eatre utilis\u00e9e sur tout le corps et contient du chanvre pour r\u00e9duire l'apparence des vergetures.\u2026","rel":"","context":"Similar post","block_context":{"text":"Similar post","link":""},"img":{"alt_text":"","src":"","width":0,"height":0},"classes":[]},{"id":29936,"url":"https:\/\/sakaba.mghosteur.com\/en\/product\/vaseline-intensive-care-cocoa-body-butter\/","url_meta":{"origin":28127,"position":5},"title":"VASELINE INTENSIVE CARE COCOA BODY BUTTER","author":"admin","date":"April 28, 2023","format":false,"excerpt":"La lotion pour le corps Vaseline Intensive Care Cocoa Body Butter est une formule riche \u00e0 base de beurre de cacao et de beurre de karit\u00e9, combin\u00e9e \u00e0 un m\u00e9lange sp\u00e9cial de micro-gouttelettes de gel\u00e9e de vaseline et d'humectants pour hydrater et aider \u00e0 gu\u00e9rir la peau s\u00e8che. Cette cr\u00e8me\u2026","rel":"","context":"Similar post","block_context":{"text":"Similar post","link":""},"img":{"alt_text":"","src":"","width":0,"height":0},"classes":[]}],"_links":{"self":[{"href":"https:\/\/sakaba.mghosteur.com\/en\/wp-json\/wp\/v2\/product\/28127","targetHints":{"allow":["GET"]}}],"collection":[{"href":"https:\/\/sakaba.mghosteur.com\/en\/wp-json\/wp\/v2\/product"}],"about":[{"href":"https:\/\/sakaba.mghosteur.com\/en\/wp-json\/wp\/v2\/types\/product"}],"replies":[{"embeddable":true,"href":"https:\/\/sakaba.mghosteur.com\/en\/wp-json\/wp\/v2\/comments?post=28127"}],"version-history":[{"count":0,"href":"https:\/\/sakaba.mghosteur.com\/en\/wp-json\/wp\/v2\/product\/28127\/revisions"}],"wp:attachment":[{"href":"https:\/\/sakaba.mghosteur.com\/en\/wp-json\/wp\/v2\/media?parent=28127"}],"wp:term":[{"taxonomy":"product_brand","embeddable":true,"href":"https:\/\/sakaba.mghosteur.com\/en\/wp-json\/wp\/v2\/product_brand?post=28127"},{"taxonomy":"product_cat","embeddable":true,"href":"https:\/\/sakaba.mghosteur.com\/en\/wp-json\/wp\/v2\/product_cat?post=28127"},{"taxonomy":"product_tag","embeddable":true,"href":"https:\/\/sakaba.mghosteur.com\/en\/wp-json\/wp\/v2\/product_tag?post=28127"}],"curies":[{"name":"wp","href":"https:\/\/api.w.org\/{rel}","templated":true}]}}