{"id":28131,"date":"2022-11-30T09:35:20","date_gmt":"2022-11-30T09:35:20","guid":{"rendered":"http:\/\/www.sakababeauty.com\/?post_type=product&#038;p=28131"},"modified":"2022-11-30T09:35:47","modified_gmt":"2022-11-30T09:35:47","slug":"panax-ginseng-ginkgo-biloba","status":"publish","type":"product","link":"https:\/\/sakaba.mghosteur.com\/en\/product\/panax-ginseng-ginkgo-biloba\/","title":{"rendered":"PANAX GINSENG +GINKGO BILOBA"},"content":{"rendered":"","protected":false},"excerpt":{"rendered":"","protected":false},"featured_media":0,"comment_status":"closed","ping_status":"closed","template":"","meta":[],"product_brand":[],"product_cat":[288,381],"product_tag":[],"class_list":{"0":"post-28131","1":"product","2":"type-product","3":"status-publish","5":"product_cat-aaf-homme","6":"product_cat-vitamine-et-complements","8":"first","9":"instock","10":"shipping-taxable","11":"product-type-simple"},"jetpack-related-posts":[{"id":31393,"url":"https:\/\/sakaba.mghosteur.com\/en\/product\/beauty-of-joseon-revive-serum-ginseng-snail-mucin\/","url_meta":{"origin":28131,"position":0},"title":"BEAUTY OF JOSEON Revive Serum  Ginseng + Snail Mucin","author":"admin","date":"May 10, 2024","format":false,"excerpt":"D\u00e9couvrez le S\u00e9rum Revive : Ginseng + Mucus d'escargot Un s\u00e9rum con\u00e7u pour raviver les peaux en manque de vitalit\u00e9. Formul\u00e9 avec du ginseng, un ingr\u00e9dient v\u00e9g\u00e9tal r\u00e9put\u00e9 depuis des si\u00e8cles, et 3 % de filtrat de s\u00e9cr\u00e9tion d'escargot, cette combinaison offre une synergie optimale pour renforcer l'\u00e9lasticit\u00e9 de la\u2026","rel":"","context":"Similar post","block_context":{"text":"Similar post","link":""},"img":{"alt_text":"","src":"","width":0,"height":0},"classes":[]},{"id":30222,"url":"https:\/\/sakaba.mghosteur.com\/en\/product\/beauty-of-joseon-revive-serum-ginseng-snail-muci\/","url_meta":{"origin":28131,"position":1},"title":"BEAUTY OF JOSEON REVIVE SERUM GINSENG + SNAIL MUCI","author":"admin","date":"May 4, 2023","format":false,"excerpt":"D\u00e9couvrez le S\u00e9rum Revive de la marque Beauty of Joseon, sp\u00e9cialement con\u00e7u pour revitaliser les peaux en manque d'\u00e9nergie. Ce s\u00e9rum contient du ginseng, un ingr\u00e9dient v\u00e9g\u00e9tal utilis\u00e9 depuis des si\u00e8cles en phytoth\u00e9rapie orientale pour ses propri\u00e9t\u00e9s b\u00e9n\u00e9fiques. Avec une concentration de 63% en eau de racine de ginseng, ce\u2026","rel":"","context":"Similar post","block_context":{"text":"Similar post","link":""},"img":{"alt_text":"","src":"","width":0,"height":0},"classes":[]},{"id":34609,"url":"https:\/\/sakaba.mghosteur.com\/en\/product\/fenty-nettoyant-en-profondeur-skin-cleanser\/","url_meta":{"origin":28131,"position":2},"title":"FENTY TOTAL CLEANS&#8217;R REMOVE-IT-ALL CLEANSER WITH BARBADOS CHERRY","author":"admin","date":"May 29, 2024","format":false,"excerpt":"Obtenez cette sensation de fra\u00eecheur et de propret\u00e9 avec notre nettoyant cr\u00e9meux moelleux qui affine l'apparence des pores et \u00e9limine instantan\u00e9ment la salet\u00e9, le s\u00e9bum et les impuret\u00e9s sans laisser de sensation de tiraillement sur la peau. B\u00e9n\u00e9fices Le Ginkgo Biloba aide \u00e0 \u00e9quilibrer les pores et \u00e0 lutter contre\u2026","rel":"","context":"Similar post","block_context":{"text":"Similar post","link":""},"img":{"alt_text":"","src":"","width":0,"height":0},"classes":[]},{"id":27930,"url":"https:\/\/sakaba.mghosteur.com\/en\/product\/refreshing-scrub-cleanser\/","url_meta":{"origin":28131,"position":3},"title":"ORIGINS GINZING REFRESHING SCRUB CLEANSER","author":"admin","date":"November 29, 2022","format":false,"excerpt":"Un nettoyant et exfoliant deux en un qui affine et lisse la peau. Sa formule est formul\u00e9e pour : Ce nettoyant exfoliant deux en un est enrichi en ginseng panax et en caf\u00e9ine qui boostent l'\u00e9clat tandis que la cire de jojoba et de carnauba exfolie en douceur pour aider\u2026","rel":"","context":"Similar post","block_context":{"text":"Similar post","link":""},"img":{"alt_text":"","src":"","width":0,"height":0},"classes":[]},{"id":27615,"url":"https:\/\/sakaba.mghosteur.com\/en\/product\/repair-serum-ginseng-snail-mucin\/","url_meta":{"origin":28131,"position":4},"title":"REPAIR SERUM GINSENG + SNAIL MUCIN","author":"admin","date":"November 29, 2022","format":false,"excerpt":"","rel":"","context":"Similar post","block_context":{"text":"Similar post","link":""},"img":{"alt_text":"","src":"","width":0,"height":0},"classes":[]},{"id":27620,"url":"https:\/\/sakaba.mghosteur.com\/en\/product\/ginseng-essence-water\/","url_meta":{"origin":28131,"position":5},"title":"GINSENG ESSENCE WATER","author":"admin","date":"November 29, 2022","format":false,"excerpt":"D\u00e9couvrez l'eau d'essence de ginseng de la marque Beauty of Joseon, un produit \u00e0 base de plantes naturelles qui a \u00e9t\u00e9 utilis\u00e9 pendant des si\u00e8cles pour am\u00e9liorer la sant\u00e9 et la beaut\u00e9 de la peau cor\u00e9enne. Cette essence contient 80% d'eau de ginseng pour offrir une hydratation et une nutrition\u2026","rel":"","context":"Similar post","block_context":{"text":"Similar post","link":""},"img":{"alt_text":"","src":"","width":0,"height":0},"classes":[]}],"_links":{"self":[{"href":"https:\/\/sakaba.mghosteur.com\/en\/wp-json\/wp\/v2\/product\/28131","targetHints":{"allow":["GET"]}}],"collection":[{"href":"https:\/\/sakaba.mghosteur.com\/en\/wp-json\/wp\/v2\/product"}],"about":[{"href":"https:\/\/sakaba.mghosteur.com\/en\/wp-json\/wp\/v2\/types\/product"}],"replies":[{"embeddable":true,"href":"https:\/\/sakaba.mghosteur.com\/en\/wp-json\/wp\/v2\/comments?post=28131"}],"version-history":[{"count":0,"href":"https:\/\/sakaba.mghosteur.com\/en\/wp-json\/wp\/v2\/product\/28131\/revisions"}],"wp:attachment":[{"href":"https:\/\/sakaba.mghosteur.com\/en\/wp-json\/wp\/v2\/media?parent=28131"}],"wp:term":[{"taxonomy":"product_brand","embeddable":true,"href":"https:\/\/sakaba.mghosteur.com\/en\/wp-json\/wp\/v2\/product_brand?post=28131"},{"taxonomy":"product_cat","embeddable":true,"href":"https:\/\/sakaba.mghosteur.com\/en\/wp-json\/wp\/v2\/product_cat?post=28131"},{"taxonomy":"product_tag","embeddable":true,"href":"https:\/\/sakaba.mghosteur.com\/en\/wp-json\/wp\/v2\/product_tag?post=28131"}],"curies":[{"name":"wp","href":"https:\/\/api.w.org\/{rel}","templated":true}]}}