{"id":28135,"date":"2022-11-30T09:37:25","date_gmt":"2022-11-30T09:37:25","guid":{"rendered":"http:\/\/www.sakababeauty.com\/?post_type=product&#038;p=28135"},"modified":"2022-11-30T09:37:25","modified_gmt":"2022-11-30T09:37:25","slug":"collagene-advanced-formula-390-tablets","status":"publish","type":"product","link":"https:\/\/sakaba.mghosteur.com\/en\/product\/collagene-advanced-formula-390-tablets\/","title":{"rendered":"COLLAGENE ADVANCED FORMULA 390 TABLETS"},"content":{"rendered":"","protected":false},"excerpt":{"rendered":"","protected":false},"featured_media":0,"comment_status":"closed","ping_status":"closed","template":"","meta":[],"product_brand":[],"product_cat":[288,381],"product_tag":[],"class_list":{"0":"post-28135","1":"product","2":"type-product","3":"status-publish","5":"product_cat-aaf-homme","6":"product_cat-vitamine-et-complements","8":"first","9":"instock","10":"shipping-taxable","11":"product-type-simple"},"jetpack-related-posts":[{"id":31918,"url":"https:\/\/sakaba.mghosteur.com\/en\/product\/youtheory-collagen-6000-mg-120-tablets\/","url_meta":{"origin":28135,"position":0},"title":"YOUTHEORY  COLLAGEN 6000 MG 120 TABLETS","author":"admin","date":"May 10, 2024","format":false,"excerpt":"Profitez des cheveux dynamiques, d\u2019une peau jeune, et des ongles sains avec les comprim\u00e9s au collag\u00e8ne et vitamine C de Youtheory. Ce produit aide \u00e0 lutter contre les effets du vieillissement en revitalisant la peau, les cheveux, les ongles, les tendons et les ligaments. Fournissant 6000 mg de peptides de\u2026","rel":"","context":"Similar post","block_context":{"text":"Similar post","link":""},"img":{"alt_text":"","src":"","width":0,"height":0},"classes":[]},{"id":56111,"url":"https:\/\/sakaba.mghosteur.com\/en\/product\/advanced-clinicals-collagen-skin-rescue-lotion\/","url_meta":{"origin":28135,"position":1},"title":"Advanced Clinicals Collagen Skin Rescue Lotion","author":"Sope DIA","date":"January 2, 2026","format":false,"excerpt":"Cr\u00e8me au collag\u00e8ne Advanced Clinics\u00a0: contribue \u00e0 att\u00e9nuer l\u2019apparence des rides, des ridules et du rel\u00e2chement cutan\u00e9. Id\u00e9ale pour le contour des yeux, le cou, le d\u00e9collet\u00e9 et les mains. FORMULE ANTI-\u00c2GE PUISSANTE - Sa formule d\u00e9licate s'utilise sur le visage pour lutter contre les signes du vieillissement. Cette cr\u00e8me\u2026","rel":"","context":"Similar post","block_context":{"text":"Similar post","link":""},"img":{"alt_text":"","src":"","width":0,"height":0},"classes":[]},{"id":31915,"url":"https:\/\/sakaba.mghosteur.com\/en\/product\/youtheory-collagen-6000-mg-290-tablets\/","url_meta":{"origin":28135,"position":2},"title":"YOUTHEORY COLLAGEN 6000 MG 290 TABLETS","author":"admin","date":"May 10, 2024","format":false,"excerpt":"Formule pour la peau, les cheveux & les ongles 6000\u00a0mg Enrichi en vitamine\u00a0C Compl\u00e9ment alimentaire Sans produits laitiers Sans soja Ingr\u00e9dients sans gluten Sans agents de remplissage ni agents liants 6000\u00a0mg de collag\u00e8ne par portion Restaure les prot\u00e9ines synonymes de beaut\u00e9 Lutte contre le vieillissement de la peau Revitalise la\u2026","rel":"","context":"Similar post","block_context":{"text":"Similar post","link":""},"img":{"alt_text":"","src":"","width":0,"height":0},"classes":[]},{"id":29991,"url":"https:\/\/sakaba.mghosteur.com\/en\/product\/neocell-super-collagen-vitamin-biotin-c-type-1-3-180-tablets\/","url_meta":{"origin":28135,"position":3},"title":"NeoCell Super Collagen + Vitamin Biotin C Type 1 &amp; 3 &#8211; 180 tablets","author":"admin","date":"May 1, 2023","format":false,"excerpt":"Le Super Collag\u00e8ne + Vitamine C & Biotine de NeoCell est une formule pratique pour nourrir votre peau en profondeur. Ce compl\u00e9ment alimentaire contient du collag\u00e8ne de types 1 et 3 pour stimuler la production de collag\u00e8ne et favoriser une peau jeune et belle. La vitamine C fournit \u00e9galement un\u2026","rel":"","context":"Similar post","block_context":{"text":"Similar post","link":""},"img":{"alt_text":"","src":"","width":0,"height":0},"classes":[]},{"id":56102,"url":"https:\/\/sakaba.mghosteur.com\/en\/product\/advanced-clinicals-green-coffee-bean-oil-thermo-firming-cream\/","url_meta":{"origin":28135,"position":4},"title":"Advanced Clinicals Green Coffee Bean Oil Thermo-Firming Cream","author":"Sope DIA","date":"January 2, 2026","format":false,"excerpt":"Cr\u00e8me \u00e0 l'huile de caf\u00e9 vert : hydrate visiblement pour une peau plus ferme et lisse. Ce lait corporel thermo-raffermissant hydrate intens\u00e9ment la peau, lui donnant un aspect plus rebondi et raffermi. L'hydratation suppl\u00e9mentaire favorise un effet liftant et lisse, pour une peau visiblement renouvel\u00e9e. Id\u00e9al pour les femmes et\u2026","rel":"","context":"Similar post","block_context":{"text":"Similar post","link":""},"img":{"alt_text":"","src":"","width":0,"height":0},"classes":[]},{"id":25016,"url":"https:\/\/sakaba.mghosteur.com\/en\/product\/neocell-super-collagen-c-type-1-3-120-tablets\/","url_meta":{"origin":28135,"position":5},"title":"NeoCell Super Collagen +C Type 1 &amp; 3 &#8211; 120 tablets","author":"admin","date":"November 11, 2022","format":false,"excerpt":"","rel":"","context":"Similar post","block_context":{"text":"Similar post","link":""},"img":{"alt_text":"","src":"","width":0,"height":0},"classes":[]}],"_links":{"self":[{"href":"https:\/\/sakaba.mghosteur.com\/en\/wp-json\/wp\/v2\/product\/28135","targetHints":{"allow":["GET"]}}],"collection":[{"href":"https:\/\/sakaba.mghosteur.com\/en\/wp-json\/wp\/v2\/product"}],"about":[{"href":"https:\/\/sakaba.mghosteur.com\/en\/wp-json\/wp\/v2\/types\/product"}],"replies":[{"embeddable":true,"href":"https:\/\/sakaba.mghosteur.com\/en\/wp-json\/wp\/v2\/comments?post=28135"}],"version-history":[{"count":0,"href":"https:\/\/sakaba.mghosteur.com\/en\/wp-json\/wp\/v2\/product\/28135\/revisions"}],"wp:attachment":[{"href":"https:\/\/sakaba.mghosteur.com\/en\/wp-json\/wp\/v2\/media?parent=28135"}],"wp:term":[{"taxonomy":"product_brand","embeddable":true,"href":"https:\/\/sakaba.mghosteur.com\/en\/wp-json\/wp\/v2\/product_brand?post=28135"},{"taxonomy":"product_cat","embeddable":true,"href":"https:\/\/sakaba.mghosteur.com\/en\/wp-json\/wp\/v2\/product_cat?post=28135"},{"taxonomy":"product_tag","embeddable":true,"href":"https:\/\/sakaba.mghosteur.com\/en\/wp-json\/wp\/v2\/product_tag?post=28135"}],"curies":[{"name":"wp","href":"https:\/\/api.w.org\/{rel}","templated":true}]}}