{"id":28141,"date":"2022-11-30T09:40:16","date_gmt":"2022-11-30T09:40:16","guid":{"rendered":"http:\/\/www.sakababeauty.com\/?post_type=product&#038;p=28141"},"modified":"2023-05-11T11:22:01","modified_gmt":"2023-05-11T11:22:01","slug":"gold-bond-ultimate-healing-skin-therapy-lotion-14-oz-3","status":"publish","type":"product","link":"https:\/\/sakaba.mghosteur.com\/en\/product\/gold-bond-ultimate-healing-skin-therapy-lotion-14-oz-3\/","title":{"rendered":"Gold Bond Ultimate Eczema relief, 14 oz"},"content":{"rendered":"<div class=\"group w-full text-gray-800 dark:text-gray-100 border-b border-black\/10 dark:border-gray-900\/50 bg-gray-50 dark:bg-[#444654]\">\n<div class=\"flex p-4 gap-4 text-base md:gap-6 md:max-w-2xl lg:max-w-xl xl:max-w-3xl md:py-6 lg:px-0 m-auto\">\n<div class=\"relative flex flex-col w-[calc(100%-50px)] gap-1 md:gap-3 lg:w-[calc(100%-115px)]\">\n<div class=\"flex flex-grow flex-col gap-3\">\n<div class=\"min-h-[20px] flex flex-col items-start gap-4 whitespace-pre-wrap break-words\">\n<div class=\"markdown prose w-full break-words dark:prose-invert light\">\n<p><span style=\"vertical-align: inherit;\"><span style=\"vertical-align: inherit;\">La cr\u00e8me\/lotion m\u00e9dicamenteuse Gold Bond Anti-ecz\u00e9ma est la solution id\u00e9ale pour soulager les sympt\u00f4mes de l&#8217;ecz\u00e9ma. <\/span><span style=\"vertical-align: inherit;\">Elle contient 2% d&#8217;avoine collo\u00efdale qui prot\u00e8ge et soulage temporairement les irritations cutan\u00e9es mineures et les d\u00e9mangeaisons caus\u00e9es par l&#8217;ecz\u00e9ma. <\/span><span style=\"vertical-align: inherit;\">La formule est enrichie de 7 hydratants nourrissants et 3 vitamines, dont la vitamine E, pour aider \u00e0 pr\u00e9venir la perte d&#8217;humidit\u00e9.<\/span><\/span><\/p>\n<p><span style=\"vertical-align: inherit;\"><span style=\"vertical-align: inherit;\">Cette cr\u00e8me\/lotion a \u00e9t\u00e9 test\u00e9e cliniquement et 8 personnes sur 10 ont vu et ressenti une am\u00e9lioration significative de leur peau en seulement deux semaines. <\/span><span style=\"vertical-align: inherit;\">Apr\u00e8s quatre semaines, 9 personnes sur 10 ont connu un soulagement significatif des rougeurs et des irritations caus\u00e9es par l&#8217;ecz\u00e9ma. <\/span><span style=\"vertical-align: inherit;\">Elle est sp\u00e9cialement formul\u00e9e pour les peaux sujettes \u00e0 l&#8217;ecz\u00e9ma, d\u00e9velopp\u00e9e par des dermatologues et accept\u00e9e par l&#8217;Association Nationale de l&#8217;Ecz\u00e9ma.<\/span><\/span><\/p>\n<p><span style=\"vertical-align: inherit;\"><span style=\"vertical-align: inherit;\">La cr\u00e8me\/lotion m\u00e9dicamenteuse Gold Bond Anti-ecz\u00e9ma est hypoallerg\u00e9nique, sans parfum, sans st\u00e9ro\u00efdes et sans colorants, pour une exp\u00e9rience de soin en douceur et efficace. <\/span><span style=\"vertical-align: inherit;\">Faites confiance \u00e0 la marque #1 pour soulager les sympt\u00f4mes de l&#8217;ecz\u00e9ma dans l&#8217;all\u00e9e des lotions pour les mains et le corps.<\/span><\/span><\/p>\n<\/div>\n<\/div>\n<\/div>\n<div class=\"flex justify-between lg:block\">\n<div class=\"text-gray-400 flex self-end lg:self-center justify-center mt-2 gap-2 md:gap-3 lg:gap-1 lg:absolute lg:top-0 lg:translate-x-full lg:right-0 lg:mt-0 lg:pl-2 visible\">\n<p>&nbsp;<\/p>\n<div class=\"flex gap-1\"><\/div>\n<\/div>\n<\/div>\n<\/div>\n<\/div>\n<\/div>","protected":false},"excerpt":{"rendered":"<p>La cr\u00e8me\/lotion m\u00e9dicamenteuse Gold Bond Anti-ecz\u00e9ma est la solution id\u00e9ale pour soulager les sympt\u00f4mes de l&#8217;ecz\u00e9ma. Elle contient 2% d&#8217;avoine collo\u00efdale qui prot\u00e8ge et soulage temporairement les irritations cutan\u00e9es mineures et les d\u00e9mangeaisons caus\u00e9es par l&#8217;ecz\u00e9ma. La formule est enrichie de 7 hydratants nourrissants et 3 vitamines, dont la vitamine E, pour aider \u00e0 pr\u00e9venir<span class=\"read-more-faq\"><a href=\"https:\/\/sakaba.mghosteur.com\/en\/product\/gold-bond-ultimate-healing-skin-therapy-lotion-14-oz-3\/\">Read More<\/a><\/span><\/p>","protected":false},"featured_media":0,"comment_status":"closed","ping_status":"closed","template":"","meta":[],"product_brand":[],"product_cat":[288,355],"product_tag":[],"class_list":{"0":"post-28141","1":"product","2":"type-product","3":"status-publish","5":"product_cat-aaf-homme","6":"product_cat-hydratant-corps","8":"first","9":"instock","10":"shipping-taxable","11":"product-type-simple"},"jetpack-related-posts":[{"id":25507,"url":"https:\/\/sakaba.mghosteur.com\/en\/product\/gold-bond-eczema-relief-2-colloidal-oatmeal\/","url_meta":{"origin":28141,"position":0},"title":"GOLD BOND ECZEMA RELIEF 2% COLLOIDAL OATMEAL","author":"admin","date":"November 14, 2022","format":false,"excerpt":"D\u00e9couvrez la lotion m\u00e9dicamenteuse Gold Bond Anti-Ecz\u00e9ma, le choix num\u00e9ro un pour soulager les sympt\u00f4mes de l'ecz\u00e9ma. Cette lotion contient 2% d'avoine collo\u00efdale pour aider \u00e0 soulager les irritations et les d\u00e9mangeaisons mineures de la peau. La formule est enrichie de 7 hydratants nourrissants et de 3 vitamines, dont la\u2026","rel":"","context":"Similar post","block_context":{"text":"Similar post","link":""},"img":{"alt_text":"","src":"","width":0,"height":0},"classes":[]},{"id":33507,"url":"https:\/\/sakaba.mghosteur.com\/en\/product\/aveeno-baby-eczema-therapy-nighttime-balm\/","url_meta":{"origin":28141,"position":1},"title":"Aveeno Baby Eczema Therapy NIGHTTIME BALM","author":"admin","date":"May 22, 2024","format":false,"excerpt":"Le baume de nuit Aveeno Baby Eczema Therapy aide \u00e0 apaiser la peau s\u00e8che et qui d\u00e9mange de votre tout-petit pour un soulagement efficace de l'ecz\u00e9ma du b\u00e9b\u00e9 et une hydratation longue dur\u00e9e pendant la nuit. Suffisamment doux pour une utilisation quotidienne sur la peau sensible des b\u00e9b\u00e9s, ce baume\u2026","rel":"","context":"Similar post","block_context":{"text":"Similar post","link":""},"img":{"alt_text":"","src":"","width":0,"height":0},"classes":[]},{"id":30434,"url":"https:\/\/sakaba.mghosteur.com\/en\/product\/gold-bond-diabetic-s-dry-skin-relief\/","url_meta":{"origin":28141,"position":2},"title":"GOLD BOND DIABETIC S DRY SKIN RELIEF","author":"admin","date":"May 11, 2023","format":false,"excerpt":"Nom du Produit : Lait Corporel pour Peau S\u00e8che des Diab\u00e9tiques de Gold Bond Le Lait Corporel pour Peau S\u00e8che des Diab\u00e9tiques de Gold Bond est la marque de lotion num\u00e9ro 1 sp\u00e9cialement con\u00e7ue pour hydrater la peau s\u00e8che des diab\u00e9tiques. Cette lotion procure un soulagement imm\u00e9diat et une hydratation\u2026","rel":"","context":"Similar post","block_context":{"text":"Similar post","link":""},"img":{"alt_text":"","src":"","width":0,"height":0},"classes":[]},{"id":25552,"url":"https:\/\/sakaba.mghosteur.com\/en\/product\/eucerin-eczema-relief-body-cream\/","url_meta":{"origin":28141,"position":3},"title":"EUCERIN ECZEMA RELIEF BODY CREAM","author":"admin","date":"November 14, 2022","format":false,"excerpt":"Cette cr\u00e8me est rapidement absorb\u00e9e et formul\u00e9e uniquement avec les meilleurs ingr\u00e9dients. Enrichie en flocons d'avoine collo\u00efdaux, un protecteur cutan\u00e9 qui soulage les d\u00e9mangeaisons. Enrichie en c\u00e9ramide-3 pour renforcer la barri\u00e8re d'hydratation de la peau afin de garder l'humidit\u00e9 \u00e0 l'int\u00e9rieur et les irritants \u00e0 l'ext\u00e9rieur, et en extrait de\u2026","rel":"","context":"Similar post","block_context":{"text":"Similar post","link":""},"img":{"alt_text":"","src":"","width":0,"height":0},"classes":[]},{"id":29005,"url":"https:\/\/sakaba.mghosteur.com\/en\/product\/1-hydrocortisone-anti-itch-cream\/","url_meta":{"origin":28141,"position":4},"title":"1% HYDROCORTISONE ANTI-ITCH CREAM","author":"admin","date":"March 9, 2023","format":false,"excerpt":"La cr\u00e8me anti-d\u00e9mangeaisons \u00e0 l'hydrocortisone de CeraVe est un traitement efficace pour soulager les d\u00e9mangeaisons caus\u00e9es par l'ecz\u00e9ma, les petites \u00e9ruptions cutan\u00e9es et les piq\u00fbres d'insectes mineures. Sa formule contient 1% d'hydrocortisone, la concentration maximale disponible sans ordonnance, ainsi que trois c\u00e9ramides essentiels pour aider \u00e0 restaurer la barri\u00e8re protectrice\u2026","rel":"","context":"Similar post","block_context":{"text":"Similar post","link":""},"img":{"alt_text":"","src":"","width":0,"height":0},"classes":[]},{"id":34195,"url":"https:\/\/sakaba.mghosteur.com\/en\/product\/first-aid-beauty-ultra-repair-cream-intense-6oz\/","url_meta":{"origin":28141,"position":5},"title":"FIRST AID BEAUTY ULTRA REPAIR CREAM INTENSE 6OZ","author":"admin","date":"May 27, 2024","format":false,"excerpt":"La cr\u00e8me Ultra Repair Intense Hydration est un hydratant prim\u00e9 qui soulage instantan\u00e9ment la peau s\u00e8che et en d\u00e9tresse et l'ecz\u00e9ma. Renforce la barri\u00e8re cutan\u00e9e en seulement 7 jours pour une peau calme et confortable. Formule de cr\u00e8me hydratante riche \u00e0 absorption rapide con\u00e7ue pour le visage et le corps\u2026","rel":"","context":"Similar post","block_context":{"text":"Similar post","link":""},"img":{"alt_text":"","src":"","width":0,"height":0},"classes":[]}],"_links":{"self":[{"href":"https:\/\/sakaba.mghosteur.com\/en\/wp-json\/wp\/v2\/product\/28141","targetHints":{"allow":["GET"]}}],"collection":[{"href":"https:\/\/sakaba.mghosteur.com\/en\/wp-json\/wp\/v2\/product"}],"about":[{"href":"https:\/\/sakaba.mghosteur.com\/en\/wp-json\/wp\/v2\/types\/product"}],"replies":[{"embeddable":true,"href":"https:\/\/sakaba.mghosteur.com\/en\/wp-json\/wp\/v2\/comments?post=28141"}],"version-history":[{"count":0,"href":"https:\/\/sakaba.mghosteur.com\/en\/wp-json\/wp\/v2\/product\/28141\/revisions"}],"wp:attachment":[{"href":"https:\/\/sakaba.mghosteur.com\/en\/wp-json\/wp\/v2\/media?parent=28141"}],"wp:term":[{"taxonomy":"product_brand","embeddable":true,"href":"https:\/\/sakaba.mghosteur.com\/en\/wp-json\/wp\/v2\/product_brand?post=28141"},{"taxonomy":"product_cat","embeddable":true,"href":"https:\/\/sakaba.mghosteur.com\/en\/wp-json\/wp\/v2\/product_cat?post=28141"},{"taxonomy":"product_tag","embeddable":true,"href":"https:\/\/sakaba.mghosteur.com\/en\/wp-json\/wp\/v2\/product_tag?post=28141"}],"curies":[{"name":"wp","href":"https:\/\/api.w.org\/{rel}","templated":true}]}}