{"id":28154,"date":"2022-11-30T09:46:45","date_gmt":"2022-11-30T09:46:45","guid":{"rendered":"http:\/\/www.sakababeauty.com\/?post_type=product&#038;p=28154"},"modified":"2022-11-30T09:46:45","modified_gmt":"2022-11-30T09:46:45","slug":"boar-military-brush-firm-bristles","status":"publish","type":"product","link":"https:\/\/sakaba.mghosteur.com\/en\/product\/boar-military-brush-firm-bristles\/","title":{"rendered":"BOAR MILITARY BRUSH FIRM BRISTLES"},"content":{"rendered":"","protected":false},"excerpt":{"rendered":"","protected":false},"featured_media":0,"comment_status":"closed","ping_status":"closed","template":"","meta":[],"product_brand":[],"product_cat":[284,372,288],"product_tag":[],"class_list":{"0":"post-28154","1":"product","2":"type-product","3":"status-publish","5":"product_cat-aad-cheveux","6":"product_cat-cheveux-homme","7":"product_cat-aaf-homme","9":"first","10":"instock","11":"shipping-taxable","12":"product-type-simple"},"jetpack-related-posts":[{"id":28151,"url":"https:\/\/sakaba.mghosteur.com\/en\/product\/boar-wave-brush\/","url_meta":{"origin":28154,"position":0},"title":"BOAR WAVE BRUSH","author":"admin","date":"November 30, 2022","format":false,"excerpt":"","rel":"","context":"Similar post","block_context":{"text":"Similar post","link":""},"img":{"alt_text":"","src":"","width":0,"height":0},"classes":[]},{"id":31459,"url":"https:\/\/sakaba.mghosteur.com\/en\/product\/laneige-bouncy-firm-sleepling-mask-masque-de-nuit-60ml\/","url_meta":{"origin":28154,"position":1},"title":"LANEIGE BOUNCY &amp; FIRM SLEEPLING MASK MASQUE DE NUIT 60ML","author":"admin","date":"May 10, 2024","format":false,"excerpt":"D\u00e9couvrez le masque de nuit Bouncy & Firm de Laneige, un alli\u00e9 pour r\u00e9v\u00e9ler l'\u00e9clat naturel de votre peau. Ce masque nocturne est sp\u00e9cialement formul\u00e9 pour revitaliser et raffermir votre peau pendant que vous dormez. Enrichi d'un complexe \u00e0 base de pivoine et de collag\u00e8ne\u2122 ainsi que de peptides, il\u2026","rel":"","context":"Similar post","block_context":{"text":"Similar post","link":""},"img":{"alt_text":"","src":"","width":0,"height":0},"classes":[]},{"id":29681,"url":"https:\/\/sakaba.mghosteur.com\/en\/product\/palmers-firm-tones-firming-body-lotion\/","url_meta":{"origin":28154,"position":2},"title":"PALMERS FIRM TONES FIRMING BODY LOTION","author":"admin","date":"April 13, 2023","format":false,"excerpt":"Le lait corporel raffermissant Palmer's est un produit de soin de la peau qui utilise du beurre de cacao naturel, du collag\u00e8ne, de l'\u00e9lastine, du Q10 et de la vitamine E pour tonifier et raffermir visiblement la peau. Ce produit offre 48 heures d'humidit\u00e9 et est respectueux des v\u00e9g\u00e9taliens, sans\u2026","rel":"","context":"Similar post","block_context":{"text":"Similar post","link":""},"img":{"alt_text":"","src":"","width":0,"height":0},"classes":[]},{"id":33715,"url":"https:\/\/sakaba.mghosteur.com\/en\/product\/mac-brush-140s\/","url_meta":{"origin":28154,"position":3},"title":"MAC BRUSH 140S","author":"admin","date":"May 22, 2024","format":false,"excerpt":"","rel":"","context":"Similar post","block_context":{"text":"Similar post","link":""},"img":{"alt_text":"","src":"","width":0,"height":0},"classes":[]},{"id":33718,"url":"https:\/\/sakaba.mghosteur.com\/en\/product\/mac-brush-196\/","url_meta":{"origin":28154,"position":4},"title":"MAC BRUSH 196","author":"admin","date":"May 22, 2024","format":false,"excerpt":"","rel":"","context":"Similar post","block_context":{"text":"Similar post","link":""},"img":{"alt_text":"","src":"","width":0,"height":0},"classes":[]},{"id":24097,"url":"https:\/\/sakaba.mghosteur.com\/en\/product\/olay-regenerist-facial-cleansing-brush\/","url_meta":{"origin":28154,"position":5},"title":"Olay Regenerist Facial Cleansing Brush","author":"admin","date":"November 9, 2022","format":false,"excerpt":"","rel":"","context":"Similar post","block_context":{"text":"Similar post","link":""},"img":{"alt_text":"","src":"","width":0,"height":0},"classes":[]}],"_links":{"self":[{"href":"https:\/\/sakaba.mghosteur.com\/en\/wp-json\/wp\/v2\/product\/28154","targetHints":{"allow":["GET"]}}],"collection":[{"href":"https:\/\/sakaba.mghosteur.com\/en\/wp-json\/wp\/v2\/product"}],"about":[{"href":"https:\/\/sakaba.mghosteur.com\/en\/wp-json\/wp\/v2\/types\/product"}],"replies":[{"embeddable":true,"href":"https:\/\/sakaba.mghosteur.com\/en\/wp-json\/wp\/v2\/comments?post=28154"}],"version-history":[{"count":0,"href":"https:\/\/sakaba.mghosteur.com\/en\/wp-json\/wp\/v2\/product\/28154\/revisions"}],"wp:attachment":[{"href":"https:\/\/sakaba.mghosteur.com\/en\/wp-json\/wp\/v2\/media?parent=28154"}],"wp:term":[{"taxonomy":"product_brand","embeddable":true,"href":"https:\/\/sakaba.mghosteur.com\/en\/wp-json\/wp\/v2\/product_brand?post=28154"},{"taxonomy":"product_cat","embeddable":true,"href":"https:\/\/sakaba.mghosteur.com\/en\/wp-json\/wp\/v2\/product_cat?post=28154"},{"taxonomy":"product_tag","embeddable":true,"href":"https:\/\/sakaba.mghosteur.com\/en\/wp-json\/wp\/v2\/product_tag?post=28154"}],"curies":[{"name":"wp","href":"https:\/\/api.w.org\/{rel}","templated":true}]}}