{"id":28157,"date":"2022-11-30T09:52:58","date_gmt":"2022-11-30T09:52:58","guid":{"rendered":"http:\/\/www.sakababeauty.com\/?post_type=product&#038;p=28157"},"modified":"2022-11-30T09:52:59","modified_gmt":"2022-11-30T09:52:59","slug":"pro-performance-100-whey","status":"publish","type":"product","link":"https:\/\/sakaba.mghosteur.com\/en\/product\/pro-performance-100-whey\/","title":{"rendered":"PRO PERFORMANCE 100% WHEY"},"content":{"rendered":"","protected":false},"excerpt":{"rendered":"","protected":false},"featured_media":0,"comment_status":"closed","ping_status":"closed","template":"","meta":[],"product_brand":[],"product_cat":[288,381],"product_tag":[],"class_list":{"0":"post-28157","1":"product","2":"type-product","3":"status-publish","5":"product_cat-aaf-homme","6":"product_cat-vitamine-et-complements","8":"first","9":"instock","10":"shipping-taxable","11":"product-type-simple"},"jetpack-related-posts":[{"id":28160,"url":"https:\/\/sakaba.mghosteur.com\/en\/product\/pro-performance-bulk1340\/","url_meta":{"origin":28157,"position":0},"title":"PRO PERFORMANCE BULK1340","author":"admin","date":"November 30, 2022","format":false,"excerpt":"","rel":"","context":"Similar post","block_context":{"text":"Similar post","link":""},"img":{"alt_text":"","src":"","width":0,"height":0},"classes":[]},{"id":31538,"url":"https:\/\/sakaba.mghosteur.com\/en\/product\/vaseline-gluta-hya-flawless-glow-serum-in-lotion-200ml\/","url_meta":{"origin":28157,"position":1},"title":"VASELINE GLUTA HYA FLAWLESS GLOW SERUM IN LOTION  200ml","author":"admin","date":"May 10, 2024","format":false,"excerpt":"VASELINE GLUTA-HYA SERUM BURST LOTION FLAWLESS BRIGHT D\u00e9tails: Propuls\u00e9 par la technologie GlutaGlow, qui est 10 fois plus puissante que la vitamine C+. Le 10X Pro-R\u00e9tinol* est r\u00e9put\u00e9 pour son aide \u00e0 exfolier les cellules mortes de la peau, favorisant ainsi une peau unifi\u00e9e. Avantages: La technologie GlutaGlow, 10 fois\u2026","rel":"","context":"Similar post","block_context":{"text":"Similar post","link":""},"img":{"alt_text":"","src":"","width":0,"height":0},"classes":[]},{"id":24808,"url":"https:\/\/sakaba.mghosteur.com\/en\/product\/eos-100-natural-shea-lip-balm-sweet-mint\/","url_meta":{"origin":28157,"position":2},"title":"EOS 100% Natural Shea Lip Balm Sweet Mint","author":"admin","date":"November 11, 2022","format":false,"excerpt":"Le baume \u00e0 l\u00e8vres EOS 100 % naturel au karit\u00e9 et \u00e0 la menthe douce est un baume \u00e0 l\u00e8vres 100 % naturel et biologique certifi\u00e9 USDA. Il contient du beurre de karit\u00e9 et de l'huile de jojoba pour garder les l\u00e8vres hydrat\u00e9es et lisses. Il contient \u00e9galement de la\u2026","rel":"","context":"Similar post","block_context":{"text":"Similar post","link":""},"img":{"alt_text":"","src":"","width":0,"height":0},"classes":[]},{"id":24988,"url":"https:\/\/sakaba.mghosteur.com\/en\/product\/excedrin-extra-strength-100-caplets\/","url_meta":{"origin":28157,"position":3},"title":"EXCEDRIN EXTRA STRENGTH 100 CAPLETS","author":"admin","date":"November 11, 2022","format":false,"excerpt":"","rel":"","context":"Similar post","block_context":{"text":"Similar post","link":""},"img":{"alt_text":"","src":"","width":0,"height":0},"classes":[]},{"id":27493,"url":"https:\/\/sakaba.mghosteur.com\/en\/product\/the-ordinary-100-plant-derived-squalane\/","url_meta":{"origin":28157,"position":4},"title":"The Ordinary 100% PLANT-DERIVED SQUALANE","author":"admin","date":"November 29, 2022","format":false,"excerpt":"Le squalane 100 % d'origine v\u00e9g\u00e9tale de la marque The Ordinary est un produit hydratant naturel pour la peau et les cheveux. Il contient du squalane d\u00e9riv\u00e9 de la canne \u00e0 sucre, qui est un hydratant naturel pr\u00e9sent dans la peau. Cette formule non com\u00e9dog\u00e8ne soutient la barri\u00e8re d'hydratation naturelle\u2026","rel":"","context":"Similar post","block_context":{"text":"Similar post","link":""},"img":{"alt_text":"","src":"","width":0,"height":0},"classes":[]},{"id":27441,"url":"https:\/\/sakaba.mghosteur.com\/en\/product\/the-inkey-niacinamide\/","url_meta":{"origin":28157,"position":5},"title":"THE INKEY NIACINAMIDE","author":"admin","date":"November 29, 2022","format":false,"excerpt":"Compos\u00e9 de 10 % de niacinamide et de 1 % d'acide hyaluronique, le s\u00e9rum \u00e0 la niacinamide de The INKEY List minimise l'apparence des pores et des imperfections. La vitamine B3 naturelle, la niacinamide, est connue pour sa capacit\u00e9 \u00e0 contr\u00f4ler l'apparence du s\u00e9bum et de la pigmentation, id\u00e9ale pour\u2026","rel":"","context":"Similar post","block_context":{"text":"Similar post","link":""},"img":{"alt_text":"","src":"","width":0,"height":0},"classes":[]}],"_links":{"self":[{"href":"https:\/\/sakaba.mghosteur.com\/en\/wp-json\/wp\/v2\/product\/28157","targetHints":{"allow":["GET"]}}],"collection":[{"href":"https:\/\/sakaba.mghosteur.com\/en\/wp-json\/wp\/v2\/product"}],"about":[{"href":"https:\/\/sakaba.mghosteur.com\/en\/wp-json\/wp\/v2\/types\/product"}],"replies":[{"embeddable":true,"href":"https:\/\/sakaba.mghosteur.com\/en\/wp-json\/wp\/v2\/comments?post=28157"}],"version-history":[{"count":0,"href":"https:\/\/sakaba.mghosteur.com\/en\/wp-json\/wp\/v2\/product\/28157\/revisions"}],"wp:attachment":[{"href":"https:\/\/sakaba.mghosteur.com\/en\/wp-json\/wp\/v2\/media?parent=28157"}],"wp:term":[{"taxonomy":"product_brand","embeddable":true,"href":"https:\/\/sakaba.mghosteur.com\/en\/wp-json\/wp\/v2\/product_brand?post=28157"},{"taxonomy":"product_cat","embeddable":true,"href":"https:\/\/sakaba.mghosteur.com\/en\/wp-json\/wp\/v2\/product_cat?post=28157"},{"taxonomy":"product_tag","embeddable":true,"href":"https:\/\/sakaba.mghosteur.com\/en\/wp-json\/wp\/v2\/product_tag?post=28157"}],"curies":[{"name":"wp","href":"https:\/\/api.w.org\/{rel}","templated":true}]}}