{"id":28160,"date":"2022-11-30T09:54:17","date_gmt":"2022-11-30T09:54:17","guid":{"rendered":"http:\/\/www.sakababeauty.com\/?post_type=product&#038;p=28160"},"modified":"2022-11-30T09:54:18","modified_gmt":"2022-11-30T09:54:18","slug":"pro-performance-bulk1340","status":"publish","type":"product","link":"https:\/\/sakaba.mghosteur.com\/en\/product\/pro-performance-bulk1340\/","title":{"rendered":"PRO PERFORMANCE BULK1340"},"content":{"rendered":"","protected":false},"excerpt":{"rendered":"","protected":false},"featured_media":0,"comment_status":"closed","ping_status":"closed","template":"","meta":[],"product_brand":[],"product_cat":[288,381],"product_tag":[],"class_list":{"0":"post-28160","1":"product","2":"type-product","3":"status-publish","5":"product_cat-aaf-homme","6":"product_cat-vitamine-et-complements","8":"first","9":"instock","10":"shipping-taxable","11":"product-type-simple"},"jetpack-related-posts":[{"id":28157,"url":"https:\/\/sakaba.mghosteur.com\/en\/product\/pro-performance-100-whey\/","url_meta":{"origin":28160,"position":0},"title":"PRO PERFORMANCE 100% WHEY","author":"admin","date":"November 30, 2022","format":false,"excerpt":"","rel":"","context":"Similar post","block_context":{"text":"Similar post","link":""},"img":{"alt_text":"","src":"","width":0,"height":0},"classes":[]},{"id":31538,"url":"https:\/\/sakaba.mghosteur.com\/en\/product\/vaseline-gluta-hya-flawless-glow-serum-in-lotion-200ml\/","url_meta":{"origin":28160,"position":1},"title":"VASELINE GLUTA HYA FLAWLESS GLOW SERUM IN LOTION  200ml","author":"admin","date":"May 10, 2024","format":false,"excerpt":"VASELINE GLUTA-HYA SERUM BURST LOTION FLAWLESS BRIGHT D\u00e9tails: Propuls\u00e9 par la technologie GlutaGlow, qui est 10 fois plus puissante que la vitamine C+. Le 10X Pro-R\u00e9tinol* est r\u00e9put\u00e9 pour son aide \u00e0 exfolier les cellules mortes de la peau, favorisant ainsi une peau unifi\u00e9e. Avantages: La technologie GlutaGlow, 10 fois\u2026","rel":"","context":"Similar post","block_context":{"text":"Similar post","link":""},"img":{"alt_text":"","src":"","width":0,"height":0},"classes":[]},{"id":27441,"url":"https:\/\/sakaba.mghosteur.com\/en\/product\/the-inkey-niacinamide\/","url_meta":{"origin":28160,"position":2},"title":"THE INKEY NIACINAMIDE","author":"admin","date":"November 29, 2022","format":false,"excerpt":"Compos\u00e9 de 10 % de niacinamide et de 1 % d'acide hyaluronique, le s\u00e9rum \u00e0 la niacinamide de The INKEY List minimise l'apparence des pores et des imperfections. La vitamine B3 naturelle, la niacinamide, est connue pour sa capacit\u00e9 \u00e0 contr\u00f4ler l'apparence du s\u00e9bum et de la pigmentation, id\u00e9ale pour\u2026","rel":"","context":"Similar post","block_context":{"text":"Similar post","link":""},"img":{"alt_text":"","src":"","width":0,"height":0},"classes":[]},{"id":31705,"url":"https:\/\/sakaba.mghosteur.com\/en\/product\/byoma-brightening-body-wash-500ml\/","url_meta":{"origin":28160,"position":3},"title":"BYOMA BRIGHTENING BODY WASH 500ML","author":"admin","date":"May 10, 2024","format":false,"excerpt":"D\u00e9couvrez ce Gel Douche \u00c9claircissant, un alli\u00e9 de choix pour illuminer et \u00e9quilibrer votre peau. Avec sa contenance g\u00e9n\u00e9reuse de 500 ml, ce nettoyant corporel offre une exp\u00e9rience luxueuse et efficace. Sa formule sp\u00e9ciale agit pour r\u00e9duire le teint terne, offrant ainsi des bienfaits \u00e9claircissants remarquables. D\u00e8s la premi\u00e8re utilisation,\u2026","rel":"","context":"Similar post","block_context":{"text":"Similar post","link":""},"img":{"alt_text":"","src":"","width":0,"height":0},"classes":[]},{"id":23965,"url":"https:\/\/sakaba.mghosteur.com\/en\/product\/cerave-skin-renewing-vitamin-c-serum\/","url_meta":{"origin":28160,"position":4},"title":"CERAVE SKIN RENEWING VITAMIN C SERUM","author":"admin","date":"November 9, 2022","format":false,"excerpt":"Le s\u00e9rum \u00e0 la vitamine C r\u00e9g\u00e9n\u00e9rant pour la peau de CeraVe est un v\u00e9ritable alli\u00e9 pour votre peau. Enrichi en 10% de vitamine C pure, ce s\u00e9rum antioxydant \u00e9claircit visiblement le teint et am\u00e9liore l'apparence des ridules, des taches brunes et du teint irr\u00e9gulier. Formul\u00e9 avec trois c\u00e9ramides essentiels,\u2026","rel":"","context":"Similar post","block_context":{"text":"Similar post","link":""},"img":{"alt_text":"","src":"","width":0,"height":0},"classes":[]},{"id":30175,"url":"https:\/\/sakaba.mghosteur.com\/en\/product\/vital-proteins-collagene-a-boire-complement-alimentaire-peptides-de-collagene-hydrolyses-non-aromatise\/","url_meta":{"origin":28160,"position":5},"title":"Vital Proteins, Collag\u00e8ne \u00e0 boire, Compl\u00e9ment Alimentaire, Peptides de Collag\u00e8ne Hydrolys\u00e9s, Non Aromatis\u00e9","author":"admin","date":"May 3, 2023","format":false,"excerpt":"Qu'est-ce que le collag\u00e8ne ? Le collag\u00e8ne est la prot\u00e9ine la plus pr\u00e9sente dans le corps, il contribue \u00e0 maintenir l'\u00e9lasticit\u00e9 de la peau, \u00e0 r\u00e9duire les signes de fatigue li\u00e9s \u00e0 l'\u00e2ge, \u00e0 fortifier les cheveux. Notre synth\u00e8se de collag\u00e8ne diminue avec l'\u00e2ge, c'est pourquoi il est important d'ajouter\u2026","rel":"","context":"Similar post","block_context":{"text":"Similar post","link":""},"img":{"alt_text":"","src":"","width":0,"height":0},"classes":[]}],"_links":{"self":[{"href":"https:\/\/sakaba.mghosteur.com\/en\/wp-json\/wp\/v2\/product\/28160","targetHints":{"allow":["GET"]}}],"collection":[{"href":"https:\/\/sakaba.mghosteur.com\/en\/wp-json\/wp\/v2\/product"}],"about":[{"href":"https:\/\/sakaba.mghosteur.com\/en\/wp-json\/wp\/v2\/types\/product"}],"replies":[{"embeddable":true,"href":"https:\/\/sakaba.mghosteur.com\/en\/wp-json\/wp\/v2\/comments?post=28160"}],"version-history":[{"count":0,"href":"https:\/\/sakaba.mghosteur.com\/en\/wp-json\/wp\/v2\/product\/28160\/revisions"}],"wp:attachment":[{"href":"https:\/\/sakaba.mghosteur.com\/en\/wp-json\/wp\/v2\/media?parent=28160"}],"wp:term":[{"taxonomy":"product_brand","embeddable":true,"href":"https:\/\/sakaba.mghosteur.com\/en\/wp-json\/wp\/v2\/product_brand?post=28160"},{"taxonomy":"product_cat","embeddable":true,"href":"https:\/\/sakaba.mghosteur.com\/en\/wp-json\/wp\/v2\/product_cat?post=28160"},{"taxonomy":"product_tag","embeddable":true,"href":"https:\/\/sakaba.mghosteur.com\/en\/wp-json\/wp\/v2\/product_tag?post=28160"}],"curies":[{"name":"wp","href":"https:\/\/api.w.org\/{rel}","templated":true}]}}