{"id":28177,"date":"2022-11-30T10:03:02","date_gmt":"2022-11-30T10:03:02","guid":{"rendered":"http:\/\/www.sakababeauty.com\/?post_type=product&#038;p=28177"},"modified":"2022-11-30T10:03:02","modified_gmt":"2022-11-30T10:03:02","slug":"coach-new-york-coffret","status":"publish","type":"product","link":"https:\/\/sakaba.mghosteur.com\/en\/product\/coach-new-york-coffret\/","title":{"rendered":"COACH NEW YORK COFFRET"},"content":{"rendered":"","protected":false},"excerpt":{"rendered":"","protected":false},"featured_media":0,"comment_status":"closed","ping_status":"closed","template":"","meta":[],"product_brand":[],"product_cat":[288,375,283],"product_tag":[],"class_list":{"0":"post-28177","1":"product","2":"type-product","3":"status-publish","5":"product_cat-aaf-homme","6":"product_cat-parfum-homme","7":"product_cat-aah-parfums","9":"first","10":"instock","11":"shipping-taxable","12":"product-type-simple"},"jetpack-related-posts":[{"id":26326,"url":"https:\/\/sakaba.mghosteur.com\/en\/product\/new-york-fair-lovely-exfoliating-soap\/","url_meta":{"origin":28177,"position":0},"title":"NEW YORK FAIR &#038; LOVELY EXFOLIATING SOAP","author":"admin","date":"November 24, 2022","format":false,"excerpt":"","rel":"","context":"Similar post","block_context":{"text":"Similar post","link":""},"img":{"alt_text":"","src":"","width":0,"height":0},"classes":[]},{"id":26199,"url":"https:\/\/sakaba.mghosteur.com\/en\/product\/new-york-bright-lovely-lightening-serum-with-vitamin-c\/","url_meta":{"origin":28177,"position":1},"title":"NEW YORK BRIGHT &#038; LOVELY LIGHTENING SERUM WITH VITAMIN C","author":"admin","date":"November 24, 2022","format":false,"excerpt":"","rel":"","context":"Similar post","block_context":{"text":"Similar post","link":""},"img":{"alt_text":"","src":"","width":0,"height":0},"classes":[]},{"id":26175,"url":"https:\/\/sakaba.mghosteur.com\/en\/product\/new-york-bright-lovely-lightening-lotion-with-vitaminchyaluronic-acid\/","url_meta":{"origin":28177,"position":2},"title":"NEW YORK BRIGHT &#038; LOVELY LIGHTENING LOTION WITH VITAMINC+HYALURONIC ACID","author":"admin","date":"November 24, 2022","format":false,"excerpt":"","rel":"","context":"Similar post","block_context":{"text":"Similar post","link":""},"img":{"alt_text":"","src":"","width":0,"height":0},"classes":[]},{"id":27769,"url":"https:\/\/sakaba.mghosteur.com\/en\/product\/brightening-solution-coffret\/","url_meta":{"origin":28177,"position":3},"title":"BRIGHTENING SOLUTION COFFRET","author":"admin","date":"November 29, 2022","format":false,"excerpt":"Le coffret solution \u00e9claircissante Vinoperfect de Caudalie est un coffret de trois produits qui associe des produits \u00e9claircissants pour apporter un \u00e9clat radieux \u00e0 votre peau. Le kit est \u00e0 base de vinif\u00e9rine, un ingr\u00e9dient exclusif \u00e0 Caudalie qui poss\u00e8de un pouvoir \u00e9claircissant 62 fois sup\u00e9rieur \u00e0 celui de la\u2026","rel":"","context":"Similar post","block_context":{"text":"Similar post","link":""},"img":{"alt_text":"","src":"","width":0,"height":0},"classes":[]},{"id":27151,"url":"https:\/\/sakaba.mghosteur.com\/en\/product\/fresh-coffret\/","url_meta":{"origin":28177,"position":4},"title":"FRESH COFFRET","author":"admin","date":"November 29, 2022","format":false,"excerpt":"","rel":"","context":"Similar post","block_context":{"text":"Similar post","link":""},"img":{"alt_text":"","src":"","width":0,"height":0},"classes":[]},{"id":28173,"url":"https:\/\/sakaba.mghosteur.com\/en\/product\/givenchy-coffret-parfum\/","url_meta":{"origin":28177,"position":5},"title":"GIVENCHY COFFRET PARFUM","author":"admin","date":"November 30, 2022","format":false,"excerpt":"","rel":"","context":"Similar post","block_context":{"text":"Similar post","link":""},"img":{"alt_text":"","src":"","width":0,"height":0},"classes":[]}],"_links":{"self":[{"href":"https:\/\/sakaba.mghosteur.com\/en\/wp-json\/wp\/v2\/product\/28177","targetHints":{"allow":["GET"]}}],"collection":[{"href":"https:\/\/sakaba.mghosteur.com\/en\/wp-json\/wp\/v2\/product"}],"about":[{"href":"https:\/\/sakaba.mghosteur.com\/en\/wp-json\/wp\/v2\/types\/product"}],"replies":[{"embeddable":true,"href":"https:\/\/sakaba.mghosteur.com\/en\/wp-json\/wp\/v2\/comments?post=28177"}],"version-history":[{"count":0,"href":"https:\/\/sakaba.mghosteur.com\/en\/wp-json\/wp\/v2\/product\/28177\/revisions"}],"wp:attachment":[{"href":"https:\/\/sakaba.mghosteur.com\/en\/wp-json\/wp\/v2\/media?parent=28177"}],"wp:term":[{"taxonomy":"product_brand","embeddable":true,"href":"https:\/\/sakaba.mghosteur.com\/en\/wp-json\/wp\/v2\/product_brand?post=28177"},{"taxonomy":"product_cat","embeddable":true,"href":"https:\/\/sakaba.mghosteur.com\/en\/wp-json\/wp\/v2\/product_cat?post=28177"},{"taxonomy":"product_tag","embeddable":true,"href":"https:\/\/sakaba.mghosteur.com\/en\/wp-json\/wp\/v2\/product_tag?post=28177"}],"curies":[{"name":"wp","href":"https:\/\/api.w.org\/{rel}","templated":true}]}}