{"id":28191,"date":"2022-11-30T10:07:42","date_gmt":"2022-11-30T10:07:42","guid":{"rendered":"http:\/\/www.sakababeauty.com\/?post_type=product&#038;p=28191"},"modified":"2022-11-30T10:07:42","modified_gmt":"2022-11-30T10:07:42","slug":"guess-seduction-homme","status":"publish","type":"product","link":"https:\/\/sakaba.mghosteur.com\/en\/product\/guess-seduction-homme\/","title":{"rendered":"GUESS SEDUCTION HOMME"},"content":{"rendered":"","protected":false},"excerpt":{"rendered":"","protected":false},"featured_media":0,"comment_status":"closed","ping_status":"closed","template":"","meta":[],"product_brand":[],"product_cat":[288,375,283],"product_tag":[],"class_list":{"0":"post-28191","1":"product","2":"type-product","3":"status-publish","5":"product_cat-aaf-homme","6":"product_cat-parfum-homme","7":"product_cat-aah-parfums","9":"first","10":"instock","11":"shipping-taxable","12":"product-type-simple"},"jetpack-related-posts":[{"id":23442,"url":"https:\/\/sakaba.mghosteur.com\/en\/product\/victoria-secret-bombshell-seduction-eau-de-parfum\/","url_meta":{"origin":28191,"position":0},"title":"Victoria Secret Bombshell seduction Eau de Parfum","author":"admin","date":"October 27, 2022","format":false,"excerpt":"","rel":"","context":"Similar post","block_context":{"text":"Similar post","link":""},"img":{"alt_text":"","src":"","width":0,"height":0},"classes":[]},{"id":28393,"url":"https:\/\/sakaba.mghosteur.com\/en\/product\/vince-camuto-homme-coffret-eau-de-toilette-spray\/","url_meta":{"origin":28191,"position":1},"title":"VINCE CAMUTO HOMME COFFRET EAU DE TOILETTE SPRAY","author":"admin","date":"November 30, 2022","format":false,"excerpt":"","rel":"","context":"Similar post","block_context":{"text":"Similar post","link":""},"img":{"alt_text":"","src":"","width":0,"height":0},"classes":[]},{"id":32380,"url":"https:\/\/sakaba.mghosteur.com\/en\/product\/sheamoisture-moisturizing-shampoo\/","url_meta":{"origin":28191,"position":2},"title":"SheaMoisture MOISTURIZING SHAMPOO","author":"admin","date":"May 14, 2024","format":false,"excerpt":"Le Shampooing Hydratant SheaMoisture pour Hommes est sp\u00e9cialement con\u00e7u pour prendre soin des cheveux masculins et restaure d\u00e9licatement l'hydratation des cheveux secs. Fabriqu\u00e9 avec des ingr\u00e9dients naturels comme le beurre de karit\u00e9 brut \u00e9quitable et l'huile de Mafura, ce shampooing pour hommes transforme les cheveux secs en cheveux sains. Profitez\u2026","rel":"","context":"Similar post","block_context":{"text":"Similar post","link":""},"img":{"alt_text":"","src":"","width":0,"height":0},"classes":[]},{"id":26772,"url":"https:\/\/sakaba.mghosteur.com\/en\/product\/irish-spring-5-in-one\/","url_meta":{"origin":28191,"position":3},"title":"Irish spring 5 in one","author":"admin","date":"November 28, 2022","format":false,"excerpt":"","rel":"","context":"Similar post","block_context":{"text":"Similar post","link":""},"img":{"alt_text":"","src":"","width":0,"height":0},"classes":[]},{"id":33048,"url":"https:\/\/sakaba.mghosteur.com\/en\/product\/dove-men-care-cool-fresh\/","url_meta":{"origin":28191,"position":4},"title":"DOVE MEN CARE COOL FRESH","author":"admin","date":"May 17, 2024","format":false,"excerpt":"Offrez \u00e0 vos aisselles une fra\u00eecheur longue dur\u00e9e et une protection de 72 heures contre la transpiration et les odeurs avec ce antisudorifique en spray sec pour hommes.","rel":"","context":"Similar post","block_context":{"text":"Similar post","link":""},"img":{"alt_text":"","src":"","width":0,"height":0},"classes":[]},{"id":28151,"url":"https:\/\/sakaba.mghosteur.com\/en\/product\/boar-wave-brush\/","url_meta":{"origin":28191,"position":5},"title":"BOAR WAVE BRUSH","author":"admin","date":"November 30, 2022","format":false,"excerpt":"","rel":"","context":"Similar post","block_context":{"text":"Similar post","link":""},"img":{"alt_text":"","src":"","width":0,"height":0},"classes":[]}],"_links":{"self":[{"href":"https:\/\/sakaba.mghosteur.com\/en\/wp-json\/wp\/v2\/product\/28191","targetHints":{"allow":["GET"]}}],"collection":[{"href":"https:\/\/sakaba.mghosteur.com\/en\/wp-json\/wp\/v2\/product"}],"about":[{"href":"https:\/\/sakaba.mghosteur.com\/en\/wp-json\/wp\/v2\/types\/product"}],"replies":[{"embeddable":true,"href":"https:\/\/sakaba.mghosteur.com\/en\/wp-json\/wp\/v2\/comments?post=28191"}],"version-history":[{"count":0,"href":"https:\/\/sakaba.mghosteur.com\/en\/wp-json\/wp\/v2\/product\/28191\/revisions"}],"wp:attachment":[{"href":"https:\/\/sakaba.mghosteur.com\/en\/wp-json\/wp\/v2\/media?parent=28191"}],"wp:term":[{"taxonomy":"product_brand","embeddable":true,"href":"https:\/\/sakaba.mghosteur.com\/en\/wp-json\/wp\/v2\/product_brand?post=28191"},{"taxonomy":"product_cat","embeddable":true,"href":"https:\/\/sakaba.mghosteur.com\/en\/wp-json\/wp\/v2\/product_cat?post=28191"},{"taxonomy":"product_tag","embeddable":true,"href":"https:\/\/sakaba.mghosteur.com\/en\/wp-json\/wp\/v2\/product_tag?post=28191"}],"curies":[{"name":"wp","href":"https:\/\/api.w.org\/{rel}","templated":true}]}}